{"id":4365,"date":"2024-10-21T20:32:26","date_gmt":"2024-10-21T17:32:26","guid":{"rendered":"https:\/\/faberpet.ro\/stage\/produs\/jucarie-minge-tenis-cu-sfoara-7-cm\/"},"modified":"2025-08-01T13:28:03","modified_gmt":"2025-08-01T11:28:03","slug":"jucarie-minge-tenis-cu-sfoara-7-cm","status":"publish","type":"product","link":"https:\/\/faberpet.ro\/stage\/produs\/jucarie-minge-tenis-cu-sfoara-7-cm\/","title":{"rendered":"Jucarie minge tenis cu sfoara 7 cm"},"content":{"rendered":"<p>Combina\u021bia minge plus sfoar\u0103 nu poate rezulta dec\u00e2t un produs pe care animalul de companie \u00eel va \u00eendr\u0103gi din primul moment;Confec\u021bionat\u0103 din cauciuc natural de 7 cm plus sfoar\u0103 de 50 cm prevazut\u0103 la cap\u0103t cu maner pentru o desf\u0103\u0219urare mai bun\u0103 \u00een timpul jocului;Stimuleaz\u0103 interesul animalului; C\u00e2inilor le place s\u0103 alerge, s\u0103 prind\u0103 \u0219i s\u0103 aduc\u0103 juc\u0103riile. Juc\u0103ria este recomandat\u0103 tuturor c\u00e2inilor activi \u0219i dornici de exerci\u021bii \u00een aer liber;U\u0219or de igienizat. Diametru minge: 7 cm;Lungime sfoar\u0103: 50 cm;Aten\u021bie! Ca \u00een cazul oric\u0103rui alt produs, este important s\u0103 v\u0103 supraveghea\u021bi animalul de companie \u00een timpul jocului. Verifica\u021bi produsul \u00een mod regulat \u0219i \u00eenlocui\u021bi- l \u00een cazul \u00een care este deteriorat sau \u00eei lipsesc piese pentru a evita o eventual\u0103 r\u0103nire a animalului de companie.<\/p>\n","protected":false},"excerpt":{"rendered":"<p>Combina\u021bia minge plus sfoar\u0103 nu poate rezulta dec\u00e2t un produs pe care animalul de companie \u00eel va \u00eendr\u0103gi din primul moment;Confec\u021bionat\u0103 din cauciuc natural de 7 cm plus sfoar\u0103 de 50 cm prevazut\u0103 la cap\u0103t cu maner pentru o desf\u0103\u0219urare mai bun\u0103 \u00een timpul jocului;Stimuleaz\u0103 interesul animalului; C\u00e2inilor le place s\u0103 alerge, s\u0103 prind\u0103 \u0219i [&hellip;]<\/p>\n","protected":false},"featured_media":9351,"template":"","meta":[],"product_brand":[],"product_cat":[168,1109,1127],"product_tag":[1139,1138,1140],"class_list":{"0":"post-4365","1":"product","2":"type-product","3":"status-publish","4":"has-post-thumbnail","6":"product_cat-caini","7":"product_cat-jucarii","8":"product_cat-jucarii-sfoara","9":"product_tag-jucarie-minge-tenis","10":"product_tag-jucarii-minge","11":"product_tag-tenis-cu-sfoara","13":"first","14":"instock","15":"shipping-taxable","16":"purchasable","17":"product-type-simple"},"_links":{"self":[{"href":"https:\/\/faberpet.ro\/stage\/wp-json\/wp\/v2\/product\/4365","targetHints":{"allow":["GET"]}}],"collection":[{"href":"https:\/\/faberpet.ro\/stage\/wp-json\/wp\/v2\/product"}],"about":[{"href":"https:\/\/faberpet.ro\/stage\/wp-json\/wp\/v2\/types\/product"}],"wp:featuredmedia":[{"embeddable":true,"href":"https:\/\/faberpet.ro\/stage\/wp-json\/wp\/v2\/media\/9351"}],"wp:attachment":[{"href":"https:\/\/faberpet.ro\/stage\/wp-json\/wp\/v2\/media?parent=4365"}],"wp:term":[{"taxonomy":"product_brand","embeddable":true,"href":"https:\/\/faberpet.ro\/stage\/wp-json\/wp\/v2\/product_brand?post=4365"},{"taxonomy":"product_cat","embeddable":true,"href":"https:\/\/faberpet.ro\/stage\/wp-json\/wp\/v2\/product_cat?post=4365"},{"taxonomy":"product_tag","embeddable":true,"href":"https:\/\/faberpet.ro\/stage\/wp-json\/wp\/v2\/product_tag?post=4365"}],"curies":[{"name":"wp","href":"https:\/\/api.w.org\/{rel}","templated":true}]}}