{"id":4368,"date":"2024-10-21T20:32:26","date_gmt":"2024-10-21T17:32:26","guid":{"rendered":"https:\/\/faberpet.ro\/stage\/produs\/jucarie-minge-transparenta-cu-clopotel-7-cm\/"},"modified":"2025-08-01T13:34:20","modified_gmt":"2025-08-01T11:34:20","slug":"jucarie-minge-transparenta-cu-clopotel-7-cm","status":"publish","type":"product","link":"https:\/\/faberpet.ro\/stage\/produs\/jucarie-minge-transparenta-cu-clopotel-7-cm\/","title":{"rendered":"Jucarie minge transparenta cu clopotel 7 cm"},"content":{"rendered":"<p>Juc\u0103ria este confec\u0163ionat\u0103 din cauciuc, material ce foarte rezistent la intemperii \u015fi durabil. Acest material u\u015for elastic \u015fi non- toxic, este deosebit de prietenos cu din\u0163ii c\u00e2inelui dumneavoastr\u0103. Juc\u0103ria le ofer\u0103 c\u00e2inelui o ocupa\u021bie, fiind \u0219i un obiect de ros, \u00een acela\u0219i timp. Clopo\u021belul \u00een interiorul mingii d\u0103 sunetul potrivit pentru juc\u0103rie. C\u00e2inilor le place s\u0103 alerge, s\u0103 prind\u0103 \u0219i s\u0103 aduc\u0103 juc\u0103riile. Potrivit\u0103 pentru toate v\u00e2rstele, de la c\u0103\u0163elu\u015fi la seniori. U\u0219or de igienizat. Diametru: 7 cm. IMPORTANT: Acest produs este disponibil \u00een diverse culori, a\u0219adar nu putem garanta livrarea unei anumite culori.<\/p>\n","protected":false},"excerpt":{"rendered":"<p>Juc\u0103ria este confec\u0163ionat\u0103 din cauciuc, material ce foarte rezistent la intemperii \u015fi durabil. Acest material u\u015for elastic \u015fi non- toxic, este deosebit de prietenos cu din\u0163ii c\u00e2inelui dumneavoastr\u0103. Juc\u0103ria le ofer\u0103 c\u00e2inelui o ocupa\u021bie, fiind \u0219i un obiect de ros, \u00een acela\u0219i timp. Clopo\u021belul \u00een interiorul mingii d\u0103 sunetul potrivit pentru juc\u0103rie. C\u00e2inilor le place [&hellip;]<\/p>\n","protected":false},"featured_media":10913,"template":"","meta":[],"product_brand":[],"product_cat":[168,1109,1110],"product_tag":[1126,1142,1120],"class_list":{"0":"post-4368","1":"product","2":"type-product","3":"status-publish","4":"has-post-thumbnail","6":"product_cat-caini","7":"product_cat-jucarii","8":"product_cat-jucarii-minge","9":"product_tag-jucarie-caine","10":"product_tag-jucarie-cu-clopotel","11":"product_tag-jucarie-minge","13":"first","14":"instock","15":"shipping-taxable","16":"purchasable","17":"product-type-simple"},"_links":{"self":[{"href":"https:\/\/faberpet.ro\/stage\/wp-json\/wp\/v2\/product\/4368","targetHints":{"allow":["GET"]}}],"collection":[{"href":"https:\/\/faberpet.ro\/stage\/wp-json\/wp\/v2\/product"}],"about":[{"href":"https:\/\/faberpet.ro\/stage\/wp-json\/wp\/v2\/types\/product"}],"wp:featuredmedia":[{"embeddable":true,"href":"https:\/\/faberpet.ro\/stage\/wp-json\/wp\/v2\/media\/10913"}],"wp:attachment":[{"href":"https:\/\/faberpet.ro\/stage\/wp-json\/wp\/v2\/media?parent=4368"}],"wp:term":[{"taxonomy":"product_brand","embeddable":true,"href":"https:\/\/faberpet.ro\/stage\/wp-json\/wp\/v2\/product_brand?post=4368"},{"taxonomy":"product_cat","embeddable":true,"href":"https:\/\/faberpet.ro\/stage\/wp-json\/wp\/v2\/product_cat?post=4368"},{"taxonomy":"product_tag","embeddable":true,"href":"https:\/\/faberpet.ro\/stage\/wp-json\/wp\/v2\/product_tag?post=4368"}],"curies":[{"name":"wp","href":"https:\/\/api.w.org\/{rel}","templated":true}]}}