{"id":4371,"date":"2024-10-21T20:32:26","date_gmt":"2024-10-21T17:32:26","guid":{"rendered":"https:\/\/faberpet.ro\/stage\/produs\/jucarie-minge-tenis\/"},"modified":"2025-08-01T13:38:21","modified_gmt":"2025-08-01T11:38:21","slug":"jucarie-minge-tenis","status":"publish","type":"product","link":"https:\/\/faberpet.ro\/stage\/produs\/jucarie-minge-tenis\/","title":{"rendered":"Jucarie minge tenis 3 buc\/set"},"content":{"rendered":"<p>Un produs pe care animalul de companie \u00eel va \u00eendr\u0103gi din primul moment;<\/p>\n<p>Material &#8220;prietenos&#8221; cu dantura.<\/p>\n<p>Utilizarea \u00eendelungat\u0103 a jucariei nu duce la tocirea smal\u021bului dentar;<\/p>\n<p>Foarte rezistent\u0103, mai ales dac\u0103 animalu\u021bului \u00eei place s\u0103 \u021bin\u0103 juc\u0103ria \u00een gur\u0103 sau s\u0103 o mu\u0219te;<\/p>\n<p>Stimuleaz\u0103 interesul animalului;<\/p>\n<p>Reduce \u0219tresul \u00een momentele \u00een care c\u00e2inele r\u0103m\u00e2ne singur acas\u0103;<\/p>\n<p>Juc\u0103ria este recomandat\u0103 tuturor c\u00e2inilor activi \u0219i dornici de exerci\u021bii \u00een aer liber;U\u0219or de igienizat.<\/p>\n<p>Diametru minge: 6 cm;<\/p>\n<p>Mod de prezentare: pachet ce con\u021bine 3 mingi.<\/p>\n<p>&nbsp;<\/p>\n<p>Aten\u021bie! Ca \u00een cazul oric\u0103rui alt produs, este important s\u0103 v\u0103 supraveghea\u021bi animalul de companie \u00een timpul jocului. Verifica\u021bi produsul \u00een mod regulat \u0219i \u00eenlocui\u021bi- l \u00een cazul \u00een care este deteriorat sau \u00eei lipsesc piese pentru a evita o eventual\u0103 r\u0103nire a animalului de companie.<\/p>\n<p>&nbsp;<\/p>\n<p>Pre\u021bul afi\u0219at este per set!<\/p>\n","protected":false},"excerpt":{"rendered":"<p>Un produs pe care animalul de companie \u00eel va \u00eendr\u0103gi din primul moment; Material &#8220;prietenos&#8221; cu dantura. Utilizarea \u00eendelungat\u0103 a jucariei nu duce la tocirea smal\u021bului dentar; Foarte rezistent\u0103, mai ales dac\u0103 animalu\u021bului \u00eei place s\u0103 \u021bin\u0103 juc\u0103ria \u00een gur\u0103 sau s\u0103 o mu\u0219te; Stimuleaz\u0103 interesul animalului; Reduce \u0219tresul \u00een momentele \u00een care c\u00e2inele r\u0103m\u00e2ne [&hellip;]<\/p>\n","protected":false},"featured_media":9358,"template":"","meta":[],"product_brand":[],"product_cat":[168,1109,1110],"product_tag":[1125,1126,1145],"class_list":{"0":"post-4371","1":"product","2":"type-product","3":"status-publish","4":"has-post-thumbnail","6":"product_cat-caini","7":"product_cat-jucarii","8":"product_cat-jucarii-minge","9":"product_tag-caini-minge","10":"product_tag-jucarie-caine","11":"product_tag-minge-tenis","13":"first","14":"instock","15":"shipping-taxable","16":"purchasable","17":"product-type-simple"},"_links":{"self":[{"href":"https:\/\/faberpet.ro\/stage\/wp-json\/wp\/v2\/product\/4371","targetHints":{"allow":["GET"]}}],"collection":[{"href":"https:\/\/faberpet.ro\/stage\/wp-json\/wp\/v2\/product"}],"about":[{"href":"https:\/\/faberpet.ro\/stage\/wp-json\/wp\/v2\/types\/product"}],"wp:featuredmedia":[{"embeddable":true,"href":"https:\/\/faberpet.ro\/stage\/wp-json\/wp\/v2\/media\/9358"}],"wp:attachment":[{"href":"https:\/\/faberpet.ro\/stage\/wp-json\/wp\/v2\/media?parent=4371"}],"wp:term":[{"taxonomy":"product_brand","embeddable":true,"href":"https:\/\/faberpet.ro\/stage\/wp-json\/wp\/v2\/product_brand?post=4371"},{"taxonomy":"product_cat","embeddable":true,"href":"https:\/\/faberpet.ro\/stage\/wp-json\/wp\/v2\/product_cat?post=4371"},{"taxonomy":"product_tag","embeddable":true,"href":"https:\/\/faberpet.ro\/stage\/wp-json\/wp\/v2\/product_tag?post=4371"}],"curies":[{"name":"wp","href":"https:\/\/api.w.org\/{rel}","templated":true}]}}