{"id":4381,"date":"2024-10-21T20:32:27","date_gmt":"2024-10-21T17:32:27","guid":{"rendered":"https:\/\/faberpet.ro\/stage\/produs\/jucarie-minge-cauciuc-cu-tepi-65-cm\/"},"modified":"2025-08-01T13:40:58","modified_gmt":"2025-08-01T11:40:58","slug":"jucarie-minge-cauciuc-cu-tepi-65-cm","status":"publish","type":"product","link":"https:\/\/faberpet.ro\/stage\/produs\/jucarie-minge-cauciuc-cu-tepi-65-cm\/","title":{"rendered":"Jucarie minge cauciuc cu tepi 6,5 cm"},"content":{"rendered":"<p>Juc\u0103ria este confec\u0163ionat\u0103 din cauciuc. Acest material u\u015for elastic \u015fi non- toxic, este deosebit de prietenos cu din\u0163ii c\u00e2inelui dumneavoastr\u0103. G\u0103urile \u00eentre \u021bepi au rol \u00een cur\u0103\u021barea din\u021bilor \u0219i a gingiilor. Stimuleaz\u0103 interesul animalului;Potrivit\u0103 pentru c\u0103\u021belu\u0219i \u0219i pisici;U\u0219or de igienizat. Diametru: 6, 5 cm. Se vinde ambalat c\u00e2te 3 buc\/set! Pre\u021bul afi\u0219at este per buc!<\/p>\n","protected":false},"excerpt":{"rendered":"<p>Juc\u0103ria este confec\u0163ionat\u0103 din cauciuc. Acest material u\u015for elastic \u015fi non- toxic, este deosebit de prietenos cu din\u0163ii c\u00e2inelui dumneavoastr\u0103. G\u0103urile \u00eentre \u021bepi au rol \u00een cur\u0103\u021barea din\u021bilor \u0219i a gingiilor. Stimuleaz\u0103 interesul animalului;Potrivit\u0103 pentru c\u0103\u021belu\u0219i \u0219i pisici;U\u0219or de igienizat. Diametru: 6, 5 cm. Se vinde ambalat c\u00e2te 3 buc\/set! Pre\u021bul afi\u0219at este per buc!<\/p>\n","protected":false},"featured_media":9369,"template":"","meta":[],"product_brand":[],"product_cat":[168,1109,1110,1122,171],"product_tag":[1165,1163,1164],"class_list":{"0":"post-4381","1":"product","2":"type-product","3":"status-publish","4":"has-post-thumbnail","6":"product_cat-caini","7":"product_cat-jucarii","8":"product_cat-jucarii-minge","9":"product_cat-jucarii-pisici","10":"product_cat-pisici","11":"product_tag-jucarie-pisoi","12":"product_tag-minge-cu-tepi","13":"product_tag-minge-pisici","15":"first","16":"instock","17":"shipping-taxable","18":"purchasable","19":"product-type-simple"},"_links":{"self":[{"href":"https:\/\/faberpet.ro\/stage\/wp-json\/wp\/v2\/product\/4381","targetHints":{"allow":["GET"]}}],"collection":[{"href":"https:\/\/faberpet.ro\/stage\/wp-json\/wp\/v2\/product"}],"about":[{"href":"https:\/\/faberpet.ro\/stage\/wp-json\/wp\/v2\/types\/product"}],"wp:featuredmedia":[{"embeddable":true,"href":"https:\/\/faberpet.ro\/stage\/wp-json\/wp\/v2\/media\/9369"}],"wp:attachment":[{"href":"https:\/\/faberpet.ro\/stage\/wp-json\/wp\/v2\/media?parent=4381"}],"wp:term":[{"taxonomy":"product_brand","embeddable":true,"href":"https:\/\/faberpet.ro\/stage\/wp-json\/wp\/v2\/product_brand?post=4381"},{"taxonomy":"product_cat","embeddable":true,"href":"https:\/\/faberpet.ro\/stage\/wp-json\/wp\/v2\/product_cat?post=4381"},{"taxonomy":"product_tag","embeddable":true,"href":"https:\/\/faberpet.ro\/stage\/wp-json\/wp\/v2\/product_tag?post=4381"}],"curies":[{"name":"wp","href":"https:\/\/api.w.org\/{rel}","templated":true}]}}