{"id":4387,"date":"2024-10-21T20:32:29","date_gmt":"2024-10-21T17:32:29","guid":{"rendered":"https:\/\/faberpet.ro\/stage\/produs\/jucarie-minge-plina-grea-mare-56-cm\/"},"modified":"2025-08-01T13:03:55","modified_gmt":"2025-08-01T11:03:55","slug":"jucarie-minge-plina-grea-mare-56-cm","status":"publish","type":"product","link":"https:\/\/faberpet.ro\/stage\/produs\/jucarie-minge-plina-grea-mare-56-cm\/","title":{"rendered":"Jucarie minge plina (grea) mare 5,6 cm"},"content":{"rendered":"<p>Juc\u0103riile pentru c\u00e2ini au at\u00e2t un rol practic, c\u00e2t \u0219i un rol distractiv. Este confec\u021bionat\u0103 din cauciuc, material ce foarte rezistent la intemperii \u015fi extrem de durabil. Perfect\u0103 pentru jocul de \u201eaport\u201d, fiind u\u0219or de prins \u0219i foarte rezistent\u0103. Stimuleaz\u0103 interesul animalului;Recomandat\u0103 tuturor c\u00e2inilor activi \u0219i dornici de exerci\u021bii \u00een aer liber;U\u0219or de igienizat. Diametru: 5, 6 cm. Aten\u021bie! Ca \u00een cazul oric\u0103rui alt produs, este important s\u0103 v\u0103 supraveghea\u021bi animalul de companie \u00een timpul jocului. Verifica\u021bi produsul \u00een mod regulat \u0219i \u00eenlocui\u021bi- l \u00een cazul \u00een care este deteriorat sau \u00eei lipsesc piese pentru a evita o eventual\u0103 r\u0103nire a animalului de companie.<\/p>\n","protected":false},"excerpt":{"rendered":"<p>Juc\u0103riile pentru c\u00e2ini au at\u00e2t un rol practic, c\u00e2t \u0219i un rol distractiv. Este confec\u021bionat\u0103 din cauciuc, material ce foarte rezistent la intemperii \u015fi extrem de durabil. Perfect\u0103 pentru jocul de \u201eaport\u201d, fiind u\u0219or de prins \u0219i foarte rezistent\u0103. Stimuleaz\u0103 interesul animalului;Recomandat\u0103 tuturor c\u00e2inilor activi \u0219i dornici de exerci\u021bii \u00een aer liber;U\u0219or de igienizat. Diametru: [&hellip;]<\/p>\n","protected":false},"featured_media":9375,"template":"","meta":[],"product_brand":[],"product_cat":[168,1109,1110],"product_tag":[1166,1117,1169],"class_list":{"0":"post-4387","1":"product","2":"type-product","3":"status-publish","4":"has-post-thumbnail","6":"product_cat-caini","7":"product_cat-jucarii","8":"product_cat-jucarii-minge","9":"product_tag-jucarie-plina-mica","10":"product_tag-jucarii-caini","11":"product_tag-jucarii-pentru-animale","13":"first","14":"instock","15":"shipping-taxable","16":"purchasable","17":"product-type-simple"},"_links":{"self":[{"href":"https:\/\/faberpet.ro\/stage\/wp-json\/wp\/v2\/product\/4387","targetHints":{"allow":["GET"]}}],"collection":[{"href":"https:\/\/faberpet.ro\/stage\/wp-json\/wp\/v2\/product"}],"about":[{"href":"https:\/\/faberpet.ro\/stage\/wp-json\/wp\/v2\/types\/product"}],"wp:featuredmedia":[{"embeddable":true,"href":"https:\/\/faberpet.ro\/stage\/wp-json\/wp\/v2\/media\/9375"}],"wp:attachment":[{"href":"https:\/\/faberpet.ro\/stage\/wp-json\/wp\/v2\/media?parent=4387"}],"wp:term":[{"taxonomy":"product_brand","embeddable":true,"href":"https:\/\/faberpet.ro\/stage\/wp-json\/wp\/v2\/product_brand?post=4387"},{"taxonomy":"product_cat","embeddable":true,"href":"https:\/\/faberpet.ro\/stage\/wp-json\/wp\/v2\/product_cat?post=4387"},{"taxonomy":"product_tag","embeddable":true,"href":"https:\/\/faberpet.ro\/stage\/wp-json\/wp\/v2\/product_tag?post=4387"}],"curies":[{"name":"wp","href":"https:\/\/api.w.org\/{rel}","templated":true}]}}