{"id":4390,"date":"2024-10-21T20:32:29","date_gmt":"2024-10-21T17:32:29","guid":{"rendered":"https:\/\/faberpet.ro\/stage\/produs\/set-de-jucarie-din-sfoara-impletita\/"},"modified":"2025-08-01T13:10:00","modified_gmt":"2025-08-01T11:10:00","slug":"set-de-jucarie-din-sfoara-impletita","status":"publish","type":"product","link":"https:\/\/faberpet.ro\/stage\/produs\/set-de-jucarie-din-sfoara-impletita\/","title":{"rendered":"Set de jucarie din sfoara impletita 4\/set"},"content":{"rendered":"<p>Juc\u0103riile sunt confec\u0163ionate din bumbac, material ce foarte rezistent la intemperii \u015fi extrem de durabil. Setul de jucarii ajuta cainele sa isi curete dintii si sa previna bolile gingivale. Juc\u0103ria este perfect\u0103 pentru jocul de \u201etras\u201d, fiind u\u0219or de prins. Recomandat\u0103 tuturor c\u00e2inilor activi \u0219i dornici de exerci\u021bii \u00een aer liber;U\u0219or de igienizat. Setul con\u021bine 4 juc\u0103rie din sfoar\u0103 \u00eempletit\u0103 de diferite dimensiuni. Aten\u021bie! Ca \u00een cazul oric\u0103rui alt produs, este important s\u0103 v\u0103 supraveghea\u021bi animalul de companie \u00een timpul jocului. Verifica\u021bi produsul \u00een mod regulat \u0219i \u00eenlocui\u021bi- l \u00een cazul \u00een care este deteriorat sau \u00eei lipsesc piese pentru a evita o eventual\u0103 r\u0103nire a animalului de companie.<\/p>\n<p>Se vinde ambalat c\u00e2te 4 buc\/set!<\/p>\n<p>Pre\u021bul afi\u0219at este per buc!<\/p>\n","protected":false},"excerpt":{"rendered":"<p>Juc\u0103riile sunt confec\u0163ionate din bumbac, material ce foarte rezistent la intemperii \u015fi extrem de durabil. Setul de jucarii ajuta cainele sa isi curete dintii si sa previna bolile gingivale. Juc\u0103ria este perfect\u0103 pentru jocul de \u201etras\u201d, fiind u\u0219or de prins. Recomandat\u0103 tuturor c\u00e2inilor activi \u0219i dornici de exerci\u021bii \u00een aer liber;U\u0219or de igienizat. Setul con\u021bine [&hellip;]<\/p>\n","protected":false},"featured_media":9379,"template":"","meta":[],"product_brand":[],"product_cat":[168,1109,1127],"product_tag":[1151,1153,1150],"class_list":{"0":"post-4390","1":"product","2":"type-product","3":"status-publish","4":"has-post-thumbnail","6":"product_cat-caini","7":"product_cat-jucarii","8":"product_cat-jucarii-sfoara","9":"product_tag-acceosi-caini","10":"product_tag-jucarie-minge-sfoara-caini","11":"product_tag-jucarii-cauciuc","13":"first","14":"instock","15":"shipping-taxable","16":"purchasable","17":"product-type-simple"},"_links":{"self":[{"href":"https:\/\/faberpet.ro\/stage\/wp-json\/wp\/v2\/product\/4390","targetHints":{"allow":["GET"]}}],"collection":[{"href":"https:\/\/faberpet.ro\/stage\/wp-json\/wp\/v2\/product"}],"about":[{"href":"https:\/\/faberpet.ro\/stage\/wp-json\/wp\/v2\/types\/product"}],"wp:featuredmedia":[{"embeddable":true,"href":"https:\/\/faberpet.ro\/stage\/wp-json\/wp\/v2\/media\/9379"}],"wp:attachment":[{"href":"https:\/\/faberpet.ro\/stage\/wp-json\/wp\/v2\/media?parent=4390"}],"wp:term":[{"taxonomy":"product_brand","embeddable":true,"href":"https:\/\/faberpet.ro\/stage\/wp-json\/wp\/v2\/product_brand?post=4390"},{"taxonomy":"product_cat","embeddable":true,"href":"https:\/\/faberpet.ro\/stage\/wp-json\/wp\/v2\/product_cat?post=4390"},{"taxonomy":"product_tag","embeddable":true,"href":"https:\/\/faberpet.ro\/stage\/wp-json\/wp\/v2\/product_tag?post=4390"}],"curies":[{"name":"wp","href":"https:\/\/api.w.org\/{rel}","templated":true}]}}