{"id":4391,"date":"2024-10-21T20:32:29","date_gmt":"2024-10-21T17:32:29","guid":{"rendered":"https:\/\/faberpet.ro\/stage\/produs\/jucarie-minge-cauciuc-cu-labute-si-sunet-7-cm\/"},"modified":"2025-08-01T13:10:08","modified_gmt":"2025-08-01T11:10:08","slug":"jucarie-minge-cauciuc-cu-labute-si-sunet-7-cm","status":"publish","type":"product","link":"https:\/\/faberpet.ro\/stage\/produs\/jucarie-minge-cauciuc-cu-labute-si-sunet-7-cm\/","title":{"rendered":"Jucarie minge cauciuc cu labute si sunet 7 cm"},"content":{"rendered":"<p>Minge cu sunet fabricat\u0103 din cauciuc. Aceast\u0103 juc\u0103rie este perfect\u0103 pentru sesiuni de aport. Sunetele men\u021bin c\u00e2inele interesat \u0219i reduc plictiseala. Nu con\u021bine substan\u021be toxice, care ar putea putea pune \u00een pericol s\u0103n\u0103tatea c\u00e2inelui. Pentru c\u0103\u021beii de talie medie. Diametru: 10 cm. IMPORTANT: Acest produs este disponibil \u00een diverse culori, a\u0219adar nu putem garanta livrarea unei anumite culori. Aten\u021bie! Ca \u00een cazul oric\u0103rui alt produs, este important s\u0103 v\u0103 supraveghea\u021bi animalul de companie \u00een timpul jocului. Verifica\u021bi produsul \u00een mod regulat \u0219i \u00eenlocui\u021bi- l \u00een cazul \u00een care este deteriorat sau \u00eei lipsesc piese pentru a evita o eventual\u0103 r\u0103nire a animalului de companie.<\/p>\n","protected":false},"excerpt":{"rendered":"<p>Minge cu sunet fabricat\u0103 din cauciuc. Aceast\u0103 juc\u0103rie este perfect\u0103 pentru sesiuni de aport. Sunetele men\u021bin c\u00e2inele interesat \u0219i reduc plictiseala. Nu con\u021bine substan\u021be toxice, care ar putea putea pune \u00een pericol s\u0103n\u0103tatea c\u00e2inelui. Pentru c\u0103\u021beii de talie medie. Diametru: 10 cm. IMPORTANT: Acest produs este disponibil \u00een diverse culori, a\u0219adar nu putem garanta livrarea [&hellip;]<\/p>\n","protected":false},"featured_media":9380,"template":"","meta":[],"product_brand":[],"product_cat":[168,1109,1110],"product_tag":[1126,1173,1120],"class_list":{"0":"post-4391","1":"product","2":"type-product","3":"status-publish","4":"has-post-thumbnail","6":"product_cat-caini","7":"product_cat-jucarii","8":"product_cat-jucarii-minge","9":"product_tag-jucarie-caine","10":"product_tag-jucarie-catei","11":"product_tag-jucarie-minge","13":"first","14":"instock","15":"shipping-taxable","16":"purchasable","17":"product-type-simple"},"_links":{"self":[{"href":"https:\/\/faberpet.ro\/stage\/wp-json\/wp\/v2\/product\/4391","targetHints":{"allow":["GET"]}}],"collection":[{"href":"https:\/\/faberpet.ro\/stage\/wp-json\/wp\/v2\/product"}],"about":[{"href":"https:\/\/faberpet.ro\/stage\/wp-json\/wp\/v2\/types\/product"}],"wp:featuredmedia":[{"embeddable":true,"href":"https:\/\/faberpet.ro\/stage\/wp-json\/wp\/v2\/media\/9380"}],"wp:attachment":[{"href":"https:\/\/faberpet.ro\/stage\/wp-json\/wp\/v2\/media?parent=4391"}],"wp:term":[{"taxonomy":"product_brand","embeddable":true,"href":"https:\/\/faberpet.ro\/stage\/wp-json\/wp\/v2\/product_brand?post=4391"},{"taxonomy":"product_cat","embeddable":true,"href":"https:\/\/faberpet.ro\/stage\/wp-json\/wp\/v2\/product_cat?post=4391"},{"taxonomy":"product_tag","embeddable":true,"href":"https:\/\/faberpet.ro\/stage\/wp-json\/wp\/v2\/product_tag?post=4391"}],"curies":[{"name":"wp","href":"https:\/\/api.w.org\/{rel}","templated":true}]}}