{"id":4403,"date":"2024-10-21T20:32:30","date_gmt":"2024-10-21T17:32:30","guid":{"rendered":"https:\/\/faberpet.ro\/stage\/produs\/set-jucarie-mixt-cauciuc\/"},"modified":"2025-08-01T13:18:19","modified_gmt":"2025-08-01T11:18:19","slug":"set-jucarie-mixt-cauciuc","status":"publish","type":"product","link":"https:\/\/faberpet.ro\/stage\/produs\/set-jucarie-mixt-cauciuc\/","title":{"rendered":"Set jucarie mixt cauciuc 3 buc\/set"},"content":{"rendered":"<p>Set de juc\u0103rii pentru c\u00e2ini compus din forme de zodii din cauciuc. Sunt confec\u021biona\u021bi din cauciuc. Acest material u\u0219or elastic \u015fi non- toxic, este deosebit de prietenos cu din\u021bii c\u00e2inelui dumneavoastr\u0103. Juc\u0103ria este perfect\u0103 pentru jocul de \u201eaport\u201d, fiind u\u0219or de prins \u0219i foarte rezistent\u0103. C\u00e2inilor le place s\u0103 alerge, s\u0103 prind\u0103 \u0219i s\u0103 aduc\u0103 juc\u0103riile. Potrivit\u0103 pentru c\u0103\u021belu\u0219i.<\/p>\n<p>Se vinde ambalat c\u00e2te 3 buc\/set!<\/p>\n<p>Pre\u021bul afi\u0219at este per buc!<\/p>\n","protected":false},"excerpt":{"rendered":"<p>Set de juc\u0103rii pentru c\u00e2ini compus din forme de zodii din cauciuc. Sunt confec\u021biona\u021bi din cauciuc. Acest material u\u0219or elastic \u015fi non- toxic, este deosebit de prietenos cu din\u021bii c\u00e2inelui dumneavoastr\u0103. Juc\u0103ria este perfect\u0103 pentru jocul de \u201eaport\u201d, fiind u\u0219or de prins \u0219i foarte rezistent\u0103. C\u00e2inilor le place s\u0103 alerge, s\u0103 prind\u0103 \u0219i s\u0103 aduc\u0103 [&hellip;]<\/p>\n","protected":false},"featured_media":9391,"template":"","meta":[],"product_brand":[],"product_cat":[168,1109,1188],"product_tag":[1190,1189,1191],"class_list":{"0":"post-4403","1":"product","2":"type-product","3":"status-publish","4":"has-post-thumbnail","6":"product_cat-caini","7":"product_cat-jucarii","8":"product_cat-jucarii-aport","9":"product_tag-aport-cauciuc","10":"product_tag-jucarie-aport","11":"product_tag-zodiac-mixt","13":"first","14":"instock","15":"shipping-taxable","16":"purchasable","17":"product-type-simple"},"_links":{"self":[{"href":"https:\/\/faberpet.ro\/stage\/wp-json\/wp\/v2\/product\/4403","targetHints":{"allow":["GET"]}}],"collection":[{"href":"https:\/\/faberpet.ro\/stage\/wp-json\/wp\/v2\/product"}],"about":[{"href":"https:\/\/faberpet.ro\/stage\/wp-json\/wp\/v2\/types\/product"}],"wp:featuredmedia":[{"embeddable":true,"href":"https:\/\/faberpet.ro\/stage\/wp-json\/wp\/v2\/media\/9391"}],"wp:attachment":[{"href":"https:\/\/faberpet.ro\/stage\/wp-json\/wp\/v2\/media?parent=4403"}],"wp:term":[{"taxonomy":"product_brand","embeddable":true,"href":"https:\/\/faberpet.ro\/stage\/wp-json\/wp\/v2\/product_brand?post=4403"},{"taxonomy":"product_cat","embeddable":true,"href":"https:\/\/faberpet.ro\/stage\/wp-json\/wp\/v2\/product_cat?post=4403"},{"taxonomy":"product_tag","embeddable":true,"href":"https:\/\/faberpet.ro\/stage\/wp-json\/wp\/v2\/product_tag?post=4403"}],"curies":[{"name":"wp","href":"https:\/\/api.w.org\/{rel}","templated":true}]}}