{"id":4404,"date":"2024-10-21T20:32:31","date_gmt":"2024-10-21T17:32:31","guid":{"rendered":"https:\/\/faberpet.ro\/stage\/produs\/jucarie-haltera-cu-gravuri-si-clopotel-15-cm\/"},"modified":"2025-08-01T13:20:07","modified_gmt":"2025-08-01T11:20:07","slug":"jucarie-haltera-cu-gravuri-si-clopotel-15-cm","status":"publish","type":"product","link":"https:\/\/faberpet.ro\/stage\/produs\/jucarie-haltera-cu-gravuri-si-clopotel-15-cm\/","title":{"rendered":"Jucarie haltera cu gravuri \u0219i clopo\u021bel 15 cm"},"content":{"rendered":"<p>Juc\u0103ria este confec\u021bionat\u0103 din cauciuc, material ce foarte rezistent la intemperii \u015fi extrem de durabil. Acest material u\u0219or elastic \u015fi non- toxic, este deosebit de prietenos cu din\u021bii c\u00e2inelui dumneavoastr\u0103. Aceast\u0103 juc\u0103rie este potrivit\u0103 at\u00e2t pentru jocurile pe uscat, c\u00e2t \u015fi \u00een ap\u0103, deoarece juc\u0103ria este plutitoare. Potrivit\u0103 pentru toate v\u00e2rstele, de la c\u0103\u021belu\u0219i la seniori. Lungime: 15 cm. IMPORTANT: Acest produs este disponibil \u00een diverse culori, a\u0219adar nu putem garanta livrarea unei anumite culori.<\/p>\n","protected":false},"excerpt":{"rendered":"<p>Juc\u0103ria este confec\u021bionat\u0103 din cauciuc, material ce foarte rezistent la intemperii \u015fi extrem de durabil. Acest material u\u0219or elastic \u015fi non- toxic, este deosebit de prietenos cu din\u021bii c\u00e2inelui dumneavoastr\u0103. Aceast\u0103 juc\u0103rie este potrivit\u0103 at\u00e2t pentru jocurile pe uscat, c\u00e2t \u015fi \u00een ap\u0103, deoarece juc\u0103ria este plutitoare. Potrivit\u0103 pentru toate v\u00e2rstele, de la c\u0103\u021belu\u0219i la [&hellip;]<\/p>\n","protected":false},"featured_media":9392,"template":"","meta":[],"product_brand":[],"product_cat":[168,1109,1188],"product_tag":[1121,1192,1117],"class_list":{"0":"post-4404","1":"product","2":"type-product","3":"status-publish","4":"has-post-thumbnail","6":"product_cat-caini","7":"product_cat-jucarii","8":"product_cat-jucarii-aport","9":"product_tag-jucarie-caini","10":"product_tag-jucarie-haltera","11":"product_tag-jucarii-caini","13":"first","14":"instock","15":"shipping-taxable","16":"purchasable","17":"product-type-simple"},"_links":{"self":[{"href":"https:\/\/faberpet.ro\/stage\/wp-json\/wp\/v2\/product\/4404","targetHints":{"allow":["GET"]}}],"collection":[{"href":"https:\/\/faberpet.ro\/stage\/wp-json\/wp\/v2\/product"}],"about":[{"href":"https:\/\/faberpet.ro\/stage\/wp-json\/wp\/v2\/types\/product"}],"wp:featuredmedia":[{"embeddable":true,"href":"https:\/\/faberpet.ro\/stage\/wp-json\/wp\/v2\/media\/9392"}],"wp:attachment":[{"href":"https:\/\/faberpet.ro\/stage\/wp-json\/wp\/v2\/media?parent=4404"}],"wp:term":[{"taxonomy":"product_brand","embeddable":true,"href":"https:\/\/faberpet.ro\/stage\/wp-json\/wp\/v2\/product_brand?post=4404"},{"taxonomy":"product_cat","embeddable":true,"href":"https:\/\/faberpet.ro\/stage\/wp-json\/wp\/v2\/product_cat?post=4404"},{"taxonomy":"product_tag","embeddable":true,"href":"https:\/\/faberpet.ro\/stage\/wp-json\/wp\/v2\/product_tag?post=4404"}],"curies":[{"name":"wp","href":"https:\/\/api.w.org\/{rel}","templated":true}]}}