{"id":4409,"date":"2024-10-21T20:32:31","date_gmt":"2024-10-21T17:32:31","guid":{"rendered":"https:\/\/faberpet.ro\/stage\/produs\/aport-cauciuc-amfora-11-cm\/"},"modified":"2025-08-01T13:25:42","modified_gmt":"2025-08-01T11:25:42","slug":"aport-cauciuc-amfora-11-cm","status":"publish","type":"product","link":"https:\/\/faberpet.ro\/stage\/produs\/aport-cauciuc-amfora-11-cm\/","title":{"rendered":"Aport cauciuc amfora 11 cm"},"content":{"rendered":"<p>Realizat\u0103 din cauciuc natural, este perfect\u0103 pentru c\u00e2inii c\u0103rora le place s\u0103 road\u0103;Acest material u\u0219or elastic \u015fi non- toxic, este deosebit de prietenos cu din\u021bii c\u00e2inelui dumneavoastr\u0103. Poate fi umplut\u0103 cu recompense;U\u0219or de igienizat;\u00cen\u0103l\u021bime: 11 cm. IMPORTANT: Acest produs este disponibil \u00een diverse culori, a\u0219adar nu putem garanta livrarea unei anumite culori. Aten\u021bie! Ca \u00een cazul oric\u0103rui alt produs, este important s\u0103 v\u0103 supraveghea\u021bi animalul de companie \u00een timpul jocului. Verifica\u021bi produsul \u00een mod regulat \u0219i \u00eenlocui\u021bi- l \u00een cazul \u00een care este deteriorat sau \u00eei lipsesc piese pentru a evita o eventual\u0103 r\u0103nire a animalului de companie.<\/p>\n","protected":false},"excerpt":{"rendered":"<p>Realizat\u0103 din cauciuc natural, este perfect\u0103 pentru c\u00e2inii c\u0103rora le place s\u0103 road\u0103;Acest material u\u0219or elastic \u015fi non- toxic, este deosebit de prietenos cu din\u021bii c\u00e2inelui dumneavoastr\u0103. Poate fi umplut\u0103 cu recompense;U\u0219or de igienizat;\u00cen\u0103l\u021bime: 11 cm. IMPORTANT: Acest produs este disponibil \u00een diverse culori, a\u0219adar nu putem garanta livrarea unei anumite culori. Aten\u021bie! Ca \u00een [&hellip;]<\/p>\n","protected":false},"featured_media":9400,"template":"","meta":[],"product_brand":[],"product_cat":[168,1109,1188],"product_tag":[1203,1202,1201],"class_list":{"0":"post-4409","1":"product","2":"type-product","3":"status-publish","4":"has-post-thumbnail","6":"product_cat-caini","7":"product_cat-jucarii","8":"product_cat-jucarii-aport","9":"product_tag-amfora","10":"product_tag-caini-cauciuc","11":"product_tag-jucarii-interactive","13":"first","14":"instock","15":"shipping-taxable","16":"purchasable","17":"product-type-simple"},"_links":{"self":[{"href":"https:\/\/faberpet.ro\/stage\/wp-json\/wp\/v2\/product\/4409","targetHints":{"allow":["GET"]}}],"collection":[{"href":"https:\/\/faberpet.ro\/stage\/wp-json\/wp\/v2\/product"}],"about":[{"href":"https:\/\/faberpet.ro\/stage\/wp-json\/wp\/v2\/types\/product"}],"wp:featuredmedia":[{"embeddable":true,"href":"https:\/\/faberpet.ro\/stage\/wp-json\/wp\/v2\/media\/9400"}],"wp:attachment":[{"href":"https:\/\/faberpet.ro\/stage\/wp-json\/wp\/v2\/media?parent=4409"}],"wp:term":[{"taxonomy":"product_brand","embeddable":true,"href":"https:\/\/faberpet.ro\/stage\/wp-json\/wp\/v2\/product_brand?post=4409"},{"taxonomy":"product_cat","embeddable":true,"href":"https:\/\/faberpet.ro\/stage\/wp-json\/wp\/v2\/product_cat?post=4409"},{"taxonomy":"product_tag","embeddable":true,"href":"https:\/\/faberpet.ro\/stage\/wp-json\/wp\/v2\/product_tag?post=4409"}],"curies":[{"name":"wp","href":"https:\/\/api.w.org\/{rel}","templated":true}]}}