{"id":4421,"date":"2024-10-21T20:32:33","date_gmt":"2024-10-21T17:32:33","guid":{"rendered":"https:\/\/faberpet.ro\/stage\/produs\/jucarie-cauciuc-maner-de-diferita-forma-18-cm\/"},"modified":"2025-08-01T13:34:28","modified_gmt":"2025-08-01T11:34:28","slug":"jucarie-cauciuc-maner-de-diferita-forma-18-cm","status":"publish","type":"product","link":"https:\/\/faberpet.ro\/stage\/produs\/jucarie-cauciuc-maner-de-diferita-forma-18-cm\/","title":{"rendered":"Jucarie cauciuc maner de diferita forma 18 cm"},"content":{"rendered":"<p>Juc\u0103ria este confec\u021bionat\u0103 din cauciuc. Acest material u\u0219or elastic \u015fi non- toxic, este deosebit de prietenos cu din\u021bii c\u00e2inelui dumneavoastr\u0103. Juc\u0103ria este perfect\u0103 pentru jocul de \u201eaport\u201d, fiind u\u0219or de prins \u0219i foarte rezistent\u0103. C\u00e2inilor le place s\u0103 alerge, s\u0103 prind\u0103 \u0219i s\u0103 aduc\u0103 juc\u0103riile. Potrivit\u0103 pentru toate v\u00e2rstele, de la c\u0103\u021belu\u0219i la seniori. U\u0219or de igienizat;Lungime: 18 cm. IMPORTANT: Acest produs este disponibil \u00een diverse culori, a\u0219adar nu putem garanta livrarea unei anumite culori. Aten\u021bie! Ca \u00een cazul oric\u0103rui alt produs, este important s\u0103 v\u0103 supraveghea\u021bi animalul de companie \u00een timpul jocului. Verifica\u021bi produsul \u00een mod regulat \u0219i \u00eenlocui\u021bi- l \u00een cazul \u00een care este deteriorat sau \u00eei lipsesc piese pentru a evita o eventual\u0103 r\u0103nire a animalului de companie.<\/p>\n","protected":false},"excerpt":{"rendered":"<p>Juc\u0103ria este confec\u021bionat\u0103 din cauciuc. Acest material u\u0219or elastic \u015fi non- toxic, este deosebit de prietenos cu din\u021bii c\u00e2inelui dumneavoastr\u0103. Juc\u0103ria este perfect\u0103 pentru jocul de \u201eaport\u201d, fiind u\u0219or de prins \u0219i foarte rezistent\u0103. C\u00e2inilor le place s\u0103 alerge, s\u0103 prind\u0103 \u0219i s\u0103 aduc\u0103 juc\u0103riile. Potrivit\u0103 pentru toate v\u00e2rstele, de la c\u0103\u021belu\u0219i la seniori. U\u0219or [&hellip;]<\/p>\n","protected":false},"featured_media":9412,"template":"","meta":[],"product_brand":[],"product_cat":[168,1109,1162],"product_tag":[1216,1217,1215],"class_list":{"0":"post-4421","1":"product","2":"type-product","3":"status-publish","4":"has-post-thumbnail","6":"product_cat-caini","7":"product_cat-jucarii","8":"product_cat-jucarii-diverse","9":"product_tag-cauciuc-caini","10":"product_tag-cauciuc-manere","11":"product_tag-jucarii-interioare","13":"first","14":"instock","15":"shipping-taxable","16":"purchasable","17":"product-type-simple"},"_links":{"self":[{"href":"https:\/\/faberpet.ro\/stage\/wp-json\/wp\/v2\/product\/4421","targetHints":{"allow":["GET"]}}],"collection":[{"href":"https:\/\/faberpet.ro\/stage\/wp-json\/wp\/v2\/product"}],"about":[{"href":"https:\/\/faberpet.ro\/stage\/wp-json\/wp\/v2\/types\/product"}],"wp:featuredmedia":[{"embeddable":true,"href":"https:\/\/faberpet.ro\/stage\/wp-json\/wp\/v2\/media\/9412"}],"wp:attachment":[{"href":"https:\/\/faberpet.ro\/stage\/wp-json\/wp\/v2\/media?parent=4421"}],"wp:term":[{"taxonomy":"product_brand","embeddable":true,"href":"https:\/\/faberpet.ro\/stage\/wp-json\/wp\/v2\/product_brand?post=4421"},{"taxonomy":"product_cat","embeddable":true,"href":"https:\/\/faberpet.ro\/stage\/wp-json\/wp\/v2\/product_cat?post=4421"},{"taxonomy":"product_tag","embeddable":true,"href":"https:\/\/faberpet.ro\/stage\/wp-json\/wp\/v2\/product_tag?post=4421"}],"curies":[{"name":"wp","href":"https:\/\/api.w.org\/{rel}","templated":true}]}}