{"id":4425,"date":"2024-10-21T20:32:34","date_gmt":"2024-10-21T17:32:34","guid":{"rendered":"https:\/\/faberpet.ro\/stage\/produs\/jucarie-caini-haltera-cu-sunet-16-cm\/"},"modified":"2025-08-01T13:35:14","modified_gmt":"2025-08-01T11:35:14","slug":"jucarie-caini-haltera-cu-sunet-16-cm","status":"publish","type":"product","link":"https:\/\/faberpet.ro\/stage\/produs\/jucarie-caini-haltera-cu-sunet-16-cm\/","title":{"rendered":"Jucarie caini haltera cu sunet 16 cm"},"content":{"rendered":"<p>Juc\u0103ria este confec\u021bionat\u0103 din vinil. Perfect\u0103 pentru jocul de \u201eaport\u201d, fiind u\u0219or de prins \u0219i foarte rezistent\u0103. Aceast\u0103 juc\u0103rie le ofer\u0103 c\u00e2inelui o ocupa\u021bie, fiind \u0219i un obiect de ros, \u00een acela\u0219i timp. Datorit\u0103 sunetului, este u\u0219or antrenat la joac\u0103;Potrivit\u0103 pentru toate v\u00e2rstele, de la c\u0103\u021belu\u0219i la seniori. Lungime: 16 cm. IMPORTANT: Acest produs este disponibil \u00een diverse culori, a\u0219adar nu putem garanta livrarea unei anumite culori. Aten\u021bie! Ca \u00een cazul oric\u0103rui alt produs, este important s\u0103 v\u0103 supraveghea\u021bi animalul de companie \u00een timpul jocului. Verifica\u021bi produsul \u00een mod regulat \u0219i \u00eenlocui\u021bi- l \u00een cazul \u00een care este deteriorat sau \u00eei lipsesc piese pentru a evita o eventual\u0103 r\u0103nire a animalului de companie.<\/p>\n","protected":false},"excerpt":{"rendered":"<p>Juc\u0103ria este confec\u021bionat\u0103 din vinil. Perfect\u0103 pentru jocul de \u201eaport\u201d, fiind u\u0219or de prins \u0219i foarte rezistent\u0103. Aceast\u0103 juc\u0103rie le ofer\u0103 c\u00e2inelui o ocupa\u021bie, fiind \u0219i un obiect de ros, \u00een acela\u0219i timp. Datorit\u0103 sunetului, este u\u0219or antrenat la joac\u0103;Potrivit\u0103 pentru toate v\u00e2rstele, de la c\u0103\u021belu\u0219i la seniori. Lungime: 16 cm. IMPORTANT: Acest produs este [&hellip;]<\/p>\n","protected":false},"featured_media":9417,"template":"","meta":[],"product_brand":[],"product_cat":[168,1109,1188],"product_tag":[1209,1121,1224],"class_list":{"0":"post-4425","1":"product","2":"type-product","3":"status-publish","4":"has-post-thumbnail","6":"product_cat-caini","7":"product_cat-jucarii","8":"product_cat-jucarii-aport","9":"product_tag-caini-jucarii","10":"product_tag-jucarie-caini","11":"product_tag-jucarie-vinil","13":"first","14":"instock","15":"shipping-taxable","16":"purchasable","17":"product-type-simple"},"_links":{"self":[{"href":"https:\/\/faberpet.ro\/stage\/wp-json\/wp\/v2\/product\/4425","targetHints":{"allow":["GET"]}}],"collection":[{"href":"https:\/\/faberpet.ro\/stage\/wp-json\/wp\/v2\/product"}],"about":[{"href":"https:\/\/faberpet.ro\/stage\/wp-json\/wp\/v2\/types\/product"}],"wp:featuredmedia":[{"embeddable":true,"href":"https:\/\/faberpet.ro\/stage\/wp-json\/wp\/v2\/media\/9417"}],"wp:attachment":[{"href":"https:\/\/faberpet.ro\/stage\/wp-json\/wp\/v2\/media?parent=4425"}],"wp:term":[{"taxonomy":"product_brand","embeddable":true,"href":"https:\/\/faberpet.ro\/stage\/wp-json\/wp\/v2\/product_brand?post=4425"},{"taxonomy":"product_cat","embeddable":true,"href":"https:\/\/faberpet.ro\/stage\/wp-json\/wp\/v2\/product_cat?post=4425"},{"taxonomy":"product_tag","embeddable":true,"href":"https:\/\/faberpet.ro\/stage\/wp-json\/wp\/v2\/product_tag?post=4425"}],"curies":[{"name":"wp","href":"https:\/\/api.w.org\/{rel}","templated":true}]}}