{"id":4428,"date":"2024-10-21T20:32:34","date_gmt":"2024-10-21T17:32:34","guid":{"rendered":"https:\/\/faberpet.ro\/stage\/produs\/jucarie-caini-ghete-cu-sunet-16-cm\/"},"modified":"2025-08-01T13:36:32","modified_gmt":"2025-08-01T11:36:32","slug":"jucarie-caini-ghete-cu-sunet-16-cm","status":"publish","type":"product","link":"https:\/\/faberpet.ro\/stage\/produs\/jucarie-caini-ghete-cu-sunet-16-cm\/","title":{"rendered":"Jucarie caini ghete cu sunet 16 cm"},"content":{"rendered":"<p>Juc\u0103riile pentru c\u00e2ini sau pisici au at\u00e2t un rol practic, c\u00e2t \u0219i un rol distractiv. Juc\u0103ria este confec\u021bionat\u0103 din vinil. Special conceput\u0103 pentru aport \u0219i mu\u0219cat. Datorit\u0103 sunetului, este u\u0219or antrenat la joac\u0103. Stimuleaz\u0103 interesul animalului;U\u0219or de igienizat. Dimensiuni: 16 cm;<\/p>\n<p>IMPORTANT: Acest produs este disponibil \u00een diverse culori, a\u0219adar nu putem garanta livrarea unei anumite culori.<\/p>\n<p>Aten\u021bie! Ca \u00een cazul oric\u0103rui alt produs, este important s\u0103 v\u0103 supraveghea\u021bi animalul de companie \u00een timpul jocului. Verifica\u021bi produsul \u00een mod regulat \u0219i \u00eenlocui\u021bi- l \u00een cazul \u00een care este deteriorat sau \u00eei lipsesc piese pentru a evita o eventual\u0103 r\u0103nire a animalului de companie.<\/p>\n","protected":false},"excerpt":{"rendered":"<p>Juc\u0103riile pentru c\u00e2ini sau pisici au at\u00e2t un rol practic, c\u00e2t \u0219i un rol distractiv. Juc\u0103ria este confec\u021bionat\u0103 din vinil. Special conceput\u0103 pentru aport \u0219i mu\u0219cat. Datorit\u0103 sunetului, este u\u0219or antrenat la joac\u0103. Stimuleaz\u0103 interesul animalului;U\u0219or de igienizat. Dimensiuni: 16 cm; IMPORTANT: Acest produs este disponibil \u00een diverse culori, a\u0219adar nu putem garanta livrarea unei [&hellip;]<\/p>\n","protected":false},"featured_media":9420,"template":"","meta":[],"product_brand":[],"product_cat":[168,1109,1162],"product_tag":[1196,1229,1114],"class_list":{"0":"post-4428","1":"product","2":"type-product","3":"status-publish","4":"has-post-thumbnail","6":"product_cat-caini","7":"product_cat-jucarii","8":"product_cat-jucarii-diverse","9":"product_tag-jucarii-caine","10":"product_tag-jucarii-classic","11":"product_tag-jucarii-pisici","13":"first","14":"instock","15":"shipping-taxable","16":"purchasable","17":"product-type-simple"},"_links":{"self":[{"href":"https:\/\/faberpet.ro\/stage\/wp-json\/wp\/v2\/product\/4428","targetHints":{"allow":["GET"]}}],"collection":[{"href":"https:\/\/faberpet.ro\/stage\/wp-json\/wp\/v2\/product"}],"about":[{"href":"https:\/\/faberpet.ro\/stage\/wp-json\/wp\/v2\/types\/product"}],"wp:featuredmedia":[{"embeddable":true,"href":"https:\/\/faberpet.ro\/stage\/wp-json\/wp\/v2\/media\/9420"}],"wp:attachment":[{"href":"https:\/\/faberpet.ro\/stage\/wp-json\/wp\/v2\/media?parent=4428"}],"wp:term":[{"taxonomy":"product_brand","embeddable":true,"href":"https:\/\/faberpet.ro\/stage\/wp-json\/wp\/v2\/product_brand?post=4428"},{"taxonomy":"product_cat","embeddable":true,"href":"https:\/\/faberpet.ro\/stage\/wp-json\/wp\/v2\/product_cat?post=4428"},{"taxonomy":"product_tag","embeddable":true,"href":"https:\/\/faberpet.ro\/stage\/wp-json\/wp\/v2\/product_tag?post=4428"}],"curies":[{"name":"wp","href":"https:\/\/api.w.org\/{rel}","templated":true}]}}