{"id":4449,"date":"2024-10-21T20:32:37","date_gmt":"2024-10-21T17:32:37","guid":{"rendered":"https:\/\/faberpet.ro\/stage\/produs\/jucarie-porcusor-grohaitor-20-cm\/"},"modified":"2025-08-04T07:32:44","modified_gmt":"2025-08-04T05:32:44","slug":"jucarie-porcusor-grohaitor-20-cm","status":"publish","type":"product","link":"https:\/\/faberpet.ro\/stage\/produs\/jucarie-porcusor-grohaitor-20-cm\/","title":{"rendered":"Jucarie porcusor grohaitor 20 cm"},"content":{"rendered":"<p>Juc\u0103ria este confec\u021bionat\u0103 din cauciuc. Acest material u\u0219or elastic \u0219i non- toxic, este deosebit de prietenos cu din\u021bii c\u00e2inelui dumneavoastr\u0103. Juc\u0103ria este perfect\u0103 pentru jocul de \u201eaport\u201d, fiind u\u0219or de prins \u0219i foarte rezistent\u0103. Aceast\u0103 juc\u0103rie le ofer\u0103 c\u00e2inelui o ocupa\u021bie, fiind \u0219i un obiect de ros \u00een acela\u0219i timp. Potrivit\u0103 pentru toate v\u00e2rstele, de la c\u0103\u021belu\u0219i la seniori. Lungime: 20 cm. Aten\u021bie! Ca \u00een cazul oric\u0103rui alt produs, este important s\u0103 v\u0103 supraveghea\u021bi animalul de companie \u00een timpul jocului. Verifica\u021bi produsul \u00een mod regulat \u0219i \u00eenlocui\u021bi- l \u00een cazul \u00een care este deteriorat sau \u00eei lipsesc piese pentru a evita o eventual\u0103 r\u0103nire a animalului de companie.<\/p>\n","protected":false},"excerpt":{"rendered":"<p>Juc\u0103ria este confec\u021bionat\u0103 din cauciuc. Acest material u\u0219or elastic \u0219i non- toxic, este deosebit de prietenos cu din\u021bii c\u00e2inelui dumneavoastr\u0103. Juc\u0103ria este perfect\u0103 pentru jocul de \u201eaport\u201d, fiind u\u0219or de prins \u0219i foarte rezistent\u0103. Aceast\u0103 juc\u0103rie le ofer\u0103 c\u00e2inelui o ocupa\u021bie, fiind \u0219i un obiect de ros \u00een acela\u0219i timp. Potrivit\u0103 pentru toate v\u00e2rstele, de [&hellip;]<\/p>\n","protected":false},"featured_media":9443,"template":"","meta":[],"product_brand":[],"product_cat":[168,1109,1162],"product_tag":[1121,1256,1257],"class_list":{"0":"post-4449","1":"product","2":"type-product","3":"status-publish","4":"has-post-thumbnail","6":"product_cat-caini","7":"product_cat-jucarii","8":"product_cat-jucarii-diverse","9":"product_tag-jucarie-caini","10":"product_tag-porcusor-grohaitor","11":"product_tag-porcusor-jucarie","13":"first","14":"instock","15":"shipping-taxable","16":"purchasable","17":"product-type-simple"},"_links":{"self":[{"href":"https:\/\/faberpet.ro\/stage\/wp-json\/wp\/v2\/product\/4449","targetHints":{"allow":["GET"]}}],"collection":[{"href":"https:\/\/faberpet.ro\/stage\/wp-json\/wp\/v2\/product"}],"about":[{"href":"https:\/\/faberpet.ro\/stage\/wp-json\/wp\/v2\/types\/product"}],"wp:featuredmedia":[{"embeddable":true,"href":"https:\/\/faberpet.ro\/stage\/wp-json\/wp\/v2\/media\/9443"}],"wp:attachment":[{"href":"https:\/\/faberpet.ro\/stage\/wp-json\/wp\/v2\/media?parent=4449"}],"wp:term":[{"taxonomy":"product_brand","embeddable":true,"href":"https:\/\/faberpet.ro\/stage\/wp-json\/wp\/v2\/product_brand?post=4449"},{"taxonomy":"product_cat","embeddable":true,"href":"https:\/\/faberpet.ro\/stage\/wp-json\/wp\/v2\/product_cat?post=4449"},{"taxonomy":"product_tag","embeddable":true,"href":"https:\/\/faberpet.ro\/stage\/wp-json\/wp\/v2\/product_tag?post=4449"}],"curies":[{"name":"wp","href":"https:\/\/api.w.org\/{rel}","templated":true}]}}