{"id":4452,"date":"2024-10-21T20:32:37","date_gmt":"2024-10-21T17:32:37","guid":{"rendered":"https:\/\/faberpet.ro\/stage\/produs\/jucarie-minge-colorata-cu-sunet-7-cm\/"},"modified":"2025-08-04T07:33:35","modified_gmt":"2025-08-04T05:33:35","slug":"jucarie-minge-colorata-cu-sunet-7-cm","status":"publish","type":"product","link":"https:\/\/faberpet.ro\/stage\/produs\/jucarie-minge-colorata-cu-sunet-7-cm\/","title":{"rendered":"Jucarie minge colorata cu sunet 7 cm"},"content":{"rendered":"<p>Juc\u0103ria este confec\u021bionat\u0103 din cauciuc, material ce foarte rezistent la intemperii \u015fi durabil. Acest material u\u0219or elastic \u015fi non- toxic, este deosebit de prietenos cu din\u021bii c\u00e2inelui dumneavoastr\u0103. Juc\u0103ria le ofer\u0103 c\u00e2inelui o ocupa\u021bie, fiind \u0219i un obiect de ros, \u00een acela\u0219i timp. Datorit\u0103 sunetului, este u\u0219or antrenat la joac\u0103. este perfect\u0103 pentru jocul de \u201eaport\u201d, fiind u\u0219or de prins. Potrivit\u0103 pentru toate v\u00e2rstele, de la c\u0103\u021belu\u0219i la seniori. U\u0219or de igienizat. Diametru: 7 cm. Se vinde ambalat c\u00e2te 6 buc\/set! Pre\u021bul afi\u0219at este per buc! Aten\u021bie! Ca \u00een cazul oric\u0103rui alt produs, este important s\u0103 v\u0103 supraveghea\u021bi animalul de companie \u00een timpul jocului. Verifica\u021bi produsul \u00een mod regulat \u0219i \u00eenlocui\u021bi- l \u00een cazul \u00een care este deteriorat sau \u00eei lipsesc piese pentru a evita o eventual\u0103 r\u0103nire a animalului de companie.<\/p>\n","protected":false},"excerpt":{"rendered":"<p>Juc\u0103ria este confec\u021bionat\u0103 din cauciuc, material ce foarte rezistent la intemperii \u015fi durabil. Acest material u\u0219or elastic \u015fi non- toxic, este deosebit de prietenos cu din\u021bii c\u00e2inelui dumneavoastr\u0103. Juc\u0103ria le ofer\u0103 c\u00e2inelui o ocupa\u021bie, fiind \u0219i un obiect de ros, \u00een acela\u0219i timp. Datorit\u0103 sunetului, este u\u0219or antrenat la joac\u0103. este perfect\u0103 pentru jocul de [&hellip;]<\/p>\n","protected":false},"featured_media":9446,"template":"","meta":[],"product_brand":[],"product_cat":[168,1109,1110],"product_tag":[1121,1120,1259],"class_list":{"0":"post-4452","1":"product","2":"type-product","3":"status-publish","4":"has-post-thumbnail","6":"product_cat-caini","7":"product_cat-jucarii","8":"product_cat-jucarii-minge","9":"product_tag-jucarie-caini","10":"product_tag-jucarie-minge","11":"product_tag-minge-jucarie","13":"first","14":"instock","15":"shipping-taxable","16":"purchasable","17":"product-type-simple"},"_links":{"self":[{"href":"https:\/\/faberpet.ro\/stage\/wp-json\/wp\/v2\/product\/4452","targetHints":{"allow":["GET"]}}],"collection":[{"href":"https:\/\/faberpet.ro\/stage\/wp-json\/wp\/v2\/product"}],"about":[{"href":"https:\/\/faberpet.ro\/stage\/wp-json\/wp\/v2\/types\/product"}],"wp:featuredmedia":[{"embeddable":true,"href":"https:\/\/faberpet.ro\/stage\/wp-json\/wp\/v2\/media\/9446"}],"wp:attachment":[{"href":"https:\/\/faberpet.ro\/stage\/wp-json\/wp\/v2\/media?parent=4452"}],"wp:term":[{"taxonomy":"product_brand","embeddable":true,"href":"https:\/\/faberpet.ro\/stage\/wp-json\/wp\/v2\/product_brand?post=4452"},{"taxonomy":"product_cat","embeddable":true,"href":"https:\/\/faberpet.ro\/stage\/wp-json\/wp\/v2\/product_cat?post=4452"},{"taxonomy":"product_tag","embeddable":true,"href":"https:\/\/faberpet.ro\/stage\/wp-json\/wp\/v2\/product_tag?post=4452"}],"curies":[{"name":"wp","href":"https:\/\/api.w.org\/{rel}","templated":true}]}}