{"id":4457,"date":"2024-10-21T20:32:38","date_gmt":"2024-10-21T17:32:38","guid":{"rendered":"https:\/\/faberpet.ro\/stage\/produs\/minge-impletita-multicolora-10-cm\/"},"modified":"2025-08-04T07:35:05","modified_gmt":"2025-08-04T05:35:05","slug":"minge-impletita-multicolora-10-cm","status":"publish","type":"product","link":"https:\/\/faberpet.ro\/stage\/produs\/minge-impletita-multicolora-10-cm\/","title":{"rendered":"Minge impletita multicolora 10 cm"},"content":{"rendered":"<p>Juc\u0103riile pentru c\u00e2ini au at\u00e2t un rol practic, c\u00e2t \u0219i un rol distractiv. Juc\u0103ria este confec\u0163ionat\u0103 din cauciuc, material ce foarte rezistent la intemperii \u015fi extrem de durabil. este deosebit de prietenos cu din\u0163ii animalului dumneavoastr\u0103. Datorit\u0103 sunetului, este u\u0219or antrenat la joac\u0103. Juc\u0103ria este perfect\u0103 pentru jocul de \u201eaport\u201d, fiind u\u0219or de prins \u0219i foarte rezistent\u0103. Stimuleaz\u0103 interesul animalului;Potrivit\u0103 pentru c\u0103\u0163elu\u015fi \u0219i pisici. U\u0219or de igienizat. Dimensiuni: 10 cm Aten\u021bie! Ca \u00een cazul oric\u0103rui alt produs, este important s\u0103 v\u0103 supraveghea\u021bi animalul de companie \u00een timpul jocului. Verifica\u021bi produsul \u00een mod regulat \u0219i \u00eenlocui\u021bi- l \u00een cazul \u00een care este deteriorat sau \u00eei lipsesc piese pentru a evita o eventual\u0103 r\u0103nire a animalului de companie. este recomandat \u00eenlocuirea juc\u0103riei \u00een momentul deterior\u0103rii!<\/p>\n","protected":false},"excerpt":{"rendered":"<p>Juc\u0103riile pentru c\u00e2ini au at\u00e2t un rol practic, c\u00e2t \u0219i un rol distractiv. Juc\u0103ria este confec\u0163ionat\u0103 din cauciuc, material ce foarte rezistent la intemperii \u015fi extrem de durabil. este deosebit de prietenos cu din\u0163ii animalului dumneavoastr\u0103. Datorit\u0103 sunetului, este u\u0219or antrenat la joac\u0103. Juc\u0103ria este perfect\u0103 pentru jocul de \u201eaport\u201d, fiind u\u0219or de prins \u0219i [&hellip;]<\/p>\n","protected":false},"featured_media":9451,"template":"","meta":[],"product_brand":[],"product_cat":[168,1109,1110],"product_tag":[1125,1173,1262],"class_list":{"0":"post-4457","1":"product","2":"type-product","3":"status-publish","4":"has-post-thumbnail","6":"product_cat-caini","7":"product_cat-jucarii","8":"product_cat-jucarii-minge","9":"product_tag-caini-minge","10":"product_tag-jucarie-catei","11":"product_tag-minge-impletita","13":"first","14":"instock","15":"shipping-taxable","16":"purchasable","17":"product-type-simple"},"_links":{"self":[{"href":"https:\/\/faberpet.ro\/stage\/wp-json\/wp\/v2\/product\/4457","targetHints":{"allow":["GET"]}}],"collection":[{"href":"https:\/\/faberpet.ro\/stage\/wp-json\/wp\/v2\/product"}],"about":[{"href":"https:\/\/faberpet.ro\/stage\/wp-json\/wp\/v2\/types\/product"}],"wp:featuredmedia":[{"embeddable":true,"href":"https:\/\/faberpet.ro\/stage\/wp-json\/wp\/v2\/media\/9451"}],"wp:attachment":[{"href":"https:\/\/faberpet.ro\/stage\/wp-json\/wp\/v2\/media?parent=4457"}],"wp:term":[{"taxonomy":"product_brand","embeddable":true,"href":"https:\/\/faberpet.ro\/stage\/wp-json\/wp\/v2\/product_brand?post=4457"},{"taxonomy":"product_cat","embeddable":true,"href":"https:\/\/faberpet.ro\/stage\/wp-json\/wp\/v2\/product_cat?post=4457"},{"taxonomy":"product_tag","embeddable":true,"href":"https:\/\/faberpet.ro\/stage\/wp-json\/wp\/v2\/product_tag?post=4457"}],"curies":[{"name":"wp","href":"https:\/\/api.w.org\/{rel}","templated":true}]}}