{"id":4458,"date":"2024-10-21T20:32:38","date_gmt":"2024-10-21T17:32:38","guid":{"rendered":"https:\/\/faberpet.ro\/stage\/produs\/minge-cauciuc-plina-cu-tepi-85-cm\/"},"modified":"2025-09-18T13:42:57","modified_gmt":"2025-09-18T11:42:57","slug":"minge-cauciuc-plina-cu-tepi-85-cm","status":"publish","type":"product","link":"https:\/\/faberpet.ro\/stage\/produs\/minge-cauciuc-plina-cu-tepi-85-cm\/","title":{"rendered":"Minge cauciuc plina unicolora cu tepi 8,5 cm"},"content":{"rendered":"<p>Juc\u0103ria este confec\u021bionat\u0103 din cauciuc, material ce foarte rezistent la intemperii \u015fi extrem de durabil. Acest material u\u0219or elastic \u015fi non- toxic, este deosebit de prietenos cu din\u021bii c\u00e2inelui dumneavoastr\u0103. G\u0103urile \u00eentre \u021bepi au rol \u00een cur\u0103\u021barea din\u021bilor \u0219i a gingiilor. Stimuleaz\u0103 interesul animalului;Potrivit\u0103 pentru c\u0103\u021belu\u0219i;U\u0219or de igienizat. Diametru: 8, 5 cm. IMPORTANT: Acest produs este disponibil \u00een diverse culori, a\u0219adar nu putem garanta livrarea unei anumite culori.<\/p>\n","protected":false},"excerpt":{"rendered":"<p>Juc\u0103ria este confec\u021bionat\u0103 din cauciuc, material ce foarte rezistent la intemperii \u015fi extrem de durabil. Acest material u\u0219or elastic \u015fi non- toxic, este deosebit de prietenos cu din\u021bii c\u00e2inelui dumneavoastr\u0103. G\u0103urile \u00eentre \u021bepi au rol \u00een cur\u0103\u021barea din\u021bilor \u0219i a gingiilor. Stimuleaz\u0103 interesul animalului;Potrivit\u0103 pentru c\u0103\u021belu\u0219i;U\u0219or de igienizat. Diametru: 8, 5 cm. IMPORTANT: Acest produs [&hellip;]<\/p>\n","protected":false},"featured_media":9452,"template":"","meta":[],"product_brand":[],"product_cat":[168,1109,1110],"product_tag":[1266,1267,1114],"class_list":{"0":"post-4458","1":"product","2":"type-product","3":"status-publish","4":"has-post-thumbnail","6":"product_cat-caini","7":"product_cat-jucarii","8":"product_cat-jucarii-minge","9":"product_tag-cauciuc-plina","10":"product_tag-joc-caini","11":"product_tag-jucarii-pisici","13":"first","14":"instock","15":"shipping-taxable","16":"purchasable","17":"product-type-simple"},"_links":{"self":[{"href":"https:\/\/faberpet.ro\/stage\/wp-json\/wp\/v2\/product\/4458","targetHints":{"allow":["GET"]}}],"collection":[{"href":"https:\/\/faberpet.ro\/stage\/wp-json\/wp\/v2\/product"}],"about":[{"href":"https:\/\/faberpet.ro\/stage\/wp-json\/wp\/v2\/types\/product"}],"wp:featuredmedia":[{"embeddable":true,"href":"https:\/\/faberpet.ro\/stage\/wp-json\/wp\/v2\/media\/9452"}],"wp:attachment":[{"href":"https:\/\/faberpet.ro\/stage\/wp-json\/wp\/v2\/media?parent=4458"}],"wp:term":[{"taxonomy":"product_brand","embeddable":true,"href":"https:\/\/faberpet.ro\/stage\/wp-json\/wp\/v2\/product_brand?post=4458"},{"taxonomy":"product_cat","embeddable":true,"href":"https:\/\/faberpet.ro\/stage\/wp-json\/wp\/v2\/product_cat?post=4458"},{"taxonomy":"product_tag","embeddable":true,"href":"https:\/\/faberpet.ro\/stage\/wp-json\/wp\/v2\/product_tag?post=4458"}],"curies":[{"name":"wp","href":"https:\/\/api.w.org\/{rel}","templated":true}]}}