{"id":4471,"date":"2024-10-21T20:32:39","date_gmt":"2024-10-21T17:32:39","guid":{"rendered":"https:\/\/faberpet.ro\/stage\/produs\/jucarie-os-textil-pentru-ros-25-cm\/"},"modified":"2025-08-04T07:41:41","modified_gmt":"2025-08-04T05:41:41","slug":"jucarie-os-textil-pentru-ros-25-cm","status":"publish","type":"product","link":"https:\/\/faberpet.ro\/stage\/produs\/jucarie-os-textil-pentru-ros-25-cm\/","title":{"rendered":"Jucarie os textil pentru ros 25 cm"},"content":{"rendered":"<p>Juc\u0103riile pentru c\u00e2ini \u0219i pisici au at\u00e2t un rol practic, c\u00e2t \u0219i un rol distractiv. Aceasta juc\u0103rie este proiectat\u0103 s\u0103 reziste la mu\u0219c\u0103tura de c\u00e2ine \u0219i s\u0103 ofere satisfac\u021bie \u00een timpul \u0219edin\u021belor prelungite de joac\u0103 sau ros. Juc\u0103ria este perfect\u0103 pentru jocul de \u201etras\u201d, fiind u\u0219or de prins \u0219i foarte rezistent\u0103. Stimuleaz\u0103 gingiile animalului de companie \u00een timpul jocului;U\u0219or de igienizat. Dimensiuni: 25 cm;Aten\u021bie! Supraveghea\u021bi c\u00e2inele \u0219i pisicile \u00een timpul orelor de joac\u0103 \u0219i \u00een cazul deterior\u0103rii \u00eenlocui\u021bi juc\u0103ria pentru a evita r\u0103nirea animalului de companie!<\/p>\n","protected":false},"excerpt":{"rendered":"<p>Juc\u0103riile pentru c\u00e2ini \u0219i pisici au at\u00e2t un rol practic, c\u00e2t \u0219i un rol distractiv. Aceasta juc\u0103rie este proiectat\u0103 s\u0103 reziste la mu\u0219c\u0103tura de c\u00e2ine \u0219i s\u0103 ofere satisfac\u021bie \u00een timpul \u0219edin\u021belor prelungite de joac\u0103 sau ros. Juc\u0103ria este perfect\u0103 pentru jocul de \u201etras\u201d, fiind u\u0219or de prins \u0219i foarte rezistent\u0103. Stimuleaz\u0103 gingiile animalului de [&hellip;]<\/p>\n","protected":false},"featured_media":9465,"template":"","meta":[],"product_brand":[],"product_cat":[168,1109,1162],"product_tag":[1214,1280,1279],"class_list":{"0":"post-4471","1":"product","2":"type-product","3":"status-publish","4":"has-post-thumbnail","6":"product_cat-caini","7":"product_cat-jucarii","8":"product_cat-jucarii-diverse","9":"product_tag-jucarie-pentru-ros","10":"product_tag-jucarii-ros-caini","11":"product_tag-textil-ros","13":"first","14":"instock","15":"shipping-taxable","16":"purchasable","17":"product-type-simple"},"_links":{"self":[{"href":"https:\/\/faberpet.ro\/stage\/wp-json\/wp\/v2\/product\/4471","targetHints":{"allow":["GET"]}}],"collection":[{"href":"https:\/\/faberpet.ro\/stage\/wp-json\/wp\/v2\/product"}],"about":[{"href":"https:\/\/faberpet.ro\/stage\/wp-json\/wp\/v2\/types\/product"}],"wp:featuredmedia":[{"embeddable":true,"href":"https:\/\/faberpet.ro\/stage\/wp-json\/wp\/v2\/media\/9465"}],"wp:attachment":[{"href":"https:\/\/faberpet.ro\/stage\/wp-json\/wp\/v2\/media?parent=4471"}],"wp:term":[{"taxonomy":"product_brand","embeddable":true,"href":"https:\/\/faberpet.ro\/stage\/wp-json\/wp\/v2\/product_brand?post=4471"},{"taxonomy":"product_cat","embeddable":true,"href":"https:\/\/faberpet.ro\/stage\/wp-json\/wp\/v2\/product_cat?post=4471"},{"taxonomy":"product_tag","embeddable":true,"href":"https:\/\/faberpet.ro\/stage\/wp-json\/wp\/v2\/product_tag?post=4471"}],"curies":[{"name":"wp","href":"https:\/\/api.w.org\/{rel}","templated":true}]}}