{"id":4476,"date":"2024-10-21T20:32:41","date_gmt":"2024-10-21T17:32:41","guid":{"rendered":"https:\/\/faberpet.ro\/stage\/produs\/jucarie-funie-infasata-la-mijloc-25-cm\/"},"modified":"2025-08-04T07:43:01","modified_gmt":"2025-08-04T05:43:01","slug":"jucarie-funie-infasata-la-mijloc-25-cm","status":"publish","type":"product","link":"https:\/\/faberpet.ro\/stage\/produs\/jucarie-funie-infasata-la-mijloc-25-cm\/","title":{"rendered":"Jucarie funie infasata la mijloc 25 cm"},"content":{"rendered":"<p>Juc\u0103riile pentru c\u00e2ini au at\u00e2t un rol practic, c\u00e2t \u0219i un rol distractiv. Juc\u0103ria este confec\u021bionat\u0103 din bumbac, material ce foarte rezistent la intemperii \u015fi extrem de durabil. este deosebit de prietenos cu din\u021bii animalului dvs. Juc\u0103ria este perfect\u0103 pentru jocul de \u201etras\u201d, fiind u\u0219or de prins \u0219i foarte rezistent\u0103. Stimuleaz\u0103 interesul animalului;Potrivit\u0103 pentru c\u0103\u021belu\u0219i \u0219i pisici;U\u0219or de igienizat. Dimensiune: 20 cm<\/p>\n","protected":false},"excerpt":{"rendered":"<p>Juc\u0103riile pentru c\u00e2ini au at\u00e2t un rol practic, c\u00e2t \u0219i un rol distractiv. Juc\u0103ria este confec\u021bionat\u0103 din bumbac, material ce foarte rezistent la intemperii \u015fi extrem de durabil. este deosebit de prietenos cu din\u021bii animalului dvs. Juc\u0103ria este perfect\u0103 pentru jocul de \u201etras\u201d, fiind u\u0219or de prins \u0219i foarte rezistent\u0103. Stimuleaz\u0103 interesul animalului;Potrivit\u0103 pentru c\u0103\u021belu\u0219i [&hellip;]<\/p>\n","protected":false},"featured_media":9470,"template":"","meta":[],"product_brand":[],"product_cat":[168,1109,1127],"product_tag":[1281,1282,1277],"class_list":{"0":"post-4476","1":"product","2":"type-product","3":"status-publish","4":"has-post-thumbnail","6":"product_cat-caini","7":"product_cat-jucarii","8":"product_cat-jucarii-sfoara","9":"product_tag-impletita","10":"product_tag-jucarie-din-bumbac","11":"product_tag-jucarie-funie","13":"first","14":"instock","15":"shipping-taxable","16":"purchasable","17":"product-type-simple"},"_links":{"self":[{"href":"https:\/\/faberpet.ro\/stage\/wp-json\/wp\/v2\/product\/4476","targetHints":{"allow":["GET"]}}],"collection":[{"href":"https:\/\/faberpet.ro\/stage\/wp-json\/wp\/v2\/product"}],"about":[{"href":"https:\/\/faberpet.ro\/stage\/wp-json\/wp\/v2\/types\/product"}],"wp:featuredmedia":[{"embeddable":true,"href":"https:\/\/faberpet.ro\/stage\/wp-json\/wp\/v2\/media\/9470"}],"wp:attachment":[{"href":"https:\/\/faberpet.ro\/stage\/wp-json\/wp\/v2\/media?parent=4476"}],"wp:term":[{"taxonomy":"product_brand","embeddable":true,"href":"https:\/\/faberpet.ro\/stage\/wp-json\/wp\/v2\/product_brand?post=4476"},{"taxonomy":"product_cat","embeddable":true,"href":"https:\/\/faberpet.ro\/stage\/wp-json\/wp\/v2\/product_cat?post=4476"},{"taxonomy":"product_tag","embeddable":true,"href":"https:\/\/faberpet.ro\/stage\/wp-json\/wp\/v2\/product_tag?post=4476"}],"curies":[{"name":"wp","href":"https:\/\/api.w.org\/{rel}","templated":true}]}}