{"id":4489,"date":"2024-10-21T20:32:42","date_gmt":"2024-10-21T17:32:42","guid":{"rendered":"https:\/\/faberpet.ro\/stage\/produs\/jucarie-inel-cauciuc-cu-tepi-12-cm\/"},"modified":"2025-08-04T07:50:18","modified_gmt":"2025-08-04T05:50:18","slug":"jucarie-inel-cauciuc-cu-tepi-12-cm","status":"publish","type":"product","link":"https:\/\/faberpet.ro\/stage\/produs\/jucarie-inel-cauciuc-cu-tepi-12-cm\/","title":{"rendered":"Jucarie inel cauciuc cu tepi 12 cm"},"content":{"rendered":"<p>Juc\u0103ria este confec\u0163ionat\u0103 din cauciuc, material ce foarte rezistent la intemperii \u015fi extrem de durabil. Acest material u\u015for elastic \u015fi non- toxic, este deosebit de prietenos cu din\u0163ii c\u00e2inelui dumneavoastr\u0103. Conceput\u0103 pentru din\u021bi \u0219i gingii;Aceast\u0103 juc\u0103rie este potrivit\u0103 at\u00e2t pentru jocurile pe uscat, c\u00e2t \u015fi \u00een ap\u0103, deoarece juc\u0103ria este plutitoare. Potrivit\u0103 pentru toate v\u00e2rstele, de la c\u0103\u0163elu\u015fi la seniori. Diametru: 12 cm.<\/p>\n","protected":false},"excerpt":{"rendered":"<p>Juc\u0103ria este confec\u0163ionat\u0103 din cauciuc, material ce foarte rezistent la intemperii \u015fi extrem de durabil. Acest material u\u015for elastic \u015fi non- toxic, este deosebit de prietenos cu din\u0163ii c\u00e2inelui dumneavoastr\u0103. Conceput\u0103 pentru din\u021bi \u0219i gingii;Aceast\u0103 juc\u0103rie este potrivit\u0103 at\u00e2t pentru jocurile pe uscat, c\u00e2t \u015fi \u00een ap\u0103, deoarece juc\u0103ria este plutitoare. Potrivit\u0103 pentru toate v\u00e2rstele, [&hellip;]<\/p>\n","protected":false},"featured_media":9485,"template":"","meta":[],"product_brand":[],"product_cat":[168,1109,1162],"product_tag":[1181,1297,1294],"class_list":{"0":"post-4489","1":"product","2":"type-product","3":"status-publish","4":"has-post-thumbnail","6":"product_cat-caini","7":"product_cat-jucarii","8":"product_cat-jucarii-diverse","9":"product_tag-jucarie-cauciuc","10":"product_tag-jucarie-cu-tepi","11":"product_tag-jucarie-inel","13":"first","14":"instock","15":"shipping-taxable","16":"purchasable","17":"product-type-simple"},"_links":{"self":[{"href":"https:\/\/faberpet.ro\/stage\/wp-json\/wp\/v2\/product\/4489","targetHints":{"allow":["GET"]}}],"collection":[{"href":"https:\/\/faberpet.ro\/stage\/wp-json\/wp\/v2\/product"}],"about":[{"href":"https:\/\/faberpet.ro\/stage\/wp-json\/wp\/v2\/types\/product"}],"wp:featuredmedia":[{"embeddable":true,"href":"https:\/\/faberpet.ro\/stage\/wp-json\/wp\/v2\/media\/9485"}],"wp:attachment":[{"href":"https:\/\/faberpet.ro\/stage\/wp-json\/wp\/v2\/media?parent=4489"}],"wp:term":[{"taxonomy":"product_brand","embeddable":true,"href":"https:\/\/faberpet.ro\/stage\/wp-json\/wp\/v2\/product_brand?post=4489"},{"taxonomy":"product_cat","embeddable":true,"href":"https:\/\/faberpet.ro\/stage\/wp-json\/wp\/v2\/product_cat?post=4489"},{"taxonomy":"product_tag","embeddable":true,"href":"https:\/\/faberpet.ro\/stage\/wp-json\/wp\/v2\/product_tag?post=4489"}],"curies":[{"name":"wp","href":"https:\/\/api.w.org\/{rel}","templated":true}]}}