{"id":4496,"date":"2024-10-21T20:32:43","date_gmt":"2024-10-21T17:32:43","guid":{"rendered":"https:\/\/faberpet.ro\/stage\/produs\/jucarie-caini-disc-cauciuc-frisbee-17-cm\/"},"modified":"2025-08-04T07:56:43","modified_gmt":"2025-08-04T05:56:43","slug":"jucarie-caini-disc-cauciuc-frisbee-17-cm","status":"publish","type":"product","link":"https:\/\/faberpet.ro\/stage\/produs\/jucarie-caini-disc-cauciuc-frisbee-17-cm\/","title":{"rendered":"Jucarie caini disc cauciuc Frisbee 17 cm"},"content":{"rendered":"<p>Juc\u0103rie disc cauciuc Frisbee Juc\u0103ria este confec\u021bionat\u0103 din cauciuc, material ce foarte rezistent la intemperii \u015fi extrem de durabil. Distra\u021bi- v\u0103 al\u0103turi de c\u0103\u021belul dumneavoastr\u0103 \u0219i \u00eencerca\u021bi s\u0103 arunca\u021bi c\u00e2t mai departe aceasta jucarie din cauciuc. El va fi gata s\u0103 alerge, s\u0103 o prind\u0103 \u0219i s\u0103 o aduc\u0103 \u00eenapoi. Util pentru antrenamentul c\u00e2inilor. \u00cembun\u0103t\u0103\u021be\u0219te reflexele animalu\u021belor. Potrivit\u0103 pentru toate v\u00e2rstele, de la c\u0103\u021belu\u0219i la seniori. Diametru: 17 cm. IMPORTANT: Acest produs este disponibil \u00een diverse culori, a\u0219adar nu putem garanta livrarea unei anumite culori. Aten\u021bie! Ca \u00een cazul oric\u0103rui alt produs, este important s\u0103 v\u0103 supraveghea\u021bi animalul de companie \u00een timpul jocului. Verifica\u021bi produsul \u00een mod regulat \u0219i \u00eenlocui\u021bi- l \u00een cazul \u00een care este deteriorat sau \u00eei lipsesc piese pentru a evita o eventual\u0103 r\u0103nire a animalului de companie. este recomandat \u00eenlocuirea juc\u0103riei \u00een momentul deterior\u0103rii!<\/p>\n","protected":false},"excerpt":{"rendered":"<p>Juc\u0103rie disc cauciuc Frisbee Juc\u0103ria este confec\u021bionat\u0103 din cauciuc, material ce foarte rezistent la intemperii \u015fi extrem de durabil. Distra\u021bi- v\u0103 al\u0103turi de c\u0103\u021belul dumneavoastr\u0103 \u0219i \u00eencerca\u021bi s\u0103 arunca\u021bi c\u00e2t mai departe aceasta jucarie din cauciuc. El va fi gata s\u0103 alerge, s\u0103 o prind\u0103 \u0219i s\u0103 o aduc\u0103 \u00eenapoi. Util pentru antrenamentul c\u00e2inilor. \u00cembun\u0103t\u0103\u021be\u0219te [&hellip;]<\/p>\n","protected":false},"featured_media":9493,"template":"","meta":[],"product_brand":[],"product_cat":[168,1109,1188],"product_tag":[1303,1126,1301],"class_list":{"0":"post-4496","1":"product","2":"type-product","3":"status-publish","4":"has-post-thumbnail","6":"product_cat-caini","7":"product_cat-jucarii","8":"product_cat-jucarii-aport","9":"product_tag-frisbee","10":"product_tag-jucarie-caine","11":"product_tag-jucarie-disc","13":"first","14":"instock","15":"shipping-taxable","16":"purchasable","17":"product-type-simple"},"_links":{"self":[{"href":"https:\/\/faberpet.ro\/stage\/wp-json\/wp\/v2\/product\/4496","targetHints":{"allow":["GET"]}}],"collection":[{"href":"https:\/\/faberpet.ro\/stage\/wp-json\/wp\/v2\/product"}],"about":[{"href":"https:\/\/faberpet.ro\/stage\/wp-json\/wp\/v2\/types\/product"}],"wp:featuredmedia":[{"embeddable":true,"href":"https:\/\/faberpet.ro\/stage\/wp-json\/wp\/v2\/media\/9493"}],"wp:attachment":[{"href":"https:\/\/faberpet.ro\/stage\/wp-json\/wp\/v2\/media?parent=4496"}],"wp:term":[{"taxonomy":"product_brand","embeddable":true,"href":"https:\/\/faberpet.ro\/stage\/wp-json\/wp\/v2\/product_brand?post=4496"},{"taxonomy":"product_cat","embeddable":true,"href":"https:\/\/faberpet.ro\/stage\/wp-json\/wp\/v2\/product_cat?post=4496"},{"taxonomy":"product_tag","embeddable":true,"href":"https:\/\/faberpet.ro\/stage\/wp-json\/wp\/v2\/product_tag?post=4496"}],"curies":[{"name":"wp","href":"https:\/\/api.w.org\/{rel}","templated":true}]}}