{"id":4502,"date":"2024-10-21T20:32:44","date_gmt":"2024-10-21T17:32:44","guid":{"rendered":"https:\/\/faberpet.ro\/stage\/produs\/jucarie-funie-innodata-duble-bumbac-23-cm\/"},"modified":"2025-08-04T08:01:55","modified_gmt":"2025-08-04T06:01:55","slug":"jucarie-funie-innodata-duble-bumbac-23-cm","status":"publish","type":"product","link":"https:\/\/faberpet.ro\/stage\/produs\/jucarie-funie-innodata-duble-bumbac-23-cm\/","title":{"rendered":"Jucarie funie innodata duble bumbac 23 cm"},"content":{"rendered":"<p>Juc\u0103ria este confec\u021bionat\u0103 din bumbac, material ce foarte rezistent la intemperii \u0219i extrem de durabil. Conceput\u0103 pentru din\u021bi \u0219i gingii;C\u00e2inilor le place s\u0103 alerge, s\u0103 prind\u0103 \u0219i s\u0103 aduc\u0103 juc\u0103riile. Potrivit\u0103 pentru toate v\u00e2rstele, de la c\u0103\u021belu\u0219i la seniori. U\u0219or de igienizat. Lungime: 25 cm.<\/p>\n","protected":false},"excerpt":{"rendered":"<p>Juc\u0103ria este confec\u021bionat\u0103 din bumbac, material ce foarte rezistent la intemperii \u0219i extrem de durabil. Conceput\u0103 pentru din\u021bi \u0219i gingii;C\u00e2inilor le place s\u0103 alerge, s\u0103 prind\u0103 \u0219i s\u0103 aduc\u0103 juc\u0103riile. Potrivit\u0103 pentru toate v\u00e2rstele, de la c\u0103\u021belu\u0219i la seniori. U\u0219or de igienizat. Lungime: 25 cm.<\/p>\n","protected":false},"featured_media":9499,"template":"","meta":[],"product_brand":[],"product_cat":[168,1109,1127],"product_tag":[1135,1121,1309],"class_list":{"0":"post-4502","1":"product","2":"type-product","3":"status-publish","4":"has-post-thumbnail","6":"product_cat-caini","7":"product_cat-jucarii","8":"product_cat-jucarii-sfoara","9":"product_tag-jucarie-bumbac","10":"product_tag-jucarie-caini","11":"product_tag-jucarie-sfoara-colorata","13":"first","14":"instock","15":"shipping-taxable","16":"purchasable","17":"product-type-simple"},"_links":{"self":[{"href":"https:\/\/faberpet.ro\/stage\/wp-json\/wp\/v2\/product\/4502","targetHints":{"allow":["GET"]}}],"collection":[{"href":"https:\/\/faberpet.ro\/stage\/wp-json\/wp\/v2\/product"}],"about":[{"href":"https:\/\/faberpet.ro\/stage\/wp-json\/wp\/v2\/types\/product"}],"wp:featuredmedia":[{"embeddable":true,"href":"https:\/\/faberpet.ro\/stage\/wp-json\/wp\/v2\/media\/9499"}],"wp:attachment":[{"href":"https:\/\/faberpet.ro\/stage\/wp-json\/wp\/v2\/media?parent=4502"}],"wp:term":[{"taxonomy":"product_brand","embeddable":true,"href":"https:\/\/faberpet.ro\/stage\/wp-json\/wp\/v2\/product_brand?post=4502"},{"taxonomy":"product_cat","embeddable":true,"href":"https:\/\/faberpet.ro\/stage\/wp-json\/wp\/v2\/product_cat?post=4502"},{"taxonomy":"product_tag","embeddable":true,"href":"https:\/\/faberpet.ro\/stage\/wp-json\/wp\/v2\/product_tag?post=4502"}],"curies":[{"name":"wp","href":"https:\/\/api.w.org\/{rel}","templated":true}]}}