{"id":4513,"date":"2024-10-21T20:32:45","date_gmt":"2024-10-21T17:32:45","guid":{"rendered":"https:\/\/faberpet.ro\/stage\/produs\/jucarie-caini-bumerang-cu-textil-impermeabil-25-cm\/"},"modified":"2025-08-04T08:04:42","modified_gmt":"2025-08-04T06:04:42","slug":"jucarie-caini-bumerang-cu-textil-impermeabil-25-cm","status":"publish","type":"product","link":"https:\/\/faberpet.ro\/stage\/produs\/jucarie-caini-bumerang-cu-textil-impermeabil-25-cm\/","title":{"rendered":"Jucarie caini bumerang cu textil impermeabil 25 cm"},"content":{"rendered":"<p>Juc\u0103ria este confec\u021bionat\u0103 din textil, material ce foarte rezistent la intemperii \u015fi extrem de durabil. Conceput\u0103 pentru din\u021bi \u0219i gingii;C\u00e2inilor le place s\u0103 alerge, s\u0103 prind\u0103 \u0219i s\u0103 aduc\u0103 juc\u0103riile. Potrivit\u0103 pentru toate v\u00e2rstele, de la c\u0103\u021belu\u0219i la seniori. U\u0219or de igienizat. Lungime: 25 cm. \u00cen culori: albastru- portocaliu, ro\u0219u- portocaliu. IMPORTANT: Acest produs este disponibil \u00een diverse culori, a\u0219adar nu putem garanta livrarea unei anumite culori.<\/p>\n","protected":false},"excerpt":{"rendered":"<p>Juc\u0103ria este confec\u021bionat\u0103 din textil, material ce foarte rezistent la intemperii \u015fi extrem de durabil. Conceput\u0103 pentru din\u021bi \u0219i gingii;C\u00e2inilor le place s\u0103 alerge, s\u0103 prind\u0103 \u0219i s\u0103 aduc\u0103 juc\u0103riile. Potrivit\u0103 pentru toate v\u00e2rstele, de la c\u0103\u021belu\u0219i la seniori. U\u0219or de igienizat. Lungime: 25 cm. \u00cen culori: albastru- portocaliu, ro\u0219u- portocaliu. IMPORTANT: Acest produs este [&hellip;]<\/p>\n","protected":false},"featured_media":9510,"template":"","meta":[],"product_brand":[],"product_cat":[168,1109,1188],"product_tag":[1121,1117,1114],"class_list":{"0":"post-4513","1":"product","2":"type-product","3":"status-publish","4":"has-post-thumbnail","6":"product_cat-caini","7":"product_cat-jucarii","8":"product_cat-jucarii-aport","9":"product_tag-jucarie-caini","10":"product_tag-jucarii-caini","11":"product_tag-jucarii-pisici","13":"first","14":"instock","15":"shipping-taxable","16":"purchasable","17":"product-type-simple"},"_links":{"self":[{"href":"https:\/\/faberpet.ro\/stage\/wp-json\/wp\/v2\/product\/4513","targetHints":{"allow":["GET"]}}],"collection":[{"href":"https:\/\/faberpet.ro\/stage\/wp-json\/wp\/v2\/product"}],"about":[{"href":"https:\/\/faberpet.ro\/stage\/wp-json\/wp\/v2\/types\/product"}],"wp:featuredmedia":[{"embeddable":true,"href":"https:\/\/faberpet.ro\/stage\/wp-json\/wp\/v2\/media\/9510"}],"wp:attachment":[{"href":"https:\/\/faberpet.ro\/stage\/wp-json\/wp\/v2\/media?parent=4513"}],"wp:term":[{"taxonomy":"product_brand","embeddable":true,"href":"https:\/\/faberpet.ro\/stage\/wp-json\/wp\/v2\/product_brand?post=4513"},{"taxonomy":"product_cat","embeddable":true,"href":"https:\/\/faberpet.ro\/stage\/wp-json\/wp\/v2\/product_cat?post=4513"},{"taxonomy":"product_tag","embeddable":true,"href":"https:\/\/faberpet.ro\/stage\/wp-json\/wp\/v2\/product_tag?post=4513"}],"curies":[{"name":"wp","href":"https:\/\/api.w.org\/{rel}","templated":true}]}}