{"id":4520,"date":"2024-10-21T20:32:46","date_gmt":"2024-10-21T17:32:46","guid":{"rendered":"https:\/\/faberpet.ro\/stage\/produs\/jucarie-textil-pentru-ros-peste-20-cm\/"},"modified":"2025-08-04T08:06:05","modified_gmt":"2025-08-04T06:06:05","slug":"jucarie-textil-pentru-ros-peste-20-cm","status":"publish","type":"product","link":"https:\/\/faberpet.ro\/stage\/produs\/jucarie-textil-pentru-ros-peste-20-cm\/","title":{"rendered":"Jucarie textil pentru ros peste 20 cm"},"content":{"rendered":"<p>Juc\u0103riile pentru c\u00e2ini \u0219i pisici au at\u00e2t un rol practic, c\u00e2t \u0219i un rol distractiv. Aceasta juc\u0103rie este proiectat\u0103 s\u0103 reziste la mu\u0219c\u0103tura de c\u00e2ine \u0219i s\u0103 ofere satisfac\u021bie \u00een timpul \u0219edin\u021belor prelungite de joac\u0103 sau ros. Juc\u0103ria este perfect\u0103 pentru jocul de \u201etras\u201d, fiind u\u0219or de prins \u0219i foarte rezistent\u0103. Stimuleaz\u0103 gingiile animalului de companie \u00een timpul jocului;U\u0219or de igienizat. Dimensiune: 20 cm;Aten\u021bie! Ca \u00een cazul oric\u0103rui alt produs, este important s\u0103 v\u0103 supraveghea\u021bi animalul de companie \u00een timpul jocului. Verifica\u021bi produsul \u00een mod regulat \u0219i \u00eenlocui\u021bi- l \u00een cazul \u00een care este deteriorat sau \u00eei lipsesc piese pentru a evita o eventual\u0103 r\u0103nire a animalului de companie.<\/p>\n","protected":false},"excerpt":{"rendered":"<p>Juc\u0103riile pentru c\u00e2ini \u0219i pisici au at\u00e2t un rol practic, c\u00e2t \u0219i un rol distractiv. Aceasta juc\u0103rie este proiectat\u0103 s\u0103 reziste la mu\u0219c\u0103tura de c\u00e2ine \u0219i s\u0103 ofere satisfac\u021bie \u00een timpul \u0219edin\u021belor prelungite de joac\u0103 sau ros. Juc\u0103ria este perfect\u0103 pentru jocul de \u201etras\u201d, fiind u\u0219or de prins \u0219i foarte rezistent\u0103. Stimuleaz\u0103 gingiile animalului de [&hellip;]<\/p>\n","protected":false},"featured_media":9518,"template":"","meta":[],"product_brand":[],"product_cat":[168,1109,1162],"product_tag":[1251,1316,1315],"class_list":{"0":"post-4520","1":"product","2":"type-product","3":"status-publish","4":"has-post-thumbnail","6":"product_cat-caini","7":"product_cat-jucarii","8":"product_cat-jucarii-diverse","9":"product_tag-jucarie-pentru-caini","10":"product_tag-jucarie-textil-ros","11":"product_tag-jucarii-pentru-ros","13":"first","14":"instock","15":"shipping-taxable","16":"purchasable","17":"product-type-simple"},"_links":{"self":[{"href":"https:\/\/faberpet.ro\/stage\/wp-json\/wp\/v2\/product\/4520","targetHints":{"allow":["GET"]}}],"collection":[{"href":"https:\/\/faberpet.ro\/stage\/wp-json\/wp\/v2\/product"}],"about":[{"href":"https:\/\/faberpet.ro\/stage\/wp-json\/wp\/v2\/types\/product"}],"wp:featuredmedia":[{"embeddable":true,"href":"https:\/\/faberpet.ro\/stage\/wp-json\/wp\/v2\/media\/9518"}],"wp:attachment":[{"href":"https:\/\/faberpet.ro\/stage\/wp-json\/wp\/v2\/media?parent=4520"}],"wp:term":[{"taxonomy":"product_brand","embeddable":true,"href":"https:\/\/faberpet.ro\/stage\/wp-json\/wp\/v2\/product_brand?post=4520"},{"taxonomy":"product_cat","embeddable":true,"href":"https:\/\/faberpet.ro\/stage\/wp-json\/wp\/v2\/product_cat?post=4520"},{"taxonomy":"product_tag","embeddable":true,"href":"https:\/\/faberpet.ro\/stage\/wp-json\/wp\/v2\/product_tag?post=4520"}],"curies":[{"name":"wp","href":"https:\/\/api.w.org\/{rel}","templated":true}]}}