{"id":4521,"date":"2024-10-21T20:32:46","date_gmt":"2024-10-21T17:32:46","guid":{"rendered":"https:\/\/faberpet.ro\/stage\/produs\/jucarie-minge-cauciuc-sport-tare-10-cm\/"},"modified":"2025-09-26T14:03:33","modified_gmt":"2025-09-26T12:03:33","slug":"jucarie-minge-cauciuc-sport-tare-10-cm","status":"publish","type":"product","link":"https:\/\/faberpet.ro\/stage\/produs\/jucarie-minge-cauciuc-sport-tare-10-cm\/","title":{"rendered":"Jucarie minge cauciuc sport tare 10 cm"},"content":{"rendered":"<p>Juc\u0103ria este confec\u021bionat\u0103 din cauciuc, material ce foarte rezistent la intemperii \u015fi extrem de durabil. Acest material u\u015for elastic \u015fi non- toxic, este deosebit de prietenos cu din\u021bii c\u00e2inelui dumneavoastr\u0103. C\u00e2inilor le place s\u0103 alerge, s\u0103 prind\u0103 \u0219i s\u0103 aduc\u0103 juc\u0103riile. Are rol \u00een cur\u0103\u021barea din\u021bilor \u0219i a gingiilor. Potrivit\u0103 pentru toate v\u00e2rstele, de la c\u0103\u021belu\u0219i la seniori. U\u0219or de igienizat. Diametru: 10 cm.<\/p>\n","protected":false},"excerpt":{"rendered":"<p>Juc\u0103ria este confec\u021bionat\u0103 din cauciuc, material ce foarte rezistent la intemperii \u015fi extrem de durabil. Acest material u\u015for elastic \u015fi non- toxic, este deosebit de prietenos cu din\u021bii c\u00e2inelui dumneavoastr\u0103. C\u00e2inilor le place s\u0103 alerge, s\u0103 prind\u0103 \u0219i s\u0103 aduc\u0103 juc\u0103riile. Are rol \u00een cur\u0103\u021barea din\u021bilor \u0219i a gingiilor. Potrivit\u0103 pentru toate v\u00e2rstele, de la [&hellip;]<\/p>\n","protected":false},"featured_media":14308,"template":"","meta":[],"product_brand":[],"product_cat":[168,1109,1110],"product_tag":[1121,1120,1152],"class_list":{"0":"post-4521","1":"product","2":"type-product","3":"status-publish","4":"has-post-thumbnail","6":"product_cat-caini","7":"product_cat-jucarii","8":"product_cat-jucarii-minge","9":"product_tag-jucarie-caini","10":"product_tag-jucarie-minge","11":"product_tag-minge-cauciuc","13":"first","14":"instock","15":"shipping-taxable","16":"purchasable","17":"product-type-simple"},"_links":{"self":[{"href":"https:\/\/faberpet.ro\/stage\/wp-json\/wp\/v2\/product\/4521","targetHints":{"allow":["GET"]}}],"collection":[{"href":"https:\/\/faberpet.ro\/stage\/wp-json\/wp\/v2\/product"}],"about":[{"href":"https:\/\/faberpet.ro\/stage\/wp-json\/wp\/v2\/types\/product"}],"wp:featuredmedia":[{"embeddable":true,"href":"https:\/\/faberpet.ro\/stage\/wp-json\/wp\/v2\/media\/14308"}],"wp:attachment":[{"href":"https:\/\/faberpet.ro\/stage\/wp-json\/wp\/v2\/media?parent=4521"}],"wp:term":[{"taxonomy":"product_brand","embeddable":true,"href":"https:\/\/faberpet.ro\/stage\/wp-json\/wp\/v2\/product_brand?post=4521"},{"taxonomy":"product_cat","embeddable":true,"href":"https:\/\/faberpet.ro\/stage\/wp-json\/wp\/v2\/product_cat?post=4521"},{"taxonomy":"product_tag","embeddable":true,"href":"https:\/\/faberpet.ro\/stage\/wp-json\/wp\/v2\/product_tag?post=4521"}],"curies":[{"name":"wp","href":"https:\/\/api.w.org\/{rel}","templated":true}]}}