{"id":4532,"date":"2024-10-21T20:32:47","date_gmt":"2024-10-21T17:32:47","guid":{"rendered":"https:\/\/faberpet.ro\/stage\/produs\/jucarie-pisici-minge-franjuri-5-cm\/"},"modified":"2025-08-04T08:14:59","modified_gmt":"2025-08-04T06:14:59","slug":"jucarie-pisici-minge-franjuri-5-cm","status":"publish","type":"product","link":"https:\/\/faberpet.ro\/stage\/produs\/jucarie-pisici-minge-franjuri-5-cm\/","title":{"rendered":"Jucarie pisici minge franjuri 5 cm"},"content":{"rendered":"<p>Juc\u0103rie minge franjuri este special conceput\u0103 s\u0103 atrag\u0103 \u0219i s\u0103 capteze aten\u021bia pisicilor. Potrivit\u0103 pentru pisici. U\u0219or de igienizat. Diametru: 5 cm Pre\u021bul afi\u0219at este per set!<\/p>\n","protected":false},"excerpt":{"rendered":"<p>Juc\u0103rie minge franjuri este special conceput\u0103 s\u0103 atrag\u0103 \u0219i s\u0103 capteze aten\u021bia pisicilor. Potrivit\u0103 pentru pisici. U\u0219or de igienizat. Diametru: 5 cm Pre\u021bul afi\u0219at este per set!<\/p>\n","protected":false},"featured_media":9529,"template":"","meta":[],"product_brand":[],"product_cat":[1122,171],"product_tag":[1261,1138,1322],"class_list":{"0":"post-4532","1":"product","2":"type-product","3":"status-publish","4":"has-post-thumbnail","6":"product_cat-jucarii-pisici","7":"product_cat-pisici","8":"product_tag-caine-minge","9":"product_tag-jucarii-minge","10":"product_tag-minge-franjuri","12":"first","13":"instock","14":"shipping-taxable","15":"purchasable","16":"product-type-simple"},"_links":{"self":[{"href":"https:\/\/faberpet.ro\/stage\/wp-json\/wp\/v2\/product\/4532","targetHints":{"allow":["GET"]}}],"collection":[{"href":"https:\/\/faberpet.ro\/stage\/wp-json\/wp\/v2\/product"}],"about":[{"href":"https:\/\/faberpet.ro\/stage\/wp-json\/wp\/v2\/types\/product"}],"wp:featuredmedia":[{"embeddable":true,"href":"https:\/\/faberpet.ro\/stage\/wp-json\/wp\/v2\/media\/9529"}],"wp:attachment":[{"href":"https:\/\/faberpet.ro\/stage\/wp-json\/wp\/v2\/media?parent=4532"}],"wp:term":[{"taxonomy":"product_brand","embeddable":true,"href":"https:\/\/faberpet.ro\/stage\/wp-json\/wp\/v2\/product_brand?post=4532"},{"taxonomy":"product_cat","embeddable":true,"href":"https:\/\/faberpet.ro\/stage\/wp-json\/wp\/v2\/product_cat?post=4532"},{"taxonomy":"product_tag","embeddable":true,"href":"https:\/\/faberpet.ro\/stage\/wp-json\/wp\/v2\/product_tag?post=4532"}],"curies":[{"name":"wp","href":"https:\/\/api.w.org\/{rel}","templated":true}]}}