{"id":4533,"date":"2024-10-21T20:32:48","date_gmt":"2024-10-21T17:32:48","guid":{"rendered":"https:\/\/faberpet.ro\/stage\/produs\/jucarie-pisici-soricel-cu-minge-7-cm\/"},"modified":"2025-08-04T08:15:10","modified_gmt":"2025-08-04T06:15:10","slug":"jucarie-pisici-soricel-cu-minge-7-cm","status":"publish","type":"product","link":"https:\/\/faberpet.ro\/stage\/produs\/jucarie-pisici-soricel-cu-minge-7-cm\/","title":{"rendered":"Jucarie pisici soricel cu minge 7 cm"},"content":{"rendered":"<p>Juc\u0103rie pisici \u0219oricel cu minge este o juc\u0103rie de calitate pentru pisici fabricat\u0103 din silon. Are form\u0103 de \u0219oricel, pe care pisicile \u0219i c\u0103\u021belu\u0219ile \u00ee\u0219i pot ascu\u021bi gheru\u021bele. Potrivit\u0103 pentru c\u0103\u021belu\u0219i \u0219i pisici;U\u0219or de igienizat. Dimensiuni: 7 cm;<\/p>\n","protected":false},"excerpt":{"rendered":"<p>Juc\u0103rie pisici \u0219oricel cu minge este o juc\u0103rie de calitate pentru pisici fabricat\u0103 din silon. Are form\u0103 de \u0219oricel, pe care pisicile \u0219i c\u0103\u021belu\u0219ile \u00ee\u0219i pot ascu\u021bi gheru\u021bele. Potrivit\u0103 pentru c\u0103\u021belu\u0219i \u0219i pisici;U\u0219or de igienizat. Dimensiuni: 7 cm;<\/p>\n","protected":false},"featured_media":9530,"template":"","meta":[],"product_brand":[],"product_cat":[1122,171],"product_tag":[1237,1324,1117],"class_list":{"0":"post-4533","1":"product","2":"type-product","3":"status-publish","4":"has-post-thumbnail","6":"product_cat-jucarii-pisici","7":"product_cat-pisici","8":"product_tag-jucarie-pisici","9":"product_tag-jucarie-soricel","10":"product_tag-jucarii-caini","12":"first","13":"instock","14":"shipping-taxable","15":"purchasable","16":"product-type-simple"},"_links":{"self":[{"href":"https:\/\/faberpet.ro\/stage\/wp-json\/wp\/v2\/product\/4533","targetHints":{"allow":["GET"]}}],"collection":[{"href":"https:\/\/faberpet.ro\/stage\/wp-json\/wp\/v2\/product"}],"about":[{"href":"https:\/\/faberpet.ro\/stage\/wp-json\/wp\/v2\/types\/product"}],"wp:featuredmedia":[{"embeddable":true,"href":"https:\/\/faberpet.ro\/stage\/wp-json\/wp\/v2\/media\/9530"}],"wp:attachment":[{"href":"https:\/\/faberpet.ro\/stage\/wp-json\/wp\/v2\/media?parent=4533"}],"wp:term":[{"taxonomy":"product_brand","embeddable":true,"href":"https:\/\/faberpet.ro\/stage\/wp-json\/wp\/v2\/product_brand?post=4533"},{"taxonomy":"product_cat","embeddable":true,"href":"https:\/\/faberpet.ro\/stage\/wp-json\/wp\/v2\/product_cat?post=4533"},{"taxonomy":"product_tag","embeddable":true,"href":"https:\/\/faberpet.ro\/stage\/wp-json\/wp\/v2\/product_tag?post=4533"}],"curies":[{"name":"wp","href":"https:\/\/api.w.org\/{rel}","templated":true}]}}