{"id":4542,"date":"2024-10-21T20:32:49","date_gmt":"2024-10-21T17:32:49","guid":{"rendered":"https:\/\/faberpet.ro\/stage\/produs\/jucarie-soricei-6cm-dif-modele\/"},"modified":"2025-08-04T08:25:05","modified_gmt":"2025-08-04T06:25:05","slug":"jucarie-soricei-6cm-dif-modele","status":"publish","type":"product","link":"https:\/\/faberpet.ro\/stage\/produs\/jucarie-soricei-6cm-dif-modele\/","title":{"rendered":"Jucarie soricei 6cm dif. modele"},"content":{"rendered":"<p>Este special conceput\u0103 s\u0103 atrag\u0103 \u0219i s\u0103 capteze aten\u021bia pisicilor. Stimuleaz\u0103 instinctul de joac\u0103 \u0219i de pr\u0103d\u0103tor al pisicii \u0219i o \u021bine ocupat\u0103 ore \u00eendelungate. Potrivit\u0103 pentru pisicu\u021be. U\u0219or de igienizat. Lungime: 6 cm. Se vinde ambalat c\u00e2te 3 buc\/set! Pre\u021bul afi\u0219at este per set!<\/p>\n","protected":false},"excerpt":{"rendered":"<p>Este special conceput\u0103 s\u0103 atrag\u0103 \u0219i s\u0103 capteze aten\u021bia pisicilor. Stimuleaz\u0103 instinctul de joac\u0103 \u0219i de pr\u0103d\u0103tor al pisicii \u0219i o \u021bine ocupat\u0103 ore \u00eendelungate. Potrivit\u0103 pentru pisicu\u021be. U\u0219or de igienizat. Lungime: 6 cm. Se vinde ambalat c\u00e2te 3 buc\/set! Pre\u021bul afi\u0219at este per set!<\/p>\n","protected":false},"featured_media":9539,"template":"","meta":[],"product_brand":[],"product_cat":[1122,171],"product_tag":[1237,1332,1331],"class_list":{"0":"post-4542","1":"product","2":"type-product","3":"status-publish","4":"has-post-thumbnail","6":"product_cat-jucarii-pisici","7":"product_cat-pisici","8":"product_tag-jucarie-pisici","9":"product_tag-jucarie-pisicute","10":"product_tag-jucarii-soricei","12":"first","13":"instock","14":"shipping-taxable","15":"purchasable","16":"product-type-simple"},"_links":{"self":[{"href":"https:\/\/faberpet.ro\/stage\/wp-json\/wp\/v2\/product\/4542","targetHints":{"allow":["GET"]}}],"collection":[{"href":"https:\/\/faberpet.ro\/stage\/wp-json\/wp\/v2\/product"}],"about":[{"href":"https:\/\/faberpet.ro\/stage\/wp-json\/wp\/v2\/types\/product"}],"wp:featuredmedia":[{"embeddable":true,"href":"https:\/\/faberpet.ro\/stage\/wp-json\/wp\/v2\/media\/9539"}],"wp:attachment":[{"href":"https:\/\/faberpet.ro\/stage\/wp-json\/wp\/v2\/media?parent=4542"}],"wp:term":[{"taxonomy":"product_brand","embeddable":true,"href":"https:\/\/faberpet.ro\/stage\/wp-json\/wp\/v2\/product_brand?post=4542"},{"taxonomy":"product_cat","embeddable":true,"href":"https:\/\/faberpet.ro\/stage\/wp-json\/wp\/v2\/product_cat?post=4542"},{"taxonomy":"product_tag","embeddable":true,"href":"https:\/\/faberpet.ro\/stage\/wp-json\/wp\/v2\/product_tag?post=4542"}],"curies":[{"name":"wp","href":"https:\/\/api.w.org\/{rel}","templated":true}]}}