{"id":4551,"date":"2024-10-21T20:32:50","date_gmt":"2024-10-21T17:32:50","guid":{"rendered":"https:\/\/faberpet.ro\/stage\/produs\/jucarie-pisici-soricel-sizal-7-cm\/"},"modified":"2025-10-10T10:14:52","modified_gmt":"2025-10-10T08:14:52","slug":"jucarie-pisici-soricel-sizal-7-cm","status":"publish","type":"product","link":"https:\/\/faberpet.ro\/stage\/produs\/jucarie-pisici-soricel-sizal-7-cm\/","title":{"rendered":"Jucarie pisici soricel sizal 7 cm 3\/set"},"content":{"rendered":"<p>Este o juc\u0103rie de calitate pentru pisici fabricat\u0103 din sizal. Special conceput\u0103 s\u0103 atrag\u0103 \u0219i s\u0103 capteze aten\u021bia pisicilor. Are form\u0103 de \u0219oricel, pe care pisicile \u00ee\u0219i pot ascu\u021bi gheru\u021bele. U\u0219or de igienizat. Dimensiuni: 7 cm.<\/p>\n<p>Se vinde ambalat c\u00e2te 3 buc\/set! Pre\u021bul afi\u0219at este per buc!<\/p>\n","protected":false},"excerpt":{"rendered":"<p>Este o juc\u0103rie de calitate pentru pisici fabricat\u0103 din sizal. Special conceput\u0103 s\u0103 atrag\u0103 \u0219i s\u0103 capteze aten\u021bia pisicilor. Are form\u0103 de \u0219oricel, pe care pisicile \u00ee\u0219i pot ascu\u021bi gheru\u021bele. U\u0219or de igienizat. Dimensiuni: 7 cm. Se vinde ambalat c\u00e2te 3 buc\/set! Pre\u021bul afi\u0219at este per buc!<\/p>\n","protected":false},"featured_media":9548,"template":"","meta":[],"product_brand":[],"product_cat":[1122,171],"product_tag":[1337,1114,1338],"class_list":{"0":"post-4551","1":"product","2":"type-product","3":"status-publish","4":"has-post-thumbnail","6":"product_cat-jucarii-pisici","7":"product_cat-pisici","8":"product_tag-jucarie-soareci","9":"product_tag-jucarii-pisici","10":"product_tag-jucarii-pisicute","12":"first","13":"instock","14":"shipping-taxable","15":"purchasable","16":"product-type-simple"},"_links":{"self":[{"href":"https:\/\/faberpet.ro\/stage\/wp-json\/wp\/v2\/product\/4551","targetHints":{"allow":["GET"]}}],"collection":[{"href":"https:\/\/faberpet.ro\/stage\/wp-json\/wp\/v2\/product"}],"about":[{"href":"https:\/\/faberpet.ro\/stage\/wp-json\/wp\/v2\/types\/product"}],"wp:featuredmedia":[{"embeddable":true,"href":"https:\/\/faberpet.ro\/stage\/wp-json\/wp\/v2\/media\/9548"}],"wp:attachment":[{"href":"https:\/\/faberpet.ro\/stage\/wp-json\/wp\/v2\/media?parent=4551"}],"wp:term":[{"taxonomy":"product_brand","embeddable":true,"href":"https:\/\/faberpet.ro\/stage\/wp-json\/wp\/v2\/product_brand?post=4551"},{"taxonomy":"product_cat","embeddable":true,"href":"https:\/\/faberpet.ro\/stage\/wp-json\/wp\/v2\/product_cat?post=4551"},{"taxonomy":"product_tag","embeddable":true,"href":"https:\/\/faberpet.ro\/stage\/wp-json\/wp\/v2\/product_tag?post=4551"}],"curies":[{"name":"wp","href":"https:\/\/api.w.org\/{rel}","templated":true}]}}