{"id":4554,"date":"2024-10-21T20:32:50","date_gmt":"2024-10-21T17:32:50","guid":{"rendered":"https:\/\/faberpet.ro\/stage\/produs\/jucarie-pisici-yoyo-pestisor-10-cm\/"},"modified":"2025-08-04T08:39:45","modified_gmt":"2025-08-04T06:39:45","slug":"jucarie-pisici-yoyo-pestisor-10-cm","status":"publish","type":"product","link":"https:\/\/faberpet.ro\/stage\/produs\/jucarie-pisici-yoyo-pestisor-10-cm\/","title":{"rendered":"Jucarie pisici yoyo-pestisor 10 cm"},"content":{"rendered":"<p>Este o juc\u0103rie de calitate pentru pisici fabricat\u0103 din polyester. Are form\u0103 de pe\u0219tisor, pe care pisicile \u00ee\u0219i pot ascu\u021bi gheru\u021bele. Pe\u0219ti\u0219orul este ata\u0219at de o coard\u0103 elastic\u0103 ce poate fi ag\u0103\u021bat\u0103 pentru jocuri distractive cu felina dumneavoastr\u0103. Stimuleaz\u0103 instinctele naturale ale pisicii.<\/p>\n<p>Potrivit\u0103 pentru pisici;<\/p>\n<p>U\u0219or de igienizat.<\/p>\n<p>Dimensiuni: 10 cm;<\/p>\n","protected":false},"excerpt":{"rendered":"<p>Este o juc\u0103rie de calitate pentru pisici fabricat\u0103 din polyester. Are form\u0103 de pe\u0219tisor, pe care pisicile \u00ee\u0219i pot ascu\u021bi gheru\u021bele. Pe\u0219ti\u0219orul este ata\u0219at de o coard\u0103 elastic\u0103 ce poate fi ag\u0103\u021bat\u0103 pentru jocuri distractive cu felina dumneavoastr\u0103. Stimuleaz\u0103 instinctele naturale ale pisicii. Potrivit\u0103 pentru pisici; U\u0219or de igienizat. Dimensiuni: 10 cm;<\/p>\n","protected":false},"featured_media":12811,"template":"","meta":[],"product_brand":[],"product_cat":[1122,171],"product_tag":[1121,1237,1341],"class_list":{"0":"post-4554","1":"product","2":"type-product","3":"status-publish","4":"has-post-thumbnail","6":"product_cat-jucarii-pisici","7":"product_cat-pisici","8":"product_tag-jucarie-caini","9":"product_tag-jucarie-pisici","10":"product_tag-jucarie-pisici-pestisor","12":"first","13":"instock","14":"shipping-taxable","15":"purchasable","16":"product-type-simple"},"_links":{"self":[{"href":"https:\/\/faberpet.ro\/stage\/wp-json\/wp\/v2\/product\/4554","targetHints":{"allow":["GET"]}}],"collection":[{"href":"https:\/\/faberpet.ro\/stage\/wp-json\/wp\/v2\/product"}],"about":[{"href":"https:\/\/faberpet.ro\/stage\/wp-json\/wp\/v2\/types\/product"}],"wp:featuredmedia":[{"embeddable":true,"href":"https:\/\/faberpet.ro\/stage\/wp-json\/wp\/v2\/media\/12811"}],"wp:attachment":[{"href":"https:\/\/faberpet.ro\/stage\/wp-json\/wp\/v2\/media?parent=4554"}],"wp:term":[{"taxonomy":"product_brand","embeddable":true,"href":"https:\/\/faberpet.ro\/stage\/wp-json\/wp\/v2\/product_brand?post=4554"},{"taxonomy":"product_cat","embeddable":true,"href":"https:\/\/faberpet.ro\/stage\/wp-json\/wp\/v2\/product_cat?post=4554"},{"taxonomy":"product_tag","embeddable":true,"href":"https:\/\/faberpet.ro\/stage\/wp-json\/wp\/v2\/product_tag?post=4554"}],"curies":[{"name":"wp","href":"https:\/\/api.w.org\/{rel}","templated":true}]}}