{"id":4556,"date":"2024-10-21T20:32:50","date_gmt":"2024-10-21T17:32:50","guid":{"rendered":"https:\/\/faberpet.ro\/stage\/produs\/jucarie-pisici-sfera-cu-bila-10-cm\/"},"modified":"2025-08-04T08:41:20","modified_gmt":"2025-08-04T06:41:20","slug":"jucarie-pisici-sfera-cu-bila-10-cm","status":"publish","type":"product","link":"https:\/\/faberpet.ro\/stage\/produs\/jucarie-pisici-sfera-cu-bila-10-cm\/","title":{"rendered":"Jucarie pisici sfera cu bila 10 cm"},"content":{"rendered":"<p>Juc\u0103ria este confec\u021bionat\u0103 din plastic. Este special conceput\u0103 s\u0103 atrag\u0103 \u0219i s\u0103 capteze aten\u021bia pisicilor \u0219i c\u0103\u021belu\u0219ilor. Potrivit\u0103 pentru pisici \u0219i c\u0103\u021belu\u0219i. U\u0219or de igienizat. Diametru: 10 cm. Aten\u021bie! Ca \u00een cazul oric\u0103rui alt produs, este important s\u0103 v\u0103 supraveghea\u021bi animalul de companie \u00een timpul jocului. Verifica\u021bi produsul \u00een mod regulat \u0219i \u00eenlocui\u021bi- l \u00een cazul \u00een care este deteriorat sau \u00eei lipsesc piese pentru a evita o eventual\u0103 r\u0103nire a animalului de companie. este recomandat \u00eenlocuirea juc\u0103riei \u00een momentul deterior\u0103rii!<\/p>\n","protected":false},"excerpt":{"rendered":"<p>Juc\u0103ria este confec\u021bionat\u0103 din plastic. Este special conceput\u0103 s\u0103 atrag\u0103 \u0219i s\u0103 capteze aten\u021bia pisicilor \u0219i c\u0103\u021belu\u0219ilor. Potrivit\u0103 pentru pisici \u0219i c\u0103\u021belu\u0219i. U\u0219or de igienizat. Diametru: 10 cm. Aten\u021bie! Ca \u00een cazul oric\u0103rui alt produs, este important s\u0103 v\u0103 supraveghea\u021bi animalul de companie \u00een timpul jocului. Verifica\u021bi produsul \u00een mod regulat \u0219i \u00eenlocui\u021bi- l \u00een [&hellip;]<\/p>\n","protected":false},"featured_media":9553,"template":"","meta":[],"product_brand":[],"product_cat":[1122,171],"product_tag":[1342,1321,1114],"class_list":{"0":"post-4556","1":"product","2":"type-product","3":"status-publish","4":"has-post-thumbnail","6":"product_cat-jucarii-pisici","7":"product_cat-pisici","8":"product_tag-jucarie-jucarie-pisici","9":"product_tag-jucarie-pisici-soricel","10":"product_tag-jucarii-pisici","12":"first","13":"instock","14":"shipping-taxable","15":"purchasable","16":"product-type-simple"},"_links":{"self":[{"href":"https:\/\/faberpet.ro\/stage\/wp-json\/wp\/v2\/product\/4556","targetHints":{"allow":["GET"]}}],"collection":[{"href":"https:\/\/faberpet.ro\/stage\/wp-json\/wp\/v2\/product"}],"about":[{"href":"https:\/\/faberpet.ro\/stage\/wp-json\/wp\/v2\/types\/product"}],"wp:featuredmedia":[{"embeddable":true,"href":"https:\/\/faberpet.ro\/stage\/wp-json\/wp\/v2\/media\/9553"}],"wp:attachment":[{"href":"https:\/\/faberpet.ro\/stage\/wp-json\/wp\/v2\/media?parent=4556"}],"wp:term":[{"taxonomy":"product_brand","embeddable":true,"href":"https:\/\/faberpet.ro\/stage\/wp-json\/wp\/v2\/product_brand?post=4556"},{"taxonomy":"product_cat","embeddable":true,"href":"https:\/\/faberpet.ro\/stage\/wp-json\/wp\/v2\/product_cat?post=4556"},{"taxonomy":"product_tag","embeddable":true,"href":"https:\/\/faberpet.ro\/stage\/wp-json\/wp\/v2\/product_tag?post=4556"}],"curies":[{"name":"wp","href":"https:\/\/api.w.org\/{rel}","templated":true}]}}