{"id":4558,"date":"2024-10-21T20:32:50","date_gmt":"2024-10-21T17:32:50","guid":{"rendered":"https:\/\/faberpet.ro\/stage\/produs\/jucarie-pernute-cu-clopotel-pentru-pisici\/"},"modified":"2025-08-04T08:41:44","modified_gmt":"2025-08-04T06:41:44","slug":"jucarie-pernute-cu-clopotel-pentru-pisici","status":"publish","type":"product","link":"https:\/\/faberpet.ro\/stage\/produs\/jucarie-pernute-cu-clopotel-pentru-pisici\/","title":{"rendered":"Jucarie pernute cu clopotel pentru pisici"},"content":{"rendered":"<p>Juc\u0103riile satisfac pofta de joac\u0103 a pisicu\u021belor. Acestea vor permite pisicii posibilitatea de a r\u0103m\u00e2ne ocupat\u0103. Sunt perfecte pentru stimularea mental\u0103 \u0219i fizic\u0103, p\u0103str\u00e2ndu- le alerte, agile \u0219i s\u0103n\u0103toase. Fie c\u0103 e sau nu st\u0103p\u00e2nul acas\u0103, pisicu\u021ba nu se va plictisi. Aten\u021bie! Ca \u00een cazul oric\u0103rui alt produs, este important s\u0103 v\u0103 supraveghea\u021bi animalul de companie \u00een timpul jocului. Verifica\u021bi produsul \u00een mod regulat \u0219i \u00eenlocui\u021bi- l \u00een cazul \u00een care este deteriorat sau \u00eei lipsesc piese pentru a evita o eventual\u0103 r\u0103nire a animalului de companie.<\/p>\n","protected":false},"excerpt":{"rendered":"<p>Juc\u0103riile satisfac pofta de joac\u0103 a pisicu\u021belor. Acestea vor permite pisicii posibilitatea de a r\u0103m\u00e2ne ocupat\u0103. Sunt perfecte pentru stimularea mental\u0103 \u0219i fizic\u0103, p\u0103str\u00e2ndu- le alerte, agile \u0219i s\u0103n\u0103toase. Fie c\u0103 e sau nu st\u0103p\u00e2nul acas\u0103, pisicu\u021ba nu se va plictisi. Aten\u021bie! Ca \u00een cazul oric\u0103rui alt produs, este important s\u0103 v\u0103 supraveghea\u021bi animalul de [&hellip;]<\/p>\n","protected":false},"featured_media":9555,"template":"","meta":[],"product_brand":[],"product_cat":[1122,171],"product_tag":[1344,1343,1237],"class_list":{"0":"post-4558","1":"product","2":"type-product","3":"status-publish","4":"has-post-thumbnail","6":"product_cat-jucarii-pisici","7":"product_cat-pisici","8":"product_tag-jucarie-pernute","9":"product_tag-jucarie-pernute-pisici","10":"product_tag-jucarie-pisici","12":"first","13":"instock","14":"shipping-taxable","15":"purchasable","16":"product-type-simple"},"_links":{"self":[{"href":"https:\/\/faberpet.ro\/stage\/wp-json\/wp\/v2\/product\/4558","targetHints":{"allow":["GET"]}}],"collection":[{"href":"https:\/\/faberpet.ro\/stage\/wp-json\/wp\/v2\/product"}],"about":[{"href":"https:\/\/faberpet.ro\/stage\/wp-json\/wp\/v2\/types\/product"}],"wp:featuredmedia":[{"embeddable":true,"href":"https:\/\/faberpet.ro\/stage\/wp-json\/wp\/v2\/media\/9555"}],"wp:attachment":[{"href":"https:\/\/faberpet.ro\/stage\/wp-json\/wp\/v2\/media?parent=4558"}],"wp:term":[{"taxonomy":"product_brand","embeddable":true,"href":"https:\/\/faberpet.ro\/stage\/wp-json\/wp\/v2\/product_brand?post=4558"},{"taxonomy":"product_cat","embeddable":true,"href":"https:\/\/faberpet.ro\/stage\/wp-json\/wp\/v2\/product_cat?post=4558"},{"taxonomy":"product_tag","embeddable":true,"href":"https:\/\/faberpet.ro\/stage\/wp-json\/wp\/v2\/product_tag?post=4558"}],"curies":[{"name":"wp","href":"https:\/\/api.w.org\/{rel}","templated":true}]}}