{"id":4559,"date":"2024-10-21T20:32:51","date_gmt":"2024-10-21T17:32:51","guid":{"rendered":"https:\/\/faberpet.ro\/stage\/produs\/jucarie-pisici-textil-yoyo-manusa-12-cm\/"},"modified":"2025-08-04T08:41:56","modified_gmt":"2025-08-04T06:41:56","slug":"jucarie-pisici-textil-yoyo-manusa-12-cm","status":"publish","type":"product","link":"https:\/\/faberpet.ro\/stage\/produs\/jucarie-pisici-textil-yoyo-manusa-12-cm\/","title":{"rendered":"Jucarie pisici textil YOYO manusa 12 cm"},"content":{"rendered":"<p>Pentru joac\u0103 interactiv\u0103 cu pisica dumneavaoastra. Aceasta juc\u0103rie este proiectat\u0103 s\u0103 ofere satisfac\u021bie \u00een timpul \u0219edin\u021belor prelungite de joac\u0103. Pisica \u00ee\u0219i va putea ag\u0103\u021ba \u0219i prinde cu bucurie juc\u0103ria mult dorit\u0103. U\u0219or de igienizat. Dimensiuni: 12 cm Supraveghea\u021bi animalul \u00een timpul orelor de joac\u0103 \u0219i \u00een cazul deterior\u0103rii \u00eenlocui\u021bi juc\u0103ria pentru a evita r\u0103nirea animalului de companie!<\/p>\n","protected":false},"excerpt":{"rendered":"<p>Pentru joac\u0103 interactiv\u0103 cu pisica dumneavaoastra. Aceasta juc\u0103rie este proiectat\u0103 s\u0103 ofere satisfac\u021bie \u00een timpul \u0219edin\u021belor prelungite de joac\u0103. Pisica \u00ee\u0219i va putea ag\u0103\u021ba \u0219i prinde cu bucurie juc\u0103ria mult dorit\u0103. U\u0219or de igienizat. Dimensiuni: 12 cm Supraveghea\u021bi animalul \u00een timpul orelor de joac\u0103 \u0219i \u00een cazul deterior\u0103rii \u00eenlocui\u021bi juc\u0103ria pentru a evita r\u0103nirea animalului [&hellip;]<\/p>\n","protected":false},"featured_media":9556,"template":"","meta":[],"product_brand":[],"product_cat":[1122,171],"product_tag":[1117,1346,1345],"class_list":{"0":"post-4559","1":"product","2":"type-product","3":"status-publish","4":"has-post-thumbnail","6":"product_cat-jucarii-pisici","7":"product_cat-pisici","8":"product_tag-jucarii-caini","9":"product_tag-jucarii-manusa","10":"product_tag-textil-manusa","12":"first","13":"instock","14":"shipping-taxable","15":"purchasable","16":"product-type-simple"},"_links":{"self":[{"href":"https:\/\/faberpet.ro\/stage\/wp-json\/wp\/v2\/product\/4559","targetHints":{"allow":["GET"]}}],"collection":[{"href":"https:\/\/faberpet.ro\/stage\/wp-json\/wp\/v2\/product"}],"about":[{"href":"https:\/\/faberpet.ro\/stage\/wp-json\/wp\/v2\/types\/product"}],"wp:featuredmedia":[{"embeddable":true,"href":"https:\/\/faberpet.ro\/stage\/wp-json\/wp\/v2\/media\/9556"}],"wp:attachment":[{"href":"https:\/\/faberpet.ro\/stage\/wp-json\/wp\/v2\/media?parent=4559"}],"wp:term":[{"taxonomy":"product_brand","embeddable":true,"href":"https:\/\/faberpet.ro\/stage\/wp-json\/wp\/v2\/product_brand?post=4559"},{"taxonomy":"product_cat","embeddable":true,"href":"https:\/\/faberpet.ro\/stage\/wp-json\/wp\/v2\/product_cat?post=4559"},{"taxonomy":"product_tag","embeddable":true,"href":"https:\/\/faberpet.ro\/stage\/wp-json\/wp\/v2\/product_tag?post=4559"}],"curies":[{"name":"wp","href":"https:\/\/api.w.org\/{rel}","templated":true}]}}