{"id":4560,"date":"2024-10-21T20:32:51","date_gmt":"2024-10-21T17:32:51","guid":{"rendered":"https:\/\/faberpet.ro\/stage\/produs\/jucarie-pisici-undita-pe-bat-plastic-50-cm\/"},"modified":"2025-08-04T08:42:06","modified_gmt":"2025-08-04T06:42:06","slug":"jucarie-pisici-undita-pe-bat-plastic-50-cm","status":"publish","type":"product","link":"https:\/\/faberpet.ro\/stage\/produs\/jucarie-pisici-undita-pe-bat-plastic-50-cm\/","title":{"rendered":"Jucarie pisici undita pe bat plastic 50 cm"},"content":{"rendered":"<p>Undi\u021ba este formate dintr- un b\u0103\u021b din plastic \u0219i o sfoar\u0103 cu diferit\u0103 figurin\u0103 la cap\u0103t &#8211; pentru joac\u0103 interactiv\u0103 cu pisica dvs. . Pisica \u00ee\u0219i va putea ag\u0103\u021ba \u0219i prinde cu bucurie prada mult dorit\u0103. La cap\u0103t figurin\u0103 care odat\u0103 fluturate prin fa\u021ba pisoiului, \u00eei vor atrage aten\u021bia \u0219i- l vor invita la joac\u0103. Pisica va iubi aceast\u0103 juc\u0103rie! Lungimea undi\u021b\u0103: 50 cm;Se vinde ambalat c\u00e2te 3 buc\/set! Pre\u021bul afi\u0219at este per buc! Aten\u021bie: Ca \u0219i cu orice alt produs, supraveghea\u021bi pisica \u00een timpul jocului. Verifica\u021bi produsul regulat, \u00eenlocui\u021bi juc\u0103ria \u00een caz de piese lips\u0103 sau stric\u0103ciuni pentru a evita o eventual\u0103 r\u0103nire a animalului de companie.<\/p>\n","protected":false},"excerpt":{"rendered":"<p>Undi\u021ba este formate dintr- un b\u0103\u021b din plastic \u0219i o sfoar\u0103 cu diferit\u0103 figurin\u0103 la cap\u0103t &#8211; pentru joac\u0103 interactiv\u0103 cu pisica dvs. . Pisica \u00ee\u0219i va putea ag\u0103\u021ba \u0219i prinde cu bucurie prada mult dorit\u0103. La cap\u0103t figurin\u0103 care odat\u0103 fluturate prin fa\u021ba pisoiului, \u00eei vor atrage aten\u021bia \u0219i- l vor invita la joac\u0103. [&hellip;]<\/p>\n","protected":false},"featured_media":9557,"template":"","meta":[],"product_brand":[],"product_cat":[1122,171],"product_tag":[1347,1348,1349],"class_list":{"0":"post-4560","1":"product","2":"type-product","3":"status-publish","4":"has-post-thumbnail","6":"product_cat-jucarii-pisici","7":"product_cat-pisici","8":"product_tag-jucarie-pisici-undita","9":"product_tag-undita-cu-sfoara","10":"product_tag-undita-jucarie","12":"first","13":"instock","14":"shipping-taxable","15":"purchasable","16":"product-type-simple"},"_links":{"self":[{"href":"https:\/\/faberpet.ro\/stage\/wp-json\/wp\/v2\/product\/4560","targetHints":{"allow":["GET"]}}],"collection":[{"href":"https:\/\/faberpet.ro\/stage\/wp-json\/wp\/v2\/product"}],"about":[{"href":"https:\/\/faberpet.ro\/stage\/wp-json\/wp\/v2\/types\/product"}],"wp:featuredmedia":[{"embeddable":true,"href":"https:\/\/faberpet.ro\/stage\/wp-json\/wp\/v2\/media\/9557"}],"wp:attachment":[{"href":"https:\/\/faberpet.ro\/stage\/wp-json\/wp\/v2\/media?parent=4560"}],"wp:term":[{"taxonomy":"product_brand","embeddable":true,"href":"https:\/\/faberpet.ro\/stage\/wp-json\/wp\/v2\/product_brand?post=4560"},{"taxonomy":"product_cat","embeddable":true,"href":"https:\/\/faberpet.ro\/stage\/wp-json\/wp\/v2\/product_cat?post=4560"},{"taxonomy":"product_tag","embeddable":true,"href":"https:\/\/faberpet.ro\/stage\/wp-json\/wp\/v2\/product_tag?post=4560"}],"curies":[{"name":"wp","href":"https:\/\/api.w.org\/{rel}","templated":true}]}}