{"id":4570,"date":"2024-10-21T20:32:52","date_gmt":"2024-10-21T17:32:52","guid":{"rendered":"https:\/\/faberpet.ro\/stage\/produs\/ansamblu-de-joaca-pisici-bara-cu-minge-303035-cm-bej\/"},"modified":"2025-08-04T08:49:18","modified_gmt":"2025-08-04T06:49:18","slug":"ansamblu-de-joaca-pisici-bara-cu-minge-303035-cm-bej","status":"publish","type":"product","link":"https:\/\/faberpet.ro\/stage\/produs\/ansamblu-de-joaca-pisici-bara-cu-minge-303035-cm-bej\/","title":{"rendered":"Ansamblu de joaca pisici bara cu minge 30*30*35 cm bej"},"content":{"rendered":"<p>Ansamblu de joac\u0103 pentru pisici ofera posibilitatea de aventur\u0103 pentru pisica ta, o ajut\u0103, \u00eei sprijin\u0103 capacitatea de alpinism \u0219i are grij\u0103 de gherutele ei. Totu\u0219i, el combin\u0103 mai multe variante de joc \u0219i spa\u021biu pentru odihn\u0103 \u0219i retragere. Zg\u00e2rierea este o chestiune de instinct de pisic\u0103. Pisoiul face acest lucru pentru a sc\u0103pa de acoperirea interioar\u0103 moart\u0103 a ghearelor sale. Se \u00eent\u00e2mpl\u0103 c\u0103 mobilierul dvs. s\u0103 fie perfect pentru aceasta. este o activitate important\u0103 pentru o pisic\u0103, deoarece a\u0219a \u00ee\u0219i marcheaz\u0103 teritoriul. Dac\u0103 pisica ta face asta, \u00eenseamn\u0103 c\u0103 se simte \u00een siguran\u021b\u0103 \u00een casa ta. Cu toate acestea, puteti evita deteriorarea mobilierului cump\u0103r\u00e2nd un ansamblu de joac\u0103 pentru animalul dvs. de companie. Vine f\u0103r\u0103 asamblat;Material durabil sisal \u0219i plu\u0219 moale. Dimensiuni: 30*30*35 cm;<\/p>\n","protected":false},"excerpt":{"rendered":"<p>Ansamblu de joac\u0103 pentru pisici ofera posibilitatea de aventur\u0103 pentru pisica ta, o ajut\u0103, \u00eei sprijin\u0103 capacitatea de alpinism \u0219i are grij\u0103 de gherutele ei. Totu\u0219i, el combin\u0103 mai multe variante de joc \u0219i spa\u021biu pentru odihn\u0103 \u0219i retragere. Zg\u00e2rierea este o chestiune de instinct de pisic\u0103. Pisoiul face acest lucru pentru a sc\u0103pa de [&hellip;]<\/p>\n","protected":false},"featured_media":9567,"template":"","meta":[],"product_brand":[],"product_cat":[1122,171],"product_tag":[1354,1353,1237],"class_list":{"0":"post-4570","1":"product","2":"type-product","3":"status-publish","4":"has-post-thumbnail","6":"product_cat-jucarii-pisici","7":"product_cat-pisici","8":"product_tag-ansamblu-de-jucarie","9":"product_tag-ansamblu-joaca-pisici","10":"product_tag-jucarie-pisici","12":"first","13":"instock","14":"shipping-taxable","15":"purchasable","16":"product-type-simple"},"_links":{"self":[{"href":"https:\/\/faberpet.ro\/stage\/wp-json\/wp\/v2\/product\/4570","targetHints":{"allow":["GET"]}}],"collection":[{"href":"https:\/\/faberpet.ro\/stage\/wp-json\/wp\/v2\/product"}],"about":[{"href":"https:\/\/faberpet.ro\/stage\/wp-json\/wp\/v2\/types\/product"}],"wp:featuredmedia":[{"embeddable":true,"href":"https:\/\/faberpet.ro\/stage\/wp-json\/wp\/v2\/media\/9567"}],"wp:attachment":[{"href":"https:\/\/faberpet.ro\/stage\/wp-json\/wp\/v2\/media?parent=4570"}],"wp:term":[{"taxonomy":"product_brand","embeddable":true,"href":"https:\/\/faberpet.ro\/stage\/wp-json\/wp\/v2\/product_brand?post=4570"},{"taxonomy":"product_cat","embeddable":true,"href":"https:\/\/faberpet.ro\/stage\/wp-json\/wp\/v2\/product_cat?post=4570"},{"taxonomy":"product_tag","embeddable":true,"href":"https:\/\/faberpet.ro\/stage\/wp-json\/wp\/v2\/product_tag?post=4570"}],"curies":[{"name":"wp","href":"https:\/\/api.w.org\/{rel}","templated":true}]}}