{"id":4572,"date":"2024-10-21T20:32:52","date_gmt":"2024-10-21T17:32:52","guid":{"rendered":"https:\/\/faberpet.ro\/stage\/produs\/jucarie-interactiva-pentru-pisici-2\/"},"modified":"2025-08-04T08:49:48","modified_gmt":"2025-08-04T06:49:48","slug":"jucarie-interactiva-pentru-pisici-2","status":"publish","type":"product","link":"https:\/\/faberpet.ro\/stage\/produs\/jucarie-interactiva-pentru-pisici-2\/","title":{"rendered":"Jucarie interactiva pentru pisici"},"content":{"rendered":"<p>Este o juc\u0103rie de calitate pentru pisici fabricat\u0103 din plastic. Juc\u0103rie grozav\u0103 pentru toate pisicile. Ele pot prinde un \u0219oricel pe un arc sau o minge \u00een interiorul unui cerc. U\u0219or de igienizat. Diametru: aprox. 23 cm<\/p>\n","protected":false},"excerpt":{"rendered":"<p>Este o juc\u0103rie de calitate pentru pisici fabricat\u0103 din plastic. Juc\u0103rie grozav\u0103 pentru toate pisicile. Ele pot prinde un \u0219oricel pe un arc sau o minge \u00een interiorul unui cerc. U\u0219or de igienizat. Diametru: aprox. 23 cm<\/p>\n","protected":false},"featured_media":10918,"template":"","meta":[],"product_brand":[],"product_cat":[1122,171],"product_tag":[1355,1237,1114],"class_list":{"0":"post-4572","1":"product","2":"type-product","3":"status-publish","4":"has-post-thumbnail","6":"product_cat-jucarii-pisici","7":"product_cat-pisici","8":"product_tag-jucarie-interactiva","9":"product_tag-jucarie-pisici","10":"product_tag-jucarii-pisici","12":"first","13":"instock","14":"shipping-taxable","15":"purchasable","16":"product-type-simple"},"_links":{"self":[{"href":"https:\/\/faberpet.ro\/stage\/wp-json\/wp\/v2\/product\/4572","targetHints":{"allow":["GET"]}}],"collection":[{"href":"https:\/\/faberpet.ro\/stage\/wp-json\/wp\/v2\/product"}],"about":[{"href":"https:\/\/faberpet.ro\/stage\/wp-json\/wp\/v2\/types\/product"}],"wp:featuredmedia":[{"embeddable":true,"href":"https:\/\/faberpet.ro\/stage\/wp-json\/wp\/v2\/media\/10918"}],"wp:attachment":[{"href":"https:\/\/faberpet.ro\/stage\/wp-json\/wp\/v2\/media?parent=4572"}],"wp:term":[{"taxonomy":"product_brand","embeddable":true,"href":"https:\/\/faberpet.ro\/stage\/wp-json\/wp\/v2\/product_brand?post=4572"},{"taxonomy":"product_cat","embeddable":true,"href":"https:\/\/faberpet.ro\/stage\/wp-json\/wp\/v2\/product_cat?post=4572"},{"taxonomy":"product_tag","embeddable":true,"href":"https:\/\/faberpet.ro\/stage\/wp-json\/wp\/v2\/product_tag?post=4572"}],"curies":[{"name":"wp","href":"https:\/\/api.w.org\/{rel}","templated":true}]}}