{"id":4574,"date":"2024-10-21T20:32:53","date_gmt":"2024-10-21T17:32:53","guid":{"rendered":"https:\/\/faberpet.ro\/stage\/produs\/jucarie-lansator-minge-70-cm\/"},"modified":"2025-08-04T08:50:07","modified_gmt":"2025-08-04T06:50:07","slug":"jucarie-lansator-minge-70-cm","status":"publish","type":"product","link":"https:\/\/faberpet.ro\/stage\/produs\/jucarie-lansator-minge-70-cm\/","title":{"rendered":"Jucarie lansator minge 70 cm"},"content":{"rendered":"<p>Este o juc\u0103rie pentru c\u00e2ini, care \u00ee\u021bi va oferi \u021bie \u0219i c\u0103\u021belului t\u0103u multe momente amuzante. C\u00e2inilor le place s\u0103 alerge, s\u0103 prind\u0103 \u0219i s\u0103 aduc\u0103 juc\u0103riile. Juc\u0103ria este recomandat\u0103 tuturor c\u00e2inilor activi \u0219i dornici de exerci\u021bii \u00een aer liber;Lansatorul vine \u00eenso\u021bit de dou\u0103 mingi. Rabatabil. U\u0219or de igienizat. Lungime: 70 cm. Aten\u021bie! Ca \u00een cazul oric\u0103rui alt produs, este important s\u0103 v\u0103 supraveghea\u021bi animalul de companie \u00een timpul jocului. Verifica\u021bi produsul \u00een mod regulat \u0219i \u00eenlocui\u021bi- l \u00een cazul \u00een care este deteriorat sau \u00eei lipsesc piese pentru a evita o eventual\u0103 r\u0103nire a animalului de companie. este recomandat \u00eenlocuirea juc\u0103riei \u00een momentul deterior\u0103rii!<\/p>\n","protected":false},"excerpt":{"rendered":"<p>Este o juc\u0103rie pentru c\u00e2ini, care \u00ee\u021bi va oferi \u021bie \u0219i c\u0103\u021belului t\u0103u multe momente amuzante. C\u00e2inilor le place s\u0103 alerge, s\u0103 prind\u0103 \u0219i s\u0103 aduc\u0103 juc\u0103riile. Juc\u0103ria este recomandat\u0103 tuturor c\u00e2inilor activi \u0219i dornici de exerci\u021bii \u00een aer liber;Lansatorul vine \u00eenso\u021bit de dou\u0103 mingi. Rabatabil. U\u0219or de igienizat. Lungime: 70 cm. Aten\u021bie! Ca \u00een [&hellip;]<\/p>\n","protected":false},"featured_media":9570,"template":"","meta":[],"product_brand":[],"product_cat":[168,1109,1188],"product_tag":[1227,1126,1117],"class_list":{"0":"post-4574","1":"product","2":"type-product","3":"status-publish","4":"has-post-thumbnail","6":"product_cat-caini","7":"product_cat-jucarii","8":"product_cat-jucarii-aport","9":"product_tag-joc-caine","10":"product_tag-jucarie-caine","11":"product_tag-jucarii-caini","13":"first","14":"instock","15":"shipping-taxable","16":"purchasable","17":"product-type-simple"},"_links":{"self":[{"href":"https:\/\/faberpet.ro\/stage\/wp-json\/wp\/v2\/product\/4574","targetHints":{"allow":["GET"]}}],"collection":[{"href":"https:\/\/faberpet.ro\/stage\/wp-json\/wp\/v2\/product"}],"about":[{"href":"https:\/\/faberpet.ro\/stage\/wp-json\/wp\/v2\/types\/product"}],"wp:featuredmedia":[{"embeddable":true,"href":"https:\/\/faberpet.ro\/stage\/wp-json\/wp\/v2\/media\/9570"}],"wp:attachment":[{"href":"https:\/\/faberpet.ro\/stage\/wp-json\/wp\/v2\/media?parent=4574"}],"wp:term":[{"taxonomy":"product_brand","embeddable":true,"href":"https:\/\/faberpet.ro\/stage\/wp-json\/wp\/v2\/product_brand?post=4574"},{"taxonomy":"product_cat","embeddable":true,"href":"https:\/\/faberpet.ro\/stage\/wp-json\/wp\/v2\/product_cat?post=4574"},{"taxonomy":"product_tag","embeddable":true,"href":"https:\/\/faberpet.ro\/stage\/wp-json\/wp\/v2\/product_tag?post=4574"}],"curies":[{"name":"wp","href":"https:\/\/api.w.org\/{rel}","templated":true}]}}