{"id":4579,"date":"2024-10-21T20:32:53","date_gmt":"2024-10-21T17:32:53","guid":{"rendered":"https:\/\/faberpet.ro\/stage\/produs\/lesa-chinga-modelata-1-200-cm\/"},"modified":"2025-08-04T08:52:01","modified_gmt":"2025-08-04T06:52:01","slug":"lesa-chinga-modelata-1-200-cm","status":"publish","type":"product","link":"https:\/\/faberpet.ro\/stage\/produs\/lesa-chinga-modelata-1-200-cm\/","title":{"rendered":"Lesa chinga modelata 1\/200 cm"},"content":{"rendered":"<p>Les\u0103 ching\u0103 este realizat din bumbac. Poate fi folosit\u0103, \u00een timpul plimb\u0103rilor prin spa\u021bii largi, pu\u021bin populate, c\u00e2nd dore\u015fti s\u0103 oferi mai mult\u0103 libertate de mi\u0219care c\u00e2inelui. Rezistent\u0103 \u0219i calitatea produsului permite folosirea acestuia \u00een cazul c\u00e2inilor mic\u0103 \u0219i medie. Carabiniera este metalic\u0103, se poate ata\u0219a \u0219i deta\u0219a u\u0219or de zgarda c\u0103inelui. Are un sistem, care \u00eempiedic\u0103 deschiderea accidental\u0103 a acestuia. U\u0219or de \u00eentre\u021binut prin sp\u0103lare manual\u0103 cu ap\u0103 cald\u0103 \u0219i detergent. Dimensiuni les\u0103: l\u0103\u021bime 1 cm \u0219i lungime 200 cm.<\/p>\n","protected":false},"excerpt":{"rendered":"<p>Les\u0103 ching\u0103 este realizat din bumbac. Poate fi folosit\u0103, \u00een timpul plimb\u0103rilor prin spa\u021bii largi, pu\u021bin populate, c\u00e2nd dore\u015fti s\u0103 oferi mai mult\u0103 libertate de mi\u0219care c\u00e2inelui. Rezistent\u0103 \u0219i calitatea produsului permite folosirea acestuia \u00een cazul c\u00e2inilor mic\u0103 \u0219i medie. Carabiniera este metalic\u0103, se poate ata\u0219a \u0219i deta\u0219a u\u0219or de zgarda c\u0103inelui. Are un sistem, [&hellip;]<\/p>\n","protected":false},"featured_media":9579,"template":"","meta":[],"product_brand":[],"product_cat":[168,935,912,1360,911,171],"product_tag":[1363,902,931],"class_list":{"0":"post-4579","1":"product","2":"type-product","3":"status-publish","4":"has-post-thumbnail","6":"product_cat-caini","7":"product_cat-lese","8":"product_cat-lese-chinga","9":"product_cat-lese-chinga-lese","10":"product_cat-lese-pisici","11":"product_cat-pisici","12":"product_tag-lesa-pisici","13":"product_tag-lese-chinga","14":"product_tag-lese-pentru-caini","16":"first","17":"instock","18":"shipping-taxable","19":"purchasable","20":"product-type-simple"},"_links":{"self":[{"href":"https:\/\/faberpet.ro\/stage\/wp-json\/wp\/v2\/product\/4579","targetHints":{"allow":["GET"]}}],"collection":[{"href":"https:\/\/faberpet.ro\/stage\/wp-json\/wp\/v2\/product"}],"about":[{"href":"https:\/\/faberpet.ro\/stage\/wp-json\/wp\/v2\/types\/product"}],"wp:featuredmedia":[{"embeddable":true,"href":"https:\/\/faberpet.ro\/stage\/wp-json\/wp\/v2\/media\/9579"}],"wp:attachment":[{"href":"https:\/\/faberpet.ro\/stage\/wp-json\/wp\/v2\/media?parent=4579"}],"wp:term":[{"taxonomy":"product_brand","embeddable":true,"href":"https:\/\/faberpet.ro\/stage\/wp-json\/wp\/v2\/product_brand?post=4579"},{"taxonomy":"product_cat","embeddable":true,"href":"https:\/\/faberpet.ro\/stage\/wp-json\/wp\/v2\/product_cat?post=4579"},{"taxonomy":"product_tag","embeddable":true,"href":"https:\/\/faberpet.ro\/stage\/wp-json\/wp\/v2\/product_tag?post=4579"}],"curies":[{"name":"wp","href":"https:\/\/api.w.org\/{rel}","templated":true}]}}