{"id":4588,"date":"2024-10-21T20:32:54","date_gmt":"2024-10-21T17:32:54","guid":{"rendered":"https:\/\/faberpet.ro\/stage\/produs\/lesa-chinga-simpla-xl-25120-cm-22-28-kg\/"},"modified":"2025-08-04T08:55:20","modified_gmt":"2025-08-04T06:55:20","slug":"lesa-chinga-simpla-xl-25120-cm-22-28-kg","status":"publish","type":"product","link":"https:\/\/faberpet.ro\/stage\/produs\/lesa-chinga-simpla-xl-25120-cm-22-28-kg\/","title":{"rendered":"Lesa chinga simpla XL 2,5*120 cm 22-28 kg"},"content":{"rendered":"<p>Este confec\u021bionat\u0103 din nylon rezistent, durabil. Poate fi folosit\u0103, \u00een timpul plimb\u0103rilor prin spa\u021bii largi, pu\u021bin populate, c\u00e2nd dore\u0219ti s\u0103 oferi mai mult\u0103 libertate de mi\u0219care c\u00e2inelui. Rezistent\u0103 \u0219i calitatea produsului permite folosirea acestuia \u00een cazul c\u00e2inilor foarte mic\u0103 \u0219i mic\u0103. Carabiniera este metalic\u0103, se poate ata\u0219a \u0219i deta\u0219a u\u0219or de zgarda c\u00e2inelui. Are un sistem, care \u00eempiedic\u0103 deschiderea accidental\u0103 a acestuia. U\u0219or de \u00eentre\u021binut prin sp\u0103lare manual\u0103 cu ap\u0103 cald\u0103 \u0219i detergent. Dimensiuni les\u0103: l\u0103\u021bime 2, 5 cm \u0219i lungime 120 cm. Nu folosi\u021bi lesa \u00een alt scop dec\u00e2t cel pentru care a fost creat\u0103. IMPORTANT: Acest produs este disponibil \u00een diverse culori, a\u0219adar nu putem garanta livrarea unei anumite culori.<\/p>\n","protected":false},"excerpt":{"rendered":"<p>Este confec\u021bionat\u0103 din nylon rezistent, durabil. Poate fi folosit\u0103, \u00een timpul plimb\u0103rilor prin spa\u021bii largi, pu\u021bin populate, c\u00e2nd dore\u0219ti s\u0103 oferi mai mult\u0103 libertate de mi\u0219care c\u00e2inelui. Rezistent\u0103 \u0219i calitatea produsului permite folosirea acestuia \u00een cazul c\u00e2inilor foarte mic\u0103 \u0219i mic\u0103. Carabiniera este metalic\u0103, se poate ata\u0219a \u0219i deta\u0219a u\u0219or de zgarda c\u00e2inelui. Are un [&hellip;]<\/p>\n","protected":false},"featured_media":9588,"template":"","meta":[],"product_brand":[],"product_cat":[168,935,1360],"product_tag":[1373,1374,1367],"class_list":{"0":"post-4588","1":"product","2":"type-product","3":"status-publish","4":"has-post-thumbnail","6":"product_cat-caini","7":"product_cat-lese","8":"product_cat-lese-chinga-lese","9":"product_tag-chinga-lesa","10":"product_tag-lesa-captusit","11":"product_tag-lesa-chinga-caini","13":"first","14":"instock","15":"shipping-taxable","16":"purchasable","17":"product-type-simple"},"_links":{"self":[{"href":"https:\/\/faberpet.ro\/stage\/wp-json\/wp\/v2\/product\/4588","targetHints":{"allow":["GET"]}}],"collection":[{"href":"https:\/\/faberpet.ro\/stage\/wp-json\/wp\/v2\/product"}],"about":[{"href":"https:\/\/faberpet.ro\/stage\/wp-json\/wp\/v2\/types\/product"}],"wp:featuredmedia":[{"embeddable":true,"href":"https:\/\/faberpet.ro\/stage\/wp-json\/wp\/v2\/media\/9588"}],"wp:attachment":[{"href":"https:\/\/faberpet.ro\/stage\/wp-json\/wp\/v2\/media?parent=4588"}],"wp:term":[{"taxonomy":"product_brand","embeddable":true,"href":"https:\/\/faberpet.ro\/stage\/wp-json\/wp\/v2\/product_brand?post=4588"},{"taxonomy":"product_cat","embeddable":true,"href":"https:\/\/faberpet.ro\/stage\/wp-json\/wp\/v2\/product_cat?post=4588"},{"taxonomy":"product_tag","embeddable":true,"href":"https:\/\/faberpet.ro\/stage\/wp-json\/wp\/v2\/product_tag?post=4588"}],"curies":[{"name":"wp","href":"https:\/\/api.w.org\/{rel}","templated":true}]}}