{"id":4600,"date":"2024-10-21T20:32:57","date_gmt":"2024-10-21T17:32:57","guid":{"rendered":"https:\/\/faberpet.ro\/stage\/produs\/lesa-chinga-cuplaj-la-siguranta-auto-25-68-cm\/"},"modified":"2025-08-04T09:00:16","modified_gmt":"2025-08-04T07:00:16","slug":"lesa-chinga-cuplaj-la-siguranta-auto-25-68-cm","status":"publish","type":"product","link":"https:\/\/faberpet.ro\/stage\/produs\/lesa-chinga-cuplaj-la-siguranta-auto-25-68-cm\/","title":{"rendered":"Lesa chinga cuplaj la siguranta auto 2,5\/68 cm"},"content":{"rendered":"<p>Este confec\u021bionat\u0103 din nylon rezistent, durabil. Recomandat\u0103 pentru fixarea c\u00e2inelui \u00een ma\u0219in\u0103 \u00een timpul c\u0103l\u0103toriilor. Unul din capetele lesei se fixeaz\u0103 \u00een locul centurii de siguran\u021b\u0103, iar cealalt\u0103 de hamul c\u00e2inelui \u0219i pentru o siguran\u021b\u0103 sporit\u0103 recomand\u0103m folosirea hamului \u00een locul zg\u0103rzii. Lesa este compatibil\u0103 cu toate tipurile de centuri de siguran\u021b\u0103. Carabiniera este metalic\u0103, se poate ata\u0219a \u0219i deta\u0219a u\u0219or de zgarda c\u0103inelui. Are un sistem, care \u00eempiedic\u0103 deschiderea accidental\u0103 a acestuia. U\u0219or de \u00eentre\u021binut prin sp\u0103lare manual\u0103 cu ap\u0103 cald\u0103 \u0219i detergent. Lungimea lesei este ajustabil\u0103 \u00eentre 43- 68 cm. Dimensiuni les\u0103: l\u0103\u021bime 2, 5 cm \u0219i lungime 68 cm. IMPORTANT: Acest produs este disponibil \u00een diverse culori, a\u0219adar nu putem garanta livrarea unei anumite culori.<\/p>\n","protected":false},"excerpt":{"rendered":"<p>Este confec\u021bionat\u0103 din nylon rezistent, durabil. Recomandat\u0103 pentru fixarea c\u00e2inelui \u00een ma\u0219in\u0103 \u00een timpul c\u0103l\u0103toriilor. Unul din capetele lesei se fixeaz\u0103 \u00een locul centurii de siguran\u021b\u0103, iar cealalt\u0103 de hamul c\u00e2inelui \u0219i pentru o siguran\u021b\u0103 sporit\u0103 recomand\u0103m folosirea hamului \u00een locul zg\u0103rzii. Lesa este compatibil\u0103 cu toate tipurile de centuri de siguran\u021b\u0103. Carabiniera este metalic\u0103, [&hellip;]<\/p>\n","protected":false},"featured_media":9599,"template":"","meta":[],"product_brand":[],"product_cat":[168,935,1360],"product_tag":[1390,842,1391],"class_list":{"0":"post-4600","1":"product","2":"type-product","3":"status-publish","4":"has-post-thumbnail","6":"product_cat-caini","7":"product_cat-lese","8":"product_cat-lese-chinga-lese","9":"product_tag-lesa-centura-siguranta","10":"product_tag-lesa-pentru-caini","11":"product_tag-lesa-pentru-masina","13":"first","14":"instock","15":"shipping-taxable","16":"purchasable","17":"product-type-simple"},"_links":{"self":[{"href":"https:\/\/faberpet.ro\/stage\/wp-json\/wp\/v2\/product\/4600","targetHints":{"allow":["GET"]}}],"collection":[{"href":"https:\/\/faberpet.ro\/stage\/wp-json\/wp\/v2\/product"}],"about":[{"href":"https:\/\/faberpet.ro\/stage\/wp-json\/wp\/v2\/types\/product"}],"wp:featuredmedia":[{"embeddable":true,"href":"https:\/\/faberpet.ro\/stage\/wp-json\/wp\/v2\/media\/9599"}],"wp:attachment":[{"href":"https:\/\/faberpet.ro\/stage\/wp-json\/wp\/v2\/media?parent=4600"}],"wp:term":[{"taxonomy":"product_brand","embeddable":true,"href":"https:\/\/faberpet.ro\/stage\/wp-json\/wp\/v2\/product_brand?post=4600"},{"taxonomy":"product_cat","embeddable":true,"href":"https:\/\/faberpet.ro\/stage\/wp-json\/wp\/v2\/product_cat?post=4600"},{"taxonomy":"product_tag","embeddable":true,"href":"https:\/\/faberpet.ro\/stage\/wp-json\/wp\/v2\/product_tag?post=4600"}],"curies":[{"name":"wp","href":"https:\/\/api.w.org\/{rel}","templated":true}]}}