{"id":4611,"date":"2024-10-21T20:32:58","date_gmt":"2024-10-21T17:32:58","guid":{"rendered":"https:\/\/faberpet.ro\/stage\/produs\/lesa-piele-cu-trei-inele-si-arc-12-mm-60-cm\/"},"modified":"2025-08-04T09:03:23","modified_gmt":"2025-08-04T07:03:23","slug":"lesa-piele-cu-trei-inele-si-arc-12-mm-60-cm","status":"publish","type":"product","link":"https:\/\/faberpet.ro\/stage\/produs\/lesa-piele-cu-trei-inele-si-arc-12-mm-60-cm\/","title":{"rendered":"Lesa piele cu trei inele si arc 12 mm\/60 cm"},"content":{"rendered":"<p>Este realizat din piele natural\u0103 de caliatate. Lesa este ideal\u0103 at\u00e2t \u00een perioada de dresaj c\u00e2t \u015fi pentru plimb\u0103rile zilnice ale c\u00e2inilor de talie medie sau mare, activi, puternici, care solicit\u0103 un control mai riguros \u00een timpul deplas\u0103rii. \u00cent\u0103riturile din metal, dispuse la nivelul \u00eembin\u0103rii m\u00e2nerului \u015fi a carabinei, asigur\u0103 un plus de rezisten\u0163\u0103 acestor zone, relativ sensibile din structura unei lese. Mecanismul de absor\u021bie (arcul) a \u0219ocurilor \u00eempiedic\u0103 r\u0103nirea accidental\u0103 a c\u00e2inelui \u00een timpul trac\u021biunilor bruste. Carabiniera este metalic\u0103, se poate ata\u0219a \u0219i deta\u0219a u\u0219or de zgarda c\u0103inelui. Are un sistem, care \u00eempiedic\u0103 deschiderea accidental\u0103 a acestuia. este u\u0219or de \u00eentre\u021binut prin sp\u0103lare cu ap\u0103 cald\u0103 \u015fi un detergent lipsit de toxicitate pentru animalele de companie. Dimensiuni les\u0103: l\u0103\u021bime 1, 2 cm \u0219i lungime 60 cm, grosime 6 mm.<\/p>\n","protected":false},"excerpt":{"rendered":"<p>Este realizat din piele natural\u0103 de caliatate. Lesa este ideal\u0103 at\u00e2t \u00een perioada de dresaj c\u00e2t \u015fi pentru plimb\u0103rile zilnice ale c\u00e2inilor de talie medie sau mare, activi, puternici, care solicit\u0103 un control mai riguros \u00een timpul deplas\u0103rii. \u00cent\u0103riturile din metal, dispuse la nivelul \u00eembin\u0103rii m\u00e2nerului \u015fi a carabinei, asigur\u0103 un plus de rezisten\u0163\u0103 acestor [&hellip;]<\/p>\n","protected":false},"featured_media":9610,"template":"","meta":[],"product_brand":[],"product_cat":[168,935,1395],"product_tag":[846,1411,1384],"class_list":{"0":"post-4611","1":"product","2":"type-product","3":"status-publish","4":"has-post-thumbnail","6":"product_cat-caini","7":"product_cat-lese","8":"product_cat-lese-piele","9":"product_tag-lesa-piele","10":"product_tag-lesa-pisica","11":"product_tag-lese-caini","13":"first","14":"instock","15":"shipping-taxable","16":"purchasable","17":"product-type-simple"},"_links":{"self":[{"href":"https:\/\/faberpet.ro\/stage\/wp-json\/wp\/v2\/product\/4611","targetHints":{"allow":["GET"]}}],"collection":[{"href":"https:\/\/faberpet.ro\/stage\/wp-json\/wp\/v2\/product"}],"about":[{"href":"https:\/\/faberpet.ro\/stage\/wp-json\/wp\/v2\/types\/product"}],"wp:featuredmedia":[{"embeddable":true,"href":"https:\/\/faberpet.ro\/stage\/wp-json\/wp\/v2\/media\/9610"}],"wp:attachment":[{"href":"https:\/\/faberpet.ro\/stage\/wp-json\/wp\/v2\/media?parent=4611"}],"wp:term":[{"taxonomy":"product_brand","embeddable":true,"href":"https:\/\/faberpet.ro\/stage\/wp-json\/wp\/v2\/product_brand?post=4611"},{"taxonomy":"product_cat","embeddable":true,"href":"https:\/\/faberpet.ro\/stage\/wp-json\/wp\/v2\/product_cat?post=4611"},{"taxonomy":"product_tag","embeddable":true,"href":"https:\/\/faberpet.ro\/stage\/wp-json\/wp\/v2\/product_tag?post=4611"}],"curies":[{"name":"wp","href":"https:\/\/api.w.org\/{rel}","templated":true}]}}