{"id":4612,"date":"2024-10-21T20:32:58","date_gmt":"2024-10-21T17:32:58","guid":{"rendered":"https:\/\/faberpet.ro\/stage\/produs\/lesa-piele-25-mm170-cm\/"},"modified":"2025-08-04T09:03:38","modified_gmt":"2025-08-04T07:03:38","slug":"lesa-piele-25-mm170-cm","status":"publish","type":"product","link":"https:\/\/faberpet.ro\/stage\/produs\/lesa-piele-25-mm170-cm\/","title":{"rendered":"Lesa piele 25 mm*170 cm"},"content":{"rendered":"<p>Les\u0103 piele este realizat din piele natural\u0103. Poate fi folosit\u0103, \u00een timpul plimb\u0103rilor prin spa\u021bii largi, pu\u021bin populate, c\u00e2nd dore\u0219ti s\u0103 oferi mai mult\u0103 libertate de mi\u0219care c\u00e2inelui. Rezistent\u0103 \u0219i calitatea produsului permite folosirea acestuia \u00een cazul tuturor c\u00e2inilor indiferent de talia acestora. Carabiniera este metalic\u0103, se poate ata\u0219a \u0219i deta\u0219a u\u0219or de zgarda c\u00e2inelui. Are un sistem, care \u00eempiedic\u0103 deschiderea accidental\u0103 a acestuia. Dimensiuni les\u0103: l\u0103\u021bime 2, 5 cm \u0219i lungime 170 cm.<\/p>\n","protected":false},"excerpt":{"rendered":"<p>Les\u0103 piele este realizat din piele natural\u0103. Poate fi folosit\u0103, \u00een timpul plimb\u0103rilor prin spa\u021bii largi, pu\u021bin populate, c\u00e2nd dore\u0219ti s\u0103 oferi mai mult\u0103 libertate de mi\u0219care c\u00e2inelui. Rezistent\u0103 \u0219i calitatea produsului permite folosirea acestuia \u00een cazul tuturor c\u00e2inilor indiferent de talia acestora. Carabiniera este metalic\u0103, se poate ata\u0219a \u0219i deta\u0219a u\u0219or de zgarda c\u00e2inelui. [&hellip;]<\/p>\n","protected":false},"featured_media":9611,"template":"","meta":[],"product_brand":[],"product_cat":[168,935,1395],"product_tag":[1414,1412,1413],"class_list":{"0":"post-4612","1":"product","2":"type-product","3":"status-publish","4":"has-post-thumbnail","6":"product_cat-caini","7":"product_cat-lese","8":"product_cat-lese-piele","9":"product_tag-lesa-din-piele-sintetica","10":"product_tag-lesa-piele-caini","11":"product_tag-piele-naturala-caini","13":"first","14":"instock","15":"shipping-taxable","16":"purchasable","17":"product-type-simple"},"_links":{"self":[{"href":"https:\/\/faberpet.ro\/stage\/wp-json\/wp\/v2\/product\/4612","targetHints":{"allow":["GET"]}}],"collection":[{"href":"https:\/\/faberpet.ro\/stage\/wp-json\/wp\/v2\/product"}],"about":[{"href":"https:\/\/faberpet.ro\/stage\/wp-json\/wp\/v2\/types\/product"}],"wp:featuredmedia":[{"embeddable":true,"href":"https:\/\/faberpet.ro\/stage\/wp-json\/wp\/v2\/media\/9611"}],"wp:attachment":[{"href":"https:\/\/faberpet.ro\/stage\/wp-json\/wp\/v2\/media?parent=4612"}],"wp:term":[{"taxonomy":"product_brand","embeddable":true,"href":"https:\/\/faberpet.ro\/stage\/wp-json\/wp\/v2\/product_brand?post=4612"},{"taxonomy":"product_cat","embeddable":true,"href":"https:\/\/faberpet.ro\/stage\/wp-json\/wp\/v2\/product_cat?post=4612"},{"taxonomy":"product_tag","embeddable":true,"href":"https:\/\/faberpet.ro\/stage\/wp-json\/wp\/v2\/product_tag?post=4612"}],"curies":[{"name":"wp","href":"https:\/\/api.w.org\/{rel}","templated":true}]}}