{"id":4613,"date":"2024-10-21T20:32:58","date_gmt":"2024-10-21T17:32:58","guid":{"rendered":"https:\/\/faberpet.ro\/stage\/produs\/lesa-retractabila-flexi-new-classic-xs-cu-snur-3-m-8-kg\/"},"modified":"2025-08-04T09:03:56","modified_gmt":"2025-08-04T07:03:56","slug":"lesa-retractabila-flexi-new-classic-xs-cu-snur-3-m-8-kg","status":"publish","type":"product","link":"https:\/\/faberpet.ro\/stage\/produs\/lesa-retractabila-flexi-new-classic-xs-cu-snur-3-m-8-kg\/","title":{"rendered":"Lesa retractabila FLEXI NEW CLASSIC XS cu snur 3 m 8 kg"},"content":{"rendered":"<p>Lesa retractabil\u0103 FLEXI NEW CLASSIC are o lungime de 3 metri \u0219i este ideal\u0103 pentru plimb\u0103rile c\u00e2inilor de p\u00e2n\u0103 la 8 kg. C\u0103\u021belul are libertate de mi\u0219care, afl\u0103ndu- se \u00een acela\u0219i timp sub controlul dumneavoastr\u0103, datorit\u0103 sistemului de fr\u00e2nare rapid\u0103. Prin sistemul de blocare, lesa poate fi oprit\u0103 imediat pentru a evita un pericol, sau poate fi blocat\u0103 pentru mersul la pas. Sistemul de retrac\u021bie al lesei este sigur \u0219i nu se deformeaz\u0103 la solicit\u0103ri intense. Carabiniera este inox, se poate ata\u0219a \u0219i deta\u0219a u\u0219or de zgarda c\u0103inelui. Nu exist\u0103 riscul de a se \u00eencurca sau de a provoca accidente. Construc\u021bie robust\u0103, elegant\u0103 cu un design clasic. M\u00e2ner confortabil. Nu folosi\u021bi lesa \u00een alt scop dec\u00e2t cel pentru care a fost creat\u0103.<\/p>\n","protected":false},"excerpt":{"rendered":"<p>Lesa retractabil\u0103 FLEXI NEW CLASSIC are o lungime de 3 metri \u0219i este ideal\u0103 pentru plimb\u0103rile c\u00e2inilor de p\u00e2n\u0103 la 8 kg. C\u0103\u021belul are libertate de mi\u0219care, afl\u0103ndu- se \u00een acela\u0219i timp sub controlul dumneavoastr\u0103, datorit\u0103 sistemului de fr\u00e2nare rapid\u0103. Prin sistemul de blocare, lesa poate fi oprit\u0103 imediat pentru a evita un pericol, sau [&hellip;]<\/p>\n","protected":false},"featured_media":9612,"template":"","meta":[],"product_brand":[],"product_cat":[168,935,1418],"product_tag":[1417,1416,1415],"class_list":{"0":"post-4613","1":"product","2":"type-product","3":"status-publish","4":"has-post-thumbnail","6":"product_cat-caini","7":"product_cat-lese","8":"product_cat-lese-retractabile","9":"product_tag-flexi-classic","10":"product_tag-lese-cu-vesta","11":"product_tag-lese-retractabile","13":"first","14":"instock","15":"shipping-taxable","16":"purchasable","17":"product-type-simple"},"_links":{"self":[{"href":"https:\/\/faberpet.ro\/stage\/wp-json\/wp\/v2\/product\/4613","targetHints":{"allow":["GET"]}}],"collection":[{"href":"https:\/\/faberpet.ro\/stage\/wp-json\/wp\/v2\/product"}],"about":[{"href":"https:\/\/faberpet.ro\/stage\/wp-json\/wp\/v2\/types\/product"}],"wp:featuredmedia":[{"embeddable":true,"href":"https:\/\/faberpet.ro\/stage\/wp-json\/wp\/v2\/media\/9612"}],"wp:attachment":[{"href":"https:\/\/faberpet.ro\/stage\/wp-json\/wp\/v2\/media?parent=4613"}],"wp:term":[{"taxonomy":"product_brand","embeddable":true,"href":"https:\/\/faberpet.ro\/stage\/wp-json\/wp\/v2\/product_brand?post=4613"},{"taxonomy":"product_cat","embeddable":true,"href":"https:\/\/faberpet.ro\/stage\/wp-json\/wp\/v2\/product_cat?post=4613"},{"taxonomy":"product_tag","embeddable":true,"href":"https:\/\/faberpet.ro\/stage\/wp-json\/wp\/v2\/product_tag?post=4613"}],"curies":[{"name":"wp","href":"https:\/\/api.w.org\/{rel}","templated":true}]}}