{"id":4617,"date":"2024-10-21T20:32:58","date_gmt":"2024-10-21T17:32:58","guid":{"rendered":"https:\/\/faberpet.ro\/stage\/produs\/lesa-retractabila-s-cu-banda-3-m-12-kg\/"},"modified":"2025-10-14T14:32:22","modified_gmt":"2025-10-14T12:32:22","slug":"lesa-retractabila-s-cu-banda-3-m-12-kg","status":"publish","type":"product","link":"https:\/\/faberpet.ro\/stage\/produs\/lesa-retractabila-s-cu-banda-3-m-12-kg\/","title":{"rendered":"Lesa retractabila S cu banda 3 m 12 kg"},"content":{"rendered":"<p>Are o lungime de 3 metri \u0219i este ideal\u0103 pentru plimb\u0103rile c\u00e2inilor de p\u00e2n\u0103 la 12 kg. C\u0103\u021belul are libertate de mi\u0219care, afl\u00e2ndu- se \u00een acela\u0219i timp sub controlul dumneavoastr\u0103, datorit\u0103 sistemului de fr\u00e2nare rapid\u0103. Prin sistemul de blocare, lesa poate fi oprit\u0103 imediat pentru a evita un pericol, sau poate fi blocat\u0103 pentru mersul la pas. Carabiniera este metal cromat, se poate ata\u0219a \u0219i deta\u0219a u\u0219or de zgarda c\u00e2inelui. Fiind cu band\u0103, nu exist\u0103 riscul de a se \u00eencurca sau de a provoca accidente. Construc\u021bie robust\u0103, elegant\u0103 cu un design clasic. M\u00e2ner confortabil. Nu folosi\u021bi lesa \u00een alt scop dec\u00e2t cel pentru care a fost creat\u0103.<\/p>\n","protected":false},"excerpt":{"rendered":"<p>Are o lungime de 3 metri \u0219i este ideal\u0103 pentru plimb\u0103rile c\u00e2inilor de p\u00e2n\u0103 la 12 kg. C\u0103\u021belul are libertate de mi\u0219care, afl\u00e2ndu- se \u00een acela\u0219i timp sub controlul dumneavoastr\u0103, datorit\u0103 sistemului de fr\u00e2nare rapid\u0103. Prin sistemul de blocare, lesa poate fi oprit\u0103 imediat pentru a evita un pericol, sau poate fi blocat\u0103 pentru mersul [&hellip;]<\/p>\n","protected":false},"featured_media":14371,"template":"","meta":[],"product_brand":[],"product_cat":[168,935,1418],"product_tag":[865,870,1421],"class_list":{"0":"post-4617","1":"product","2":"type-product","3":"status-publish","4":"has-post-thumbnail","6":"product_cat-caini","7":"product_cat-lese","8":"product_cat-lese-retractabile","9":"product_tag-lesa-caini","10":"product_tag-lesa-retractabila","11":"product_tag-lese-profesionale","13":"first","14":"instock","15":"shipping-taxable","16":"purchasable","17":"product-type-simple"},"_links":{"self":[{"href":"https:\/\/faberpet.ro\/stage\/wp-json\/wp\/v2\/product\/4617","targetHints":{"allow":["GET"]}}],"collection":[{"href":"https:\/\/faberpet.ro\/stage\/wp-json\/wp\/v2\/product"}],"about":[{"href":"https:\/\/faberpet.ro\/stage\/wp-json\/wp\/v2\/types\/product"}],"wp:featuredmedia":[{"embeddable":true,"href":"https:\/\/faberpet.ro\/stage\/wp-json\/wp\/v2\/media\/14371"}],"wp:attachment":[{"href":"https:\/\/faberpet.ro\/stage\/wp-json\/wp\/v2\/media?parent=4617"}],"wp:term":[{"taxonomy":"product_brand","embeddable":true,"href":"https:\/\/faberpet.ro\/stage\/wp-json\/wp\/v2\/product_brand?post=4617"},{"taxonomy":"product_cat","embeddable":true,"href":"https:\/\/faberpet.ro\/stage\/wp-json\/wp\/v2\/product_cat?post=4617"},{"taxonomy":"product_tag","embeddable":true,"href":"https:\/\/faberpet.ro\/stage\/wp-json\/wp\/v2\/product_tag?post=4617"}],"curies":[{"name":"wp","href":"https:\/\/api.w.org\/{rel}","templated":true}]}}