{"id":4642,"date":"2024-10-21T20:33:02","date_gmt":"2024-10-21T17:33:02","guid":{"rendered":"https:\/\/faberpet.ro\/stage\/produs\/lesa-cordelina-15-mm-120-cm\/"},"modified":"2025-08-04T09:14:04","modified_gmt":"2025-08-04T07:14:04","slug":"lesa-cordelina-15-mm-120-cm","status":"publish","type":"product","link":"https:\/\/faberpet.ro\/stage\/produs\/lesa-cordelina-15-mm-120-cm\/","title":{"rendered":"Lesa cordelina 15 mm\/120 cm"},"content":{"rendered":"<p>Confec\u021bionat\u0103 din \u021bes\u0103tur\u0103 rotund\u0103 din nylon (cordelin\u0103) de calitate. \u00cent\u0103riturile din piele natural\u0103, dispuse la nivelul \u00eembin\u0103rii m\u00e2nerului \u015fi a carabinei, asigur\u0103 un plus de rezistent\u0103 acestor zone, relativ sensibile din structura unei lese. Lesa este ideal\u0103 at\u00e2t \u00een perioada de dresaj c\u00e2t \u0219i pentru plimb\u0103rile zilnice ale c\u00e2inilor activi, puternici, care solicit\u0103 un control mai riguros \u00een timpul deplas\u0103rii. Design- ul ergonomic ofer\u0103 o senza\u021bie de confort sporit. Carabiniera este metalic\u0103, se poate ata\u0219a \u0219i deta\u0219a u\u0219or de zgarda c\u00e2inelui. Are un sistem, care \u00eempiedic\u0103 deschiderea accidental\u0103 a acestuia. este u\u0219or de \u00eentre\u021binut prin sp\u0103lare cu ap\u0103 cald\u0103 \u0219i un detergent lipsit de toxicitate pentru animalele de companie.<\/p>\n<p>Dimensiuni les\u0103: l\u0103\u021bime 1, 5 cm \u0219i lungime 120 cm.<\/p>\n<p>IMPORTANT: Acest produs este disponibil \u00een diverse culori, a\u0219adar nu putem garanta livrarea unei anumite culori.<\/p>\n","protected":false},"excerpt":{"rendered":"<p>Confec\u021bionat\u0103 din \u021bes\u0103tur\u0103 rotund\u0103 din nylon (cordelin\u0103) de calitate. \u00cent\u0103riturile din piele natural\u0103, dispuse la nivelul \u00eembin\u0103rii m\u00e2nerului \u015fi a carabinei, asigur\u0103 un plus de rezistent\u0103 acestor zone, relativ sensibile din structura unei lese. Lesa este ideal\u0103 at\u00e2t \u00een perioada de dresaj c\u00e2t \u0219i pentru plimb\u0103rile zilnice ale c\u00e2inilor activi, puternici, care solicit\u0103 un control [&hellip;]<\/p>\n","protected":false},"featured_media":9643,"template":"","meta":[],"product_brand":[],"product_cat":[168,935,1446],"product_tag":[1425,1453,1451],"class_list":{"0":"post-4642","1":"product","2":"type-product","3":"status-publish","4":"has-post-thumbnail","6":"product_cat-caini","7":"product_cat-lese","8":"product_cat-lese-cordelina","9":"product_tag-lesa-animale","10":"product_tag-lesa-caini-cordelina","11":"product_tag-lesa-cu-carabina","13":"first","14":"instock","15":"shipping-taxable","16":"purchasable","17":"product-type-simple"},"_links":{"self":[{"href":"https:\/\/faberpet.ro\/stage\/wp-json\/wp\/v2\/product\/4642","targetHints":{"allow":["GET"]}}],"collection":[{"href":"https:\/\/faberpet.ro\/stage\/wp-json\/wp\/v2\/product"}],"about":[{"href":"https:\/\/faberpet.ro\/stage\/wp-json\/wp\/v2\/types\/product"}],"wp:featuredmedia":[{"embeddable":true,"href":"https:\/\/faberpet.ro\/stage\/wp-json\/wp\/v2\/media\/9643"}],"wp:attachment":[{"href":"https:\/\/faberpet.ro\/stage\/wp-json\/wp\/v2\/media?parent=4642"}],"wp:term":[{"taxonomy":"product_brand","embeddable":true,"href":"https:\/\/faberpet.ro\/stage\/wp-json\/wp\/v2\/product_brand?post=4642"},{"taxonomy":"product_cat","embeddable":true,"href":"https:\/\/faberpet.ro\/stage\/wp-json\/wp\/v2\/product_cat?post=4642"},{"taxonomy":"product_tag","embeddable":true,"href":"https:\/\/faberpet.ro\/stage\/wp-json\/wp\/v2\/product_tag?post=4642"}],"curies":[{"name":"wp","href":"https:\/\/api.w.org\/{rel}","templated":true}]}}