{"id":4645,"date":"2024-10-21T20:33:02","date_gmt":"2024-10-21T17:33:02","guid":{"rendered":"https:\/\/faberpet.ro\/stage\/produs\/lesa-cablu-otel-invelita-6-5-mm-120-cm\/"},"modified":"2025-08-04T09:15:39","modified_gmt":"2025-08-04T07:15:39","slug":"lesa-cablu-otel-invelita-6-5-mm-120-cm","status":"publish","type":"product","link":"https:\/\/faberpet.ro\/stage\/produs\/lesa-cablu-otel-invelita-6-5-mm-120-cm\/","title":{"rendered":"Lesa cablu otel, invelita 6.5 mm\/120 cm"},"content":{"rendered":"<p>Fabricat din o\u021bel durabil, \u00eenveli\u0219ul din PVC al cablului previne degradare rapid\u0103 (ruginirea) a acestuia sub ac\u021biunea condi\u021biilor atmosferice (umezeala, ploi, etc). Poate fi folosit\u0103, \u00een timpul plimb\u0103rilor prin spa\u021bii largi, pu\u021bin populate, c\u00e2nd dore\u0219ti s\u0103 oferi mai mult\u0103 libertate de mi\u0219care c\u00e2inelui. Rezistent\u0103 \u0219i calitatea produsului permite folosirea acestuia \u00een cazul tuturor c\u00e2inilor indiferent de talia acestora. Carabiniera este metalic\u0103, se poate ata\u0219a \u0219i deta\u0219a u\u0219or de zgarda c\u00e2inelui. Are un sistem, care \u00eempiedic\u0103 deschiderea accidental\u0103 a carabinierei. U\u0219or de \u00eentre\u021binut prin sp\u0103lare manual\u0103 cu ap\u0103 cald\u0103 \u0219i detergent. Dimensiuni les\u0103: l\u0103\u021bime 0, 65 cm \u0219i lungime 120 cm. IMPORTANT: Acest produs este disponibil \u00een diverse culori, a\u0219adar nu putem garanta livrarea unei anumite culori.<\/p>\n","protected":false},"excerpt":{"rendered":"<p>Fabricat din o\u021bel durabil, \u00eenveli\u0219ul din PVC al cablului previne degradare rapid\u0103 (ruginirea) a acestuia sub ac\u021biunea condi\u021biilor atmosferice (umezeala, ploi, etc). Poate fi folosit\u0103, \u00een timpul plimb\u0103rilor prin spa\u021bii largi, pu\u021bin populate, c\u00e2nd dore\u0219ti s\u0103 oferi mai mult\u0103 libertate de mi\u0219care c\u00e2inelui. Rezistent\u0103 \u0219i calitatea produsului permite folosirea acestuia \u00een cazul tuturor c\u00e2inilor indiferent [&hellip;]<\/p>\n","protected":false},"featured_media":9646,"template":"","meta":[],"product_brand":[],"product_cat":[168,935,1446],"product_tag":[1457,1456,1458],"class_list":{"0":"post-4645","1":"product","2":"type-product","3":"status-publish","4":"has-post-thumbnail","6":"product_cat-caini","7":"product_cat-lese","8":"product_cat-lese-cordelina","9":"product_tag-cablu-otel","10":"product_tag-lesa-caine-cablu","11":"product_tag-lesa-invelita-caini","13":"first","14":"instock","15":"shipping-taxable","16":"purchasable","17":"product-type-simple"},"_links":{"self":[{"href":"https:\/\/faberpet.ro\/stage\/wp-json\/wp\/v2\/product\/4645","targetHints":{"allow":["GET"]}}],"collection":[{"href":"https:\/\/faberpet.ro\/stage\/wp-json\/wp\/v2\/product"}],"about":[{"href":"https:\/\/faberpet.ro\/stage\/wp-json\/wp\/v2\/types\/product"}],"wp:featuredmedia":[{"embeddable":true,"href":"https:\/\/faberpet.ro\/stage\/wp-json\/wp\/v2\/media\/9646"}],"wp:attachment":[{"href":"https:\/\/faberpet.ro\/stage\/wp-json\/wp\/v2\/media?parent=4645"}],"wp:term":[{"taxonomy":"product_brand","embeddable":true,"href":"https:\/\/faberpet.ro\/stage\/wp-json\/wp\/v2\/product_brand?post=4645"},{"taxonomy":"product_cat","embeddable":true,"href":"https:\/\/faberpet.ro\/stage\/wp-json\/wp\/v2\/product_cat?post=4645"},{"taxonomy":"product_tag","embeddable":true,"href":"https:\/\/faberpet.ro\/stage\/wp-json\/wp\/v2\/product_tag?post=4645"}],"curies":[{"name":"wp","href":"https:\/\/api.w.org\/{rel}","templated":true}]}}