{"id":4648,"date":"2024-10-21T20:33:03","date_gmt":"2024-10-21T17:33:03","guid":{"rendered":"https:\/\/faberpet.ro\/stage\/produs\/lesa-cordelina-cu-maner-cuplabil-18-mm-60-cm\/"},"modified":"2025-08-04T09:16:44","modified_gmt":"2025-08-04T07:16:44","slug":"lesa-cordelina-cu-maner-cuplabil-18-mm-60-cm","status":"publish","type":"product","link":"https:\/\/faberpet.ro\/stage\/produs\/lesa-cordelina-cu-maner-cuplabil-18-mm-60-cm\/","title":{"rendered":"Lesa cordelina cu maner cuplabil 18 mm\/60 cm"},"content":{"rendered":"<p>Confec\u021bionat\u0103 din \u021bes\u0103tur\u0103 rotund\u0103 din nylon (cordelin\u0103) de calitate. \u00cent\u0103ritura din plastic dispuse la nivelul carabinei, asigur\u0103 un plus de rezisten\u0163\u0103 acestor zone, relativ sensibile din structura unei lese. Lesa este ideal\u0103 pentru plimb\u0103rile zilnice ale c\u00e2inilor de talie medie sau mare, activi, puternici, care solicit\u0103 un control mai riguros \u00een timpul deplas\u0103rii. Carabiniera este metalic\u0103, se poate ata\u0219a \u0219i deta\u0219a u\u0219or de zgarda c\u0103inelui. Are un sistem, care \u00eempiedic\u0103 deschiderea accidental\u0103 a acestuia. M\u00e2ner din material sintetic c\u0103ptu\u0219it rezistent. este u\u0219or de \u00eentre\u021binut prin sp\u0103lare cu ap\u0103 cald\u0103 \u015fi un detergent lipsit de toxicitate pentru animalele de companie. Dimensiuni les\u0103: l\u0103\u021bime 1, 8 cm \u0219i lungime 60 cm. IMPORTANT: Acest produs este disponibil \u00een diverse culori, a\u0219adar nu putem garanta livrarea unei anumite culori.<\/p>\n","protected":false},"excerpt":{"rendered":"<p>Confec\u021bionat\u0103 din \u021bes\u0103tur\u0103 rotund\u0103 din nylon (cordelin\u0103) de calitate. \u00cent\u0103ritura din plastic dispuse la nivelul carabinei, asigur\u0103 un plus de rezisten\u0163\u0103 acestor zone, relativ sensibile din structura unei lese. Lesa este ideal\u0103 pentru plimb\u0103rile zilnice ale c\u00e2inilor de talie medie sau mare, activi, puternici, care solicit\u0103 un control mai riguros \u00een timpul deplas\u0103rii. Carabiniera este [&hellip;]<\/p>\n","protected":false},"featured_media":9649,"template":"","meta":[],"product_brand":[],"product_cat":[168,935,1446],"product_tag":[1465,1463,1464],"class_list":{"0":"post-4648","1":"product","2":"type-product","3":"status-publish","4":"has-post-thumbnail","6":"product_cat-caini","7":"product_cat-lese","8":"product_cat-lese-cordelina","9":"product_tag-cordelina-cu-maner","10":"product_tag-lesa-maner","11":"product_tag-lese-scurti","13":"first","14":"instock","15":"shipping-taxable","16":"purchasable","17":"product-type-simple"},"_links":{"self":[{"href":"https:\/\/faberpet.ro\/stage\/wp-json\/wp\/v2\/product\/4648","targetHints":{"allow":["GET"]}}],"collection":[{"href":"https:\/\/faberpet.ro\/stage\/wp-json\/wp\/v2\/product"}],"about":[{"href":"https:\/\/faberpet.ro\/stage\/wp-json\/wp\/v2\/types\/product"}],"wp:featuredmedia":[{"embeddable":true,"href":"https:\/\/faberpet.ro\/stage\/wp-json\/wp\/v2\/media\/9649"}],"wp:attachment":[{"href":"https:\/\/faberpet.ro\/stage\/wp-json\/wp\/v2\/media?parent=4648"}],"wp:term":[{"taxonomy":"product_brand","embeddable":true,"href":"https:\/\/faberpet.ro\/stage\/wp-json\/wp\/v2\/product_brand?post=4648"},{"taxonomy":"product_cat","embeddable":true,"href":"https:\/\/faberpet.ro\/stage\/wp-json\/wp\/v2\/product_cat?post=4648"},{"taxonomy":"product_tag","embeddable":true,"href":"https:\/\/faberpet.ro\/stage\/wp-json\/wp\/v2\/product_tag?post=4648"}],"curies":[{"name":"wp","href":"https:\/\/api.w.org\/{rel}","templated":true}]}}