{"id":4654,"date":"2024-10-21T20:33:04","date_gmt":"2024-10-21T17:33:04","guid":{"rendered":"https:\/\/faberpet.ro\/stage\/produs\/lesa-piele-10-mm-120-cm\/"},"modified":"2025-08-04T09:21:46","modified_gmt":"2025-08-04T07:21:46","slug":"lesa-piele-10-mm-120-cm","status":"publish","type":"product","link":"https:\/\/faberpet.ro\/stage\/produs\/lesa-piele-10-mm-120-cm\/","title":{"rendered":"Lesa piele 10 mm\/120 cm"},"content":{"rendered":"<p>Este realizat din piele. Poate fi folosit\u0103, \u00een timpul plimb\u0103rilor prin spa\u021bii largi, pu\u021bin populate, c\u00e2nd dore\u015fti s\u0103 oferi mai mult\u0103 libertate de mi\u0219care c\u00e2inelui. Carabiniera este metalic\u0103, se poate ata\u0219a \u0219i deta\u0219a u\u0219or de zgarda c\u0103inelui. Are un sistem, care \u00eempiedic\u0103 deschiderea accidental\u0103 a acestuia. U\u0219or de \u00eentre\u021binut prin sp\u0103lare manual\u0103 cu ap\u0103 cald\u0103 \u0219i detergent. Rezistent\u0103. Dimensiuni les\u0103: l\u0103\u021bime 1 cm \u0219i lungime 120 cm. IMPORTANT: Acest produs este disponibil \u00een diverse culori, a\u0219adar nu putem garanta livrarea unei anumite culori.<\/p>\n","protected":false},"excerpt":{"rendered":"<p>Este realizat din piele. Poate fi folosit\u0103, \u00een timpul plimb\u0103rilor prin spa\u021bii largi, pu\u021bin populate, c\u00e2nd dore\u015fti s\u0103 oferi mai mult\u0103 libertate de mi\u0219care c\u00e2inelui. Carabiniera este metalic\u0103, se poate ata\u0219a \u0219i deta\u0219a u\u0219or de zgarda c\u0103inelui. Are un sistem, care \u00eempiedic\u0103 deschiderea accidental\u0103 a acestuia. U\u0219or de \u00eentre\u021binut prin sp\u0103lare manual\u0103 cu ap\u0103 cald\u0103 [&hellip;]<\/p>\n","protected":false},"featured_media":9655,"template":"","meta":[],"product_brand":[],"product_cat":[168,935,1396,1395,911,171],"product_tag":[1461,1471,1472],"class_list":{"0":"post-4654","1":"product","2":"type-product","3":"status-publish","4":"has-post-thumbnail","6":"product_cat-caini","7":"product_cat-lese","8":"product_cat-lese-piele-lese-pisici","9":"product_cat-lese-piele","10":"product_cat-lese-pisici","11":"product_cat-pisici","12":"product_tag-accesorii-caine","13":"product_tag-cordelina-impletita","14":"product_tag-lesa-piele-caine","16":"first","17":"instock","18":"shipping-taxable","19":"purchasable","20":"product-type-simple"},"_links":{"self":[{"href":"https:\/\/faberpet.ro\/stage\/wp-json\/wp\/v2\/product\/4654","targetHints":{"allow":["GET"]}}],"collection":[{"href":"https:\/\/faberpet.ro\/stage\/wp-json\/wp\/v2\/product"}],"about":[{"href":"https:\/\/faberpet.ro\/stage\/wp-json\/wp\/v2\/types\/product"}],"wp:featuredmedia":[{"embeddable":true,"href":"https:\/\/faberpet.ro\/stage\/wp-json\/wp\/v2\/media\/9655"}],"wp:attachment":[{"href":"https:\/\/faberpet.ro\/stage\/wp-json\/wp\/v2\/media?parent=4654"}],"wp:term":[{"taxonomy":"product_brand","embeddable":true,"href":"https:\/\/faberpet.ro\/stage\/wp-json\/wp\/v2\/product_brand?post=4654"},{"taxonomy":"product_cat","embeddable":true,"href":"https:\/\/faberpet.ro\/stage\/wp-json\/wp\/v2\/product_cat?post=4654"},{"taxonomy":"product_tag","embeddable":true,"href":"https:\/\/faberpet.ro\/stage\/wp-json\/wp\/v2\/product_tag?post=4654"}],"curies":[{"name":"wp","href":"https:\/\/api.w.org\/{rel}","templated":true}]}}