{"id":4673,"date":"2024-10-21T20:33:06","date_gmt":"2024-10-21T17:33:06","guid":{"rendered":"https:\/\/faberpet.ro\/stage\/produs\/lesa-piele-impletita-pentru-cai-15-mm-90-cm\/"},"modified":"2025-11-24T15:04:34","modified_gmt":"2025-11-24T13:04:34","slug":"lesa-piele-impletita-pentru-cai-15-mm-90-cm","status":"publish","type":"product","link":"https:\/\/faberpet.ro\/stage\/produs\/lesa-piele-impletita-pentru-cai-15-mm-90-cm\/","title":{"rendered":"Lesa piele impletita pentru cai 15 mm\/90 cm"},"content":{"rendered":"<p>Les\u0103 de \u00eenalt\u0103 calitate, din piele natural\u0103 moale, \u00eempletit\u0103 folosit\u0103 pentru hamurile de cai, cu sistem de prindere \u0219i aplica\u021bii din alam\u0103. Rezistent\u0103. Carabiniera este metalic\u0103, se poate ata\u0219a \u0219i deta\u0219a u\u0219or. Are un sistem, care \u00eempiedic\u0103 deschiderea accidental\u0103 a acestuia. U\u0219or de \u00eentre\u021binut prin sp\u0103lare manual\u0103 cu ap\u0103 cald\u0103 \u0219i detergent. Dimensiuni les\u0103: l\u0103\u021bime 1, 5 cm \u0219i lungime 90 cm.<\/p>\n","protected":false},"excerpt":{"rendered":"<p>Les\u0103 de \u00eenalt\u0103 calitate, din piele natural\u0103 moale, \u00eempletit\u0103 folosit\u0103 pentru hamurile de cai, cu sistem de prindere \u0219i aplica\u021bii din alam\u0103. Rezistent\u0103. Carabiniera este metalic\u0103, se poate ata\u0219a \u0219i deta\u0219a u\u0219or. Are un sistem, care \u00eempiedic\u0103 deschiderea accidental\u0103 a acestuia. U\u0219or de \u00eentre\u021binut prin sp\u0103lare manual\u0103 cu ap\u0103 cald\u0103 \u0219i detergent. Dimensiuni les\u0103: l\u0103\u021bime [&hellip;]<\/p>\n","protected":false},"featured_media":9674,"template":"","meta":[],"product_brand":[],"product_cat":[167,168,935,1395],"product_tag":[1486,1487,1473],"class_list":{"0":"post-4673","1":"product","2":"type-product","3":"status-publish","4":"has-post-thumbnail","6":"product_cat-cai-si-vaci","7":"product_cat-caini","8":"product_cat-lese","9":"product_cat-lese-piele","10":"product_tag-lesa-pentru-cai","11":"product_tag-lese-cai","12":"product_tag-piele-impletita","14":"first","15":"instock","16":"shipping-taxable","17":"purchasable","18":"product-type-simple"},"_links":{"self":[{"href":"https:\/\/faberpet.ro\/stage\/wp-json\/wp\/v2\/product\/4673","targetHints":{"allow":["GET"]}}],"collection":[{"href":"https:\/\/faberpet.ro\/stage\/wp-json\/wp\/v2\/product"}],"about":[{"href":"https:\/\/faberpet.ro\/stage\/wp-json\/wp\/v2\/types\/product"}],"wp:featuredmedia":[{"embeddable":true,"href":"https:\/\/faberpet.ro\/stage\/wp-json\/wp\/v2\/media\/9674"}],"wp:attachment":[{"href":"https:\/\/faberpet.ro\/stage\/wp-json\/wp\/v2\/media?parent=4673"}],"wp:term":[{"taxonomy":"product_brand","embeddable":true,"href":"https:\/\/faberpet.ro\/stage\/wp-json\/wp\/v2\/product_brand?post=4673"},{"taxonomy":"product_cat","embeddable":true,"href":"https:\/\/faberpet.ro\/stage\/wp-json\/wp\/v2\/product_cat?post=4673"},{"taxonomy":"product_tag","embeddable":true,"href":"https:\/\/faberpet.ro\/stage\/wp-json\/wp\/v2\/product_tag?post=4673"}],"curies":[{"name":"wp","href":"https:\/\/api.w.org\/{rel}","templated":true}]}}