{"id":4674,"date":"2024-10-21T20:33:07","date_gmt":"2024-10-21T17:33:07","guid":{"rendered":"https:\/\/faberpet.ro\/stage\/produs\/lesa-piele-dresaj-12-mm-200-cm\/"},"modified":"2025-08-04T09:27:12","modified_gmt":"2025-08-04T07:27:12","slug":"lesa-piele-dresaj-12-mm-200-cm","status":"publish","type":"product","link":"https:\/\/faberpet.ro\/stage\/produs\/lesa-piele-dresaj-12-mm-200-cm\/","title":{"rendered":"Lesa piele dresaj 12 mm\/200 cm"},"content":{"rendered":"<p>Este realizat din piele natural\u0103 de calitate. Aceast\u0103 les\u0103 sunt recomandate a se folosi tuturor raselor de c\u00e2ini de talie mic\u0103 \u0219i medie, pentru prezentare sau pentru dresaj. Poate fi reglat\u0103 pentru 3 lungimi. Utilitatea accesoriului nu se limiteaz\u0103 doar la perioada de dresaj, ci poate fi folosit\u0103 \u00een timpul plimb\u0103rilor cotidiene ale c\u00e2inelui. Carabiniera este metalic\u0103, se poate ata\u0219a \u0219i deta\u0219a u\u0219or de zgarda c\u0103inelui. Are un sistem, care \u00eempiedic\u0103 deschiderea accidental\u0103 a acestuia. U\u0219or de \u00eentre\u021binut prin sp\u0103lare manual\u0103 cu ap\u0103 cald\u0103 \u0219i detergent. Rezistent\u0103. Dimensiuni les\u0103: l\u0103\u021bime 1, 2 cm \u0219i lungime 200 cm.<\/p>\n","protected":false},"excerpt":{"rendered":"<p>Este realizat din piele natural\u0103 de calitate. Aceast\u0103 les\u0103 sunt recomandate a se folosi tuturor raselor de c\u00e2ini de talie mic\u0103 \u0219i medie, pentru prezentare sau pentru dresaj. Poate fi reglat\u0103 pentru 3 lungimi. Utilitatea accesoriului nu se limiteaz\u0103 doar la perioada de dresaj, ci poate fi folosit\u0103 \u00een timpul plimb\u0103rilor cotidiene ale c\u00e2inelui. Carabiniera [&hellip;]<\/p>\n","protected":false},"featured_media":9675,"template":"","meta":[],"product_brand":[],"product_cat":[168,935,1395],"product_tag":[1488,1489,1490],"class_list":{"0":"post-4674","1":"product","2":"type-product","3":"status-publish","4":"has-post-thumbnail","6":"product_cat-caini","7":"product_cat-lese","8":"product_cat-lese-piele","9":"product_tag-lese-caini-dresaj","10":"product_tag-lese-dresaj","11":"product_tag-piele-dresaj","13":"first","14":"instock","15":"shipping-taxable","16":"purchasable","17":"product-type-simple"},"_links":{"self":[{"href":"https:\/\/faberpet.ro\/stage\/wp-json\/wp\/v2\/product\/4674","targetHints":{"allow":["GET"]}}],"collection":[{"href":"https:\/\/faberpet.ro\/stage\/wp-json\/wp\/v2\/product"}],"about":[{"href":"https:\/\/faberpet.ro\/stage\/wp-json\/wp\/v2\/types\/product"}],"wp:featuredmedia":[{"embeddable":true,"href":"https:\/\/faberpet.ro\/stage\/wp-json\/wp\/v2\/media\/9675"}],"wp:attachment":[{"href":"https:\/\/faberpet.ro\/stage\/wp-json\/wp\/v2\/media?parent=4674"}],"wp:term":[{"taxonomy":"product_brand","embeddable":true,"href":"https:\/\/faberpet.ro\/stage\/wp-json\/wp\/v2\/product_brand?post=4674"},{"taxonomy":"product_cat","embeddable":true,"href":"https:\/\/faberpet.ro\/stage\/wp-json\/wp\/v2\/product_cat?post=4674"},{"taxonomy":"product_tag","embeddable":true,"href":"https:\/\/faberpet.ro\/stage\/wp-json\/wp\/v2\/product_tag?post=4674"}],"curies":[{"name":"wp","href":"https:\/\/api.w.org\/{rel}","templated":true}]}}